{"id":71,"date":"2014-04-04T17:51:01","date_gmt":"2014-04-04T16:51:01","guid":{"rendered":"http:\/\/localhost:8888\/projet1\/?page_id=71"},"modified":"2025-09-17T13:29:57","modified_gmt":"2025-09-17T12:29:57","slug":"modules","status":"publish","type":"page","link":"https:\/\/www.creastro.fr\/WP\/ateliers\/modules\/","title":{"rendered":"Les Ateliers-Conf\u00e9rences"},"content":{"rendered":"<div class=\"fusion-fullwidth fullwidth-box fusion-builder-row-1 fusion-flex-container nonhundred-percent-fullwidth non-hundred-percent-height-scrolling\" style=\"--awb-background-position:left top;--awb-border-sizes-top:0px;--awb-border-sizes-bottom:0px;--awb-border-sizes-left:0px;--awb-border-sizes-right:0px;--awb-border-radius-top-left:0px;--awb-border-radius-top-right:0px;--awb-border-radius-bottom-right:0px;--awb-border-radius-bottom-left:0px;--awb-padding-top:10px;--awb-padding-right:0px;--awb-padding-bottom:10px;--awb-padding-left:0px;--awb-flex-wrap:wrap;\" ><div class=\"fusion-builder-row fusion-row fusion-flex-align-items-flex-start fusion-flex-content-wrap\" style=\"max-width:1216.8px;margin-left: calc(-4% \/ 2 );margin-right: calc(-4% \/ 2 );\"><div class=\"fusion-layout-column fusion_builder_column fusion-builder-column-0 fusion_builder_column_1_4 1_4 fusion-flex-column\" style=\"--awb-bg-size:cover;--awb-width-large:25%;--awb-margin-top-large:10px;--awb-spacing-right-large:3.84%;--awb-margin-bottom-large:20px;--awb-spacing-left-large:7.68%;--awb-width-medium:25%;--awb-spacing-right-medium:3.84%;--awb-spacing-left-medium:7.68%;--awb-width-small:100%;--awb-spacing-right-small:1.92%;--awb-spacing-left-small:1.92%;\"><div class=\"fusion-column-wrapper fusion-flex-justify-content-flex-start fusion-content-layout-column\"><div class=\"fusion-image-element \" style=\"text-align:left;--awb-caption-title-font-family:var(--h2_typography-font-family);--awb-caption-title-font-weight:var(--h2_typography-font-weight);--awb-caption-title-font-style:var(--h2_typography-font-style);--awb-caption-title-size:var(--h2_typography-font-size);--awb-caption-title-transform:var(--h2_typography-text-transform);--awb-caption-title-line-height:var(--h2_typography-line-height);--awb-caption-title-letter-spacing:var(--h2_typography-letter-spacing);\"><span class=\" fusion-imageframe imageframe-none imageframe-1 hover-type-none\"><a class=\"fusion-no-lightbox\" href=\"http:\/\/www.creastro.fr\/WP\/wp-content\/uploads\/2025\/08\/02-Nov.25.jpg\" target=\"_blank\" aria-label=\"02-Nov.25\" rel=\"noopener noreferrer\"><img decoding=\"async\" width=\"649\" height=\"738\" src=\"http:\/\/www.creastro.fr\/WP\/wp-content\/uploads\/2025\/08\/02-Nov.25.jpg\" alt class=\"img-responsive wp-image-6911\" srcset=\"https:\/\/www.creastro.fr\/WP\/wp-content\/uploads\/2025\/08\/02-Nov.25-200x227.jpg 200w, https:\/\/www.creastro.fr\/WP\/wp-content\/uploads\/2025\/08\/02-Nov.25-400x455.jpg 400w, https:\/\/www.creastro.fr\/WP\/wp-content\/uploads\/2025\/08\/02-Nov.25-600x682.jpg 600w, https:\/\/www.creastro.fr\/WP\/wp-content\/uploads\/2025\/08\/02-Nov.25.jpg 649w\" sizes=\"(max-width: 640px) 100vw, 400px\" \/><\/a><\/span><\/div><div class=\"fusion-separator fusion-full-width-sep\" style=\"align-self: center;margin-left: auto;margin-right: auto;margin-top:15px;width:100%;\"><\/div><div class=\"fusion-text fusion-text-1\" style=\"--awb-margin-left:20px;\"><div dir=\"auto\"><strong><em>Pourquoi prendre conscience du projet de son \u00ab Esprit \u00bb, de son identit\u00e9 profonde ?<br \/>\nPour pouvoir, consciemment, psychologiquement, psychiquement s\u2019y unir plus pleinement, pour que notre moi personnel puisse s\u2019unir davantage \u00e0 notre dimension int\u00e9rieure de mani\u00e8re \u00e0 nous rapprocher de notre d\u00e9sir essentiel et vivre la fusion avec notre \u00eatre authentique\u2026<br \/>\nCet atelier vous permettra de conna\u00eetre les enjeux initiatiques de ce que votre Conscience \u00e9clair\u00e9e est venue manifester et les obstacles \u00e0 d\u00e9passer pour y parvenir\u2026<\/em><\/strong><\/div>\n<\/div><div class=\"fusion-separator fusion-full-width-sep\" style=\"align-self: center;margin-left: auto;margin-right: auto;margin-top:15px;width:100%;\"><\/div><div ><a class=\"fusion-button button-flat button-small button-custom fusion-button-default button-1 fusion-button-default-span fusion-has-button-gradient\" style=\"--button_accent_color:var(--awb-color1);--button_border_color:#e58a27;--button_accent_hover_color:#d1c9ba;--button_border_hover_color:#d1c9ba;--button_border_width-top:1px;--button_border_width-right:1px;--button_border_width-bottom:1px;--button_border_width-left:1px;--button-border-radius-top-left:30px;--button-border-radius-top-right:30px;--button-border-radius-bottom-right:30px;--button-border-radius-bottom-left:30px;--button_gradient_top_color:var(--awb-color5);--button_gradient_bottom_color:var(--awb-custom10);--button_gradient_top_color_hover:#f0ede8;--button_gradient_bottom_color_hover:#f0ede8;--button_typography-font-family:&#039;Arial Black&#039;, Gadget, sans-serif;--button_typography-font-style:normal;--button_typography-font-weight:400;width:calc(100%);\" target=\"_blank\" rel=\"noopener noreferrer\" href=\"http:\/\/www.creastro.fr\/WP\/inscription-module\/\"><i class=\"fa-edit far awb-button__icon awb-button__icon--default button-icon-left\" aria-hidden=\"true\"><\/i><span class=\"fusion-button-text awb-button__text awb-button__text--default\">Inscription en ligne<\/span><\/a><\/div><div class=\"fusion-separator fusion-full-width-sep\" style=\"align-self: center;margin-left: auto;margin-right: auto;margin-top:15px;width:100%;\"><\/div><div class=\"fusion-text fusion-text-2\"><h5><a href=\"http:\/\/www.creastro.fr\/WP\/cours\/cycle-1-debutant\/\" target=\"_blank\" rel=\"noopener noreferrer\">&#8211; Cycle 1 &#8211; Initiation<\/a><\/h5>\n<h5><a href=\"http:\/\/www.creastro.fr\/WP\/cours\/cycle-2-debutant\/\" target=\"_blank\" rel=\"noopener noreferrer\">&#8211; Cycle 2 &#8211; d\u00e9butant<\/a><\/h5>\n<h5><a href=\"http:\/\/www.creastro.fr\/WP\/cours\/cycle-3-avance\/\" target=\"_blank\" rel=\"noopener noreferrer\">&#8211; Cycle 3 &#8211; Avanc\u00e9<\/a><\/h5>\n<h5><a href=\"http:\/\/www.creastro.fr\/WP\/ateliers\/modules\/\" target=\"_blank\" rel=\"noopener noreferrer\">&#8211; Cycle 4 &#8211; Confirm\u00e9<\/a><\/h5>\n<\/div><\/div><\/div><div class=\"fusion-layout-column fusion_builder_column fusion-builder-column-1 fusion_builder_column_3_5 3_5 fusion-flex-column\" style=\"--awb-bg-size:cover;--awb-width-large:60%;--awb-margin-top-large:0px;--awb-spacing-right-large:3.2%;--awb-margin-bottom-large:20px;--awb-spacing-left-large:4.8%;--awb-width-medium:60%;--awb-spacing-right-medium:3.2%;--awb-spacing-left-medium:4.8%;--awb-width-small:100%;--awb-spacing-right-small:1.92%;--awb-spacing-left-small:1.92%;\"><div class=\"fusion-column-wrapper fusion-flex-justify-content-flex-start fusion-content-layout-column\"><div class=\"fusion-text fusion-text-3\"><h4>Ces modules s&rsquo;adressent \u00e0 toutes les personnes qui suivent d\u00e9j\u00e0 les cycles 2, 3 et 4 et qui veulent approfondir et compl\u00e9ter leur formation. Ils s\u2019adressent aussi \u00e0 toutes les personnes connaissant d\u00e9j\u00e0 l\u2019astrologie et qui trouvent un int\u00e9r\u00eat aux th\u00e8mes propos\u00e9s.<\/h4>\n<p style=\"padding-left: 60px;\"><strong>Vendredi 21 novembre 2025 : <span style=\"color: #ff9900;\">Le Projet de l&rsquo;esprit<\/span><br \/>\n<\/strong><\/p>\n<p style=\"padding-left: 60px;\"><strong>Vendredi &#8211; : <span style=\"color: #999999;\"> &#8211;<\/span><\/strong><\/p>\n<p style=\"padding-left: 60px;\"><strong>Vendredi &#8211; : <span style=\"color: #999999;\"> &#8211;<\/span><\/strong><\/p>\n<p style=\"padding-left: 60px;\"><strong>Vendredi &#8211; : <span style=\"color: #999999;\">&#8211;<\/span><\/strong><\/p>\n<p style=\"padding-left: 60px;\"><strong>Vendredi &#8211; : <span style=\"color: #999999;\"><span style=\"caret-color: #999999;\">&#8211;<\/span><\/span><\/strong><\/p>\n<p><strong>Horaire :<\/strong> 9h30 \u00e0 17h30<\/p>\n<p><strong>Prix :<\/strong> 110 \u20ac par atelier<\/p>\n<\/div><div ><a class=\"fusion-button button-flat button-small button-custom fusion-button-default button-2 fusion-button-default-span fusion-has-button-gradient\" style=\"--button_accent_color:var(--awb-color1);--button_border_color:var(--awb-color5);--button_accent_hover_color:#d1c9ba;--button_border_hover_color:#d1c9ba;--button_border_width-top:1px;--button_border_width-right:1px;--button_border_width-bottom:1px;--button_border_width-left:1px;--button_gradient_top_color:var(--awb-color5);--button_gradient_bottom_color:var(--awb-custom10);--button_gradient_top_color_hover:#f0ede8;--button_gradient_bottom_color_hover:#f0ede8;--button_typography-font-family:&#039;Arial Black&#039;, Gadget, sans-serif;--button_typography-font-style:normal;--button_typography-font-weight:400;width:calc(100%);\" target=\"_blank\" rel=\"noopener noreferrer\" href=\"http:\/\/www.creastro.fr\/WP\/inscription-module\/\"><i class=\"fa-edit far awb-button__icon awb-button__icon--default button-icon-left\" aria-hidden=\"true\"><\/i><span class=\"fusion-button-text awb-button__text awb-button__text--default\">Inscription en ligne<\/span><\/a><\/div><div class=\"fusion-separator fusion-full-width-sep\" style=\"align-self: center;margin-left: auto;margin-right: auto;margin-top:20px;width:100%;\"><\/div><div ><a class=\"fusion-button button-flat button-small button-custom fusion-button-default button-3 fusion-button-default-span \" style=\"--button_accent_color:#e58a27;--button_border_color:#e58a27;--button_accent_hover_color:#d1c9ba;--button_border_hover_color:#d1c9ba;--button_border_width-top:1px;--button_border_width-right:1px;--button_border_width-bottom:1px;--button_border_width-left:1px;--button_gradient_top_color:#ffffff;--button_gradient_bottom_color:#ffffff;--button_gradient_top_color_hover:#f0ede8;--button_gradient_bottom_color_hover:#f0ede8;--button_typography-font-family:&#039;Arial Black&#039;, Gadget, sans-serif;--button_typography-font-style:normal;--button_typography-font-weight:400;width:calc(100%);\" target=\"_blank\" rel=\"noopener noreferrer\" href=\"http:\/\/www.creastro.fr\/WP\/wp-content\/uploads\/2024\/06\/PrgAstro-1-202425.pdf\"><i class=\"fa-download fas awb-button__icon awb-button__icon--default button-icon-left\" aria-hidden=\"true\"><\/i><span class=\"fusion-button-text awb-button__text awb-button__text--default\">Programme des cours 2024-2025<\/span><\/a><\/div><div class=\"fusion-separator fusion-full-width-sep\" style=\"align-self: center;margin-left: auto;margin-right: auto;margin-top:20px;width:100%;\"><\/div><div ><a class=\"fusion-button button-flat button-small button-custom fusion-button-default button-4 fusion-button-default-span \" style=\"--button_accent_color:#e58a27;--button_border_color:#e58a27;--button_accent_hover_color:#d1c9ba;--button_border_hover_color:#d1c9ba;--button_border_width-top:1px;--button_border_width-right:1px;--button_border_width-bottom:1px;--button_border_width-left:1px;--button_gradient_top_color:#ffffff;--button_gradient_bottom_color:#ffffff;--button_gradient_top_color_hover:#f0ede8;--button_gradient_bottom_color_hover:#f0ede8;--button_typography-font-family:&#039;Arial Black&#039;, Gadget, sans-serif;--button_typography-font-style:normal;--button_typography-font-weight:400;width:calc(100%);\" target=\"_blank\" rel=\"noopener noreferrer\" href=\"http:\/\/www.creastro.fr\/WP\/wp-content\/uploads\/2024\/09\/BulletinInscription2024-25.pdf\"><i class=\"fa-download fas awb-button__icon awb-button__icon--default button-icon-left\" aria-hidden=\"true\"><\/i><span class=\"fusion-button-text awb-button__text awb-button__text--default\">Bulletin d&rsquo;inscription<\/span><\/a><\/div><\/div><\/div><\/div><\/div>\n","protected":false},"excerpt":{"rendered":"","protected":false},"author":1,"featured_media":0,"parent":23,"menu_order":2,"comment_status":"closed","ping_status":"open","template":"","meta":{"footnotes":""},"class_list":["post-71","page","type-page","status-publish","hentry"],"yoast_head":"<!-- This site is optimized with the Yoast SEO plugin v27.3 - https:\/\/yoast.com\/product\/yoast-seo-wordpress\/ -->\n<title>Les Ateliers-Conf\u00e9rences - creastro<\/title>\n<meta name=\"robots\" content=\"index, follow, max-snippet:-1, max-image-preview:large, max-video-preview:-1\" \/>\n<link rel=\"canonical\" href=\"https:\/\/www.creastro.fr\/WP\/ateliers\/modules\/\" \/>\n<meta property=\"og:locale\" content=\"fr_FR\" \/>\n<meta property=\"og:type\" content=\"article\" \/>\n<meta property=\"og:title\" content=\"Les Ateliers-Conf\u00e9rences - creastro\" \/>\n<meta property=\"og:url\" content=\"https:\/\/www.creastro.fr\/WP\/ateliers\/modules\/\" \/>\n<meta property=\"og:site_name\" content=\"creastro\" \/>\n<meta property=\"article:modified_time\" content=\"2025-09-17T12:29:57+00:00\" \/>\n<meta name=\"twitter:card\" content=\"summary_large_image\" \/>\n<meta name=\"twitter:label1\" content=\"Dur\u00e9e de lecture estim\u00e9e\" \/>\n\t<meta name=\"twitter:data1\" content=\"2 minutes\" \/>\n<script type=\"application\/ld+json\" class=\"yoast-schema-graph\">{\"@context\":\"https:\\\/\\\/schema.org\",\"@graph\":[{\"@type\":\"WebPage\",\"@id\":\"https:\\\/\\\/www.creastro.fr\\\/WP\\\/ateliers\\\/modules\\\/\",\"url\":\"https:\\\/\\\/www.creastro.fr\\\/WP\\\/ateliers\\\/modules\\\/\",\"name\":\"Les Ateliers-Conf\u00e9rences - creastro\",\"isPartOf\":{\"@id\":\"https:\\\/\\\/www.creastro.fr\\\/WP\\\/#website\"},\"datePublished\":\"2014-04-04T16:51:01+00:00\",\"dateModified\":\"2025-09-17T12:29:57+00:00\",\"breadcrumb\":{\"@id\":\"https:\\\/\\\/www.creastro.fr\\\/WP\\\/ateliers\\\/modules\\\/#breadcrumb\"},\"inLanguage\":\"fr-FR\",\"potentialAction\":[{\"@type\":\"ReadAction\",\"target\":[\"https:\\\/\\\/www.creastro.fr\\\/WP\\\/ateliers\\\/modules\\\/\"]}]},{\"@type\":\"BreadcrumbList\",\"@id\":\"https:\\\/\\\/www.creastro.fr\\\/WP\\\/ateliers\\\/modules\\\/#breadcrumb\",\"itemListElement\":[{\"@type\":\"ListItem\",\"position\":1,\"name\":\"Accueil\",\"item\":\"https:\\\/\\\/www.creastro.fr\\\/WP\\\/\"},{\"@type\":\"ListItem\",\"position\":2,\"name\":\"Ateliers\",\"item\":\"https:\\\/\\\/www.creastro.fr\\\/WP\\\/ateliers\\\/\"},{\"@type\":\"ListItem\",\"position\":3,\"name\":\"Les Ateliers-Conf\u00e9rences\"}]},{\"@type\":\"WebSite\",\"@id\":\"https:\\\/\\\/www.creastro.fr\\\/WP\\\/#website\",\"url\":\"https:\\\/\\\/www.creastro.fr\\\/WP\\\/\",\"name\":\"creastro\",\"description\":\"L&#039;astrologie comme outil de connaissance de soi, participe \u00e0 mettre l&#039;\u00catre debout dans l&#039;univers\u2026\",\"potentialAction\":[{\"@type\":\"SearchAction\",\"target\":{\"@type\":\"EntryPoint\",\"urlTemplate\":\"https:\\\/\\\/www.creastro.fr\\\/WP\\\/?s={search_term_string}\"},\"query-input\":{\"@type\":\"PropertyValueSpecification\",\"valueRequired\":true,\"valueName\":\"search_term_string\"}}],\"inLanguage\":\"fr-FR\"}]}<\/script>\n<!-- \/ Yoast SEO plugin. -->","yoast_head_json":{"title":"Les Ateliers-Conf\u00e9rences - creastro","robots":{"index":"index","follow":"follow","max-snippet":"max-snippet:-1","max-image-preview":"max-image-preview:large","max-video-preview":"max-video-preview:-1"},"canonical":"https:\/\/www.creastro.fr\/WP\/ateliers\/modules\/","og_locale":"fr_FR","og_type":"article","og_title":"Les Ateliers-Conf\u00e9rences - creastro","og_url":"https:\/\/www.creastro.fr\/WP\/ateliers\/modules\/","og_site_name":"creastro","article_modified_time":"2025-09-17T12:29:57+00:00","twitter_card":"summary_large_image","twitter_misc":{"Dur\u00e9e de lecture estim\u00e9e":"2 minutes"},"schema":{"@context":"https:\/\/schema.org","@graph":[{"@type":"WebPage","@id":"https:\/\/www.creastro.fr\/WP\/ateliers\/modules\/","url":"https:\/\/www.creastro.fr\/WP\/ateliers\/modules\/","name":"Les Ateliers-Conf\u00e9rences - creastro","isPartOf":{"@id":"https:\/\/www.creastro.fr\/WP\/#website"},"datePublished":"2014-04-04T16:51:01+00:00","dateModified":"2025-09-17T12:29:57+00:00","breadcrumb":{"@id":"https:\/\/www.creastro.fr\/WP\/ateliers\/modules\/#breadcrumb"},"inLanguage":"fr-FR","potentialAction":[{"@type":"ReadAction","target":["https:\/\/www.creastro.fr\/WP\/ateliers\/modules\/"]}]},{"@type":"BreadcrumbList","@id":"https:\/\/www.creastro.fr\/WP\/ateliers\/modules\/#breadcrumb","itemListElement":[{"@type":"ListItem","position":1,"name":"Accueil","item":"https:\/\/www.creastro.fr\/WP\/"},{"@type":"ListItem","position":2,"name":"Ateliers","item":"https:\/\/www.creastro.fr\/WP\/ateliers\/"},{"@type":"ListItem","position":3,"name":"Les Ateliers-Conf\u00e9rences"}]},{"@type":"WebSite","@id":"https:\/\/www.creastro.fr\/WP\/#website","url":"https:\/\/www.creastro.fr\/WP\/","name":"creastro","description":"L&#039;astrologie comme outil de connaissance de soi, participe \u00e0 mettre l&#039;\u00catre debout dans l&#039;univers\u2026","potentialAction":[{"@type":"SearchAction","target":{"@type":"EntryPoint","urlTemplate":"https:\/\/www.creastro.fr\/WP\/?s={search_term_string}"},"query-input":{"@type":"PropertyValueSpecification","valueRequired":true,"valueName":"search_term_string"}}],"inLanguage":"fr-FR"}]}},"_links":{"self":[{"href":"https:\/\/www.creastro.fr\/WP\/wp-json\/wp\/v2\/pages\/71","targetHints":{"allow":["GET"]}}],"collection":[{"href":"https:\/\/www.creastro.fr\/WP\/wp-json\/wp\/v2\/pages"}],"about":[{"href":"https:\/\/www.creastro.fr\/WP\/wp-json\/wp\/v2\/types\/page"}],"author":[{"embeddable":true,"href":"https:\/\/www.creastro.fr\/WP\/wp-json\/wp\/v2\/users\/1"}],"replies":[{"embeddable":true,"href":"https:\/\/www.creastro.fr\/WP\/wp-json\/wp\/v2\/comments?post=71"}],"version-history":[{"count":27,"href":"https:\/\/www.creastro.fr\/WP\/wp-json\/wp\/v2\/pages\/71\/revisions"}],"predecessor-version":[{"id":6936,"href":"https:\/\/www.creastro.fr\/WP\/wp-json\/wp\/v2\/pages\/71\/revisions\/6936"}],"up":[{"embeddable":true,"href":"https:\/\/www.creastro.fr\/WP\/wp-json\/wp\/v2\/pages\/23"}],"wp:attachment":[{"href":"https:\/\/www.creastro.fr\/WP\/wp-json\/wp\/v2\/media?parent=71"}],"curies":[{"name":"wp","href":"https:\/\/api.w.org\/{rel}","templated":true}]}}