{"id":618,"date":"2014-07-08T18:02:27","date_gmt":"2014-07-08T17:02:27","guid":{"rendered":"http:\/\/www.creastro.fr\/WP\/?page_id=618"},"modified":"2025-08-28T23:42:40","modified_gmt":"2025-08-28T22:42:40","slug":"cycle-4","status":"publish","type":"page","link":"https:\/\/www.creastro.fr\/WP\/cours\/cycle-4\/","title":{"rendered":"Cycle 4 &#8211; Confirm\u00e9"},"content":{"rendered":"<div class=\"fusion-fullwidth fullwidth-box fusion-builder-row-1 fusion-flex-container nonhundred-percent-fullwidth non-hundred-percent-height-scrolling\" style=\"--awb-background-position:left top;--awb-border-sizes-top:0px;--awb-border-sizes-bottom:0px;--awb-border-sizes-left:0px;--awb-border-sizes-right:0px;--awb-border-radius-top-left:0px;--awb-border-radius-top-right:0px;--awb-border-radius-bottom-right:0px;--awb-border-radius-bottom-left:0px;--awb-padding-top:20px;--awb-padding-right:0px;--awb-padding-bottom:20px;--awb-padding-left:0px;--awb-flex-wrap:wrap;\" ><div class=\"fusion-builder-row fusion-row fusion-flex-align-items-flex-start fusion-flex-content-wrap\" style=\"max-width:1216.8px;margin-left: calc(-4% \/ 2 );margin-right: calc(-4% \/ 2 );\"><div class=\"fusion-layout-column fusion_builder_column fusion-builder-column-0 fusion_builder_column_1_4 1_4 fusion-flex-column\" style=\"--awb-bg-size:cover;--awb-width-large:25%;--awb-margin-top-large:0px;--awb-spacing-right-large:3.84%;--awb-margin-bottom-large:20px;--awb-spacing-left-large:7.68%;--awb-width-medium:25%;--awb-spacing-right-medium:3.84%;--awb-spacing-left-medium:7.68%;--awb-width-small:100%;--awb-spacing-right-small:1.92%;--awb-spacing-left-small:1.92%;\"><div class=\"fusion-column-wrapper fusion-flex-justify-content-flex-start fusion-content-layout-column\"><div class=\"fusion-separator fusion-has-icon fusion-full-width-sep\" style=\"align-self: center;margin-left: auto;margin-right: auto;margin-bottom:-10px;width:100%;\"><div class=\"fusion-separator-border sep-double\" style=\"--awb-height:20px;--awb-amount:20px;--awb-sep-color:#bcb19c;border-color:#bcb19c;border-top-width:1px;border-bottom-width:1px;\"><\/div><span class=\"icon-wrapper\" style=\"border-color:#bcb19c;background-color:rgba(255,255,255,0);font-size:25px;width: 1.75em; height: 1.75em;border-width:1px;padding:1px;\"><i class=\"fa-user-graduate fas\" style=\"font-size: inherit;color:var(--awb-custom14);\" aria-hidden=\"true\"><\/i><\/span><div class=\"fusion-separator-border sep-double\" style=\"--awb-height:20px;--awb-amount:20px;--awb-sep-color:#bcb19c;border-color:#bcb19c;border-top-width:1px;border-bottom-width:1px;\"><\/div><\/div><div class=\"fusion-reading-box-container reading-box-container-1\" style=\"--awb-title-color:#659ea0;--awb-margin-top:0px;--awb-margin-bottom:30px;\"><div class=\"reading-box\" style=\"background-color:#ffffff;border-width:1px;border-color:#bcb19c;border-style:solid;\"><div class=\"reading-box-additional\">\n<h5 style=\"color: #908455; font-family: arial; sans-serif;font-size: 20px;\"><strong>Agenda 2025 \/ 2026<\/strong><\/h5>\n<h5 style=\"color: #407799; font-size: 16px; margin-top: 15px; margin-left: 10px;\">\u25cf Jeudi 16 octobre 2025<\/h5>\n<h5 style=\"color: #407799; font-size: 16px; margin-top: 5px; margin-left: 10px;\">\u25cf Jeudi 20 novembre 2025<\/h5>\n<h5 style=\"color: #407799; font-size: 16px; margin-top: 5px; margin-left: 10px;\">\u25cf jeudi 18 d\u00e9cembre 2025<\/h5>\n<h5 style=\"color: #407799; font-size: 16px; margin-top: 5px; margin-left: 10px;\">\u25cf Jeudi 22 janvier 2026<\/h5>\n<h5 style=\"color: #407799; font-size: 16px; margin-top: 5px; margin-left: 10px;\">\u25cf Jeudi 19 f\u00e9vrier 2026<\/h5>\n<h5 style=\"color: #407799; font-size: 16px; margin-top: 5px; margin-left: 10px;\">\u25cf Jeudi 19 mars 2026<\/h5>\n<h5 style=\"color: #407799; font-size: 16px; margin-top: 5px; margin-left: 10px;\">\u25cf Jeudi 16 avril 2026<\/h5>\n<h5 style=\"color: #407799; font-size: 16px; margin-top: 5px; margin-left: 10px;\">\u25cf Jeudi 21 mai 2026<\/h5>\n<h5 style=\"color: #407799; font-size: 16px; margin-top: 5px; margin-left: 10px;\">\u25cf Jeudi 18 juin 2026<\/h5>\n<\/div><div class=\"fusion-clearfix\"><\/div><\/div><\/div><div class=\"fusion-text fusion-text-1\" style=\"--awb-margin-left:10px;\"><h5><a href=\"http:\/\/www.creastro.fr\/WP\/cycle-1-initiation\/\">&#8211; Cycle 1 &#8211; Initiation<\/a><\/h5>\n<h5><a href=\"http:\/\/www.creastro.fr\/WP\/cours\/cycle-2-debutant\/\" target=\"_blank\" rel=\"noopener noreferrer\">&#8211; Cycle 2 &#8211; d\u00e9butant<\/a><\/h5>\n<h5><a href=\"http:\/\/www.creastro.fr\/WP\/cours\/cycle-3-avance\/\" target=\"_blank\" rel=\"noopener noreferrer\">&#8211; Cycle 3 &#8211; Avanc\u00e9<\/a><\/h5>\n<\/div><\/div><\/div><div class=\"fusion-layout-column fusion_builder_column fusion-builder-column-1 fusion_builder_column_3_5 3_5 fusion-flex-column\" style=\"--awb-bg-size:cover;--awb-width-large:60%;--awb-margin-top-large:0px;--awb-spacing-right-large:3.2%;--awb-margin-bottom-large:20px;--awb-spacing-left-large:4.8%;--awb-width-medium:60%;--awb-spacing-right-medium:3.2%;--awb-spacing-left-medium:4.8%;--awb-width-small:100%;--awb-spacing-right-small:1.92%;--awb-spacing-left-small:1.92%;\"><div class=\"fusion-column-wrapper fusion-flex-justify-content-flex-start fusion-content-layout-column\"><div class=\"fusion-text fusion-text-2\"><h4><strong>Un jeudi par mois de 19h30 \u00e0 22h en visioconf\u00e9rence<br \/>\n<\/strong><\/h4>\n<p>Ce cycle 4 s&rsquo;adresse aux personnes motiv\u00e9es par une recherche personnelle qui d\u00e9sirent explorer le th\u00e8me astrologique sur diff\u00e9rents niveaux et inclure des param\u00e8tres nouveaux et plus marginaux.<\/p>\n<h4 style=\"margin-top: 30px;\">APER\u00c7U DU PROGRAMME<\/h4>\n<ul>\n<li>A propos de son r\u00f4le social et le sens de son utilit\u00e9\u2026<\/li>\n<li>A propos de son fonctionnement intime et du masque social\u2026<\/li>\n<li>A propos de son lever et de son coucher\u2026<\/li>\n<li>A propos du couple Jupiter \/ Saturne\u2026<\/li>\n<li>A propos des trans-Saturniennes (Uranus, Neptune, Pluton)\u2026<\/li>\n<li>A propos des axes intercept\u00e9s et des dons\u2026<\/li>\n<li>A propos des \u00e9v\u00e8nements de notre vie en lien avec les transits\u2026<\/li>\n<li>A propos de l\u2019h\u00e9ritage du code familial\u2026<\/li>\n<\/ul>\n<p><em>Ces \u00ab\u00e0 propos\u00bb se veulent surtout interactifs (personne ne d\u00e9tenant \u00ab\u00a0la V\u00e9rit\u00e9\u00a0\u00bb) et mettent l&rsquo;accent essentiellement sur l&rsquo;interpr\u00e9tation, afin de permettre l\u2019acquisition d\u2019une m\u00e9thodologie.<\/em><\/p>\n<h4 style=\"margin-top: 30px;\">MODALITES DE REGLEMENT<\/h4>\n<p><strong>Co\u00fbt global Cycle 4 &#8211; Confirm\u00e9 : 588 \u20ac<\/strong> (possibilit\u00e9 de payer avec 3 ch\u00e8ques de 196 \u20ac \u00e0 l\u2019ordre de Philippe Sonneville) + <strong>10 \u20ac<\/strong> de frais d\u2019adh\u00e9sion pour l\u2019ann\u00e9e \u00e0 l\u2019association Cr\u00e9\u2019Astro.<\/p>\n<p style=\"margin-top: 20px;\"><em>En cas d&rsquo;absence, le cours est enregistr\u00e9. L\u2019enregistrement est la propri\u00e9t\u00e9 de l\u2019enseignant et ne peut en aucun cas \u00eatre diffus\u00e9 sans son autorisation.<\/em><\/p>\n<\/div><div style=\"text-align:center;\"><a class=\"fusion-button button-flat button-small button-custom fusion-button-default button-1 fusion-button-default-span \" style=\"--button_accent_color:#e58a27;--button_border_color:#e58a27;--button_accent_hover_color:#d1c9ba;--button_border_hover_color:#d1c9ba;--button_border_width-top:1px;--button_border_width-right:1px;--button_border_width-bottom:1px;--button_border_width-left:1px;--button-border-radius-top-left:30px;--button-border-radius-top-right:30px;--button-border-radius-bottom-right:30px;--button-border-radius-bottom-left:30px;--button_gradient_top_color:#ffffff;--button_gradient_bottom_color:#ffffff;--button_gradient_top_color_hover:#f0ede8;--button_gradient_bottom_color_hover:#f0ede8;--button_typography-font-family:&#039;Arial Black&#039;, Gadget, sans-serif;--button_typography-font-style:normal;--button_typography-font-weight:400;--button_margin-right:20%;--button_margin-left:20%;width:calc(100% - 20% - 20%);\" target=\"_blank\" rel=\"noopener noreferrer\" href=\"http:\/\/www.creastro.fr\/WP\/wp-content\/uploads\/2025\/08\/PrgAstro-1-202526.pdf\"><i class=\"fa-download fas awb-button__icon awb-button__icon--default button-icon-left\" aria-hidden=\"true\"><\/i><span class=\"fusion-button-text awb-button__text awb-button__text--default\">Programme des cours 2025-2026<\/span><\/a><\/div><div class=\"fusion-separator fusion-full-width-sep\" style=\"align-self: center;margin-left: auto;margin-right: auto;margin-top:20px;width:100%;\"><\/div><div class=\"fusion-text fusion-text-3\"><p><strong>Ou vous pouvez vous inscrire via le formulaire en ligne en cliquant sur le bouton ci-dessous.<br \/>\n<\/strong><\/p>\n<\/div><div class=\"fusion-separator fusion-full-width-sep\" style=\"align-self: center;margin-left: auto;margin-right: auto;margin-top:-5px;width:100%;\"><\/div><div style=\"text-align:center;\"><a class=\"fusion-button button-flat button-small button-custom fusion-button-default button-2 fusion-button-default-span fusion-has-button-gradient\" style=\"--button_accent_color:#ffffff;--button_border_color:#e58a27;--button_accent_hover_color:#d1c9ba;--button_border_hover_color:#d1c9ba;--button_border_width-top:1px;--button_border_width-right:1px;--button_border_width-bottom:1px;--button_border_width-left:1px;--button-border-radius-top-left:30px;--button-border-radius-top-right:30px;--button-border-radius-bottom-right:30px;--button-border-radius-bottom-left:30px;--button_gradient_top_color:#e58a27;--button_gradient_bottom_color:var(--awb-custom10);--button_gradient_top_color_hover:#f0ede8;--button_gradient_bottom_color_hover:#f0ede8;--button_typography-font-family:&#039;Arial Black&#039;, Gadget, sans-serif;--button_typography-font-style:normal;--button_typography-font-weight:400;--button_margin-right:20%;--button_margin-left:20%;width:calc(100% - 20% - 20%);\" target=\"_blank\" rel=\"noopener noreferrer\" href=\"http:\/\/www.creastro.fr\/WP\/inscription-cours\/\"><i class=\"fa-edit far awb-button__icon awb-button__icon--default button-icon-left\" aria-hidden=\"true\"><\/i><span class=\"fusion-button-text awb-button__text awb-button__text--default\">Inscription en ligne <\/span><\/a><\/div><div class=\"fusion-separator fusion-full-width-sep\" style=\"align-self: center;margin-left: auto;margin-right: auto;margin-top:20px;width:100%;\"><\/div><div class=\"fusion-text fusion-text-4\"><p><strong>Pour vous inscrire au cours, vous pouvez t\u00e9l\u00e9charger le bulletin d&rsquo;inscription et l&rsquo;envoyer \u00e0 l&rsquo;adresse indiqu\u00e9e dans le bulletin.<\/strong><\/p>\n<\/div><div class=\"fusion-separator fusion-full-width-sep\" style=\"align-self: center;margin-left: auto;margin-right: auto;margin-top:-5px;width:100%;\"><\/div><div style=\"text-align:center;\"><a class=\"fusion-button button-flat button-small button-custom fusion-button-default button-3 fusion-button-default-span \" style=\"--button_accent_color:#e58a27;--button_border_color:#e58a27;--button_accent_hover_color:#d1c9ba;--button_border_hover_color:#d1c9ba;--button_border_width-top:1px;--button_border_width-right:1px;--button_border_width-bottom:1px;--button_border_width-left:1px;--button-border-radius-top-left:30px;--button-border-radius-top-right:30px;--button-border-radius-bottom-right:30px;--button-border-radius-bottom-left:30px;--button_gradient_top_color:#ffffff;--button_gradient_bottom_color:#ffffff;--button_gradient_top_color_hover:#f0ede8;--button_gradient_bottom_color_hover:#f0ede8;--button_typography-font-family:&#039;Arial Black&#039;, Gadget, sans-serif;--button_typography-font-style:normal;--button_typography-font-weight:400;--button_margin-right:20%;--button_margin-left:20%;width:calc(100% - 20% - 20%);\" target=\"_blank\" rel=\"noopener noreferrer\" href=\"http:\/\/www.creastro.fr\/WP\/wp-content\/uploads\/2024\/09\/BulletinInscription2024-25.pdf\"><i class=\"fa-download fas awb-button__icon awb-button__icon--default button-icon-left\" aria-hidden=\"true\"><\/i><span class=\"fusion-button-text awb-button__text awb-button__text--default\">Bulletin d&rsquo;inscription<\/span><\/a><\/div><\/div><\/div><\/div><\/div>\n","protected":false},"excerpt":{"rendered":"","protected":false},"author":1,"featured_media":0,"parent":25,"menu_order":4,"comment_status":"closed","ping_status":"open","template":"","meta":{"footnotes":""},"class_list":["post-618","page","type-page","status-publish","hentry"],"yoast_head":"<!-- This site is optimized with the Yoast SEO plugin v27.3 - https:\/\/yoast.com\/product\/yoast-seo-wordpress\/ -->\n<title>Cycle 4 - Confirm\u00e9 - creastro<\/title>\n<meta name=\"robots\" content=\"index, follow, max-snippet:-1, max-image-preview:large, max-video-preview:-1\" \/>\n<link rel=\"canonical\" href=\"https:\/\/www.creastro.fr\/WP\/cours\/cycle-4\/\" \/>\n<meta property=\"og:locale\" content=\"fr_FR\" \/>\n<meta property=\"og:type\" content=\"article\" \/>\n<meta property=\"og:title\" content=\"Cycle 4 - Confirm\u00e9 - creastro\" \/>\n<meta property=\"og:url\" content=\"https:\/\/www.creastro.fr\/WP\/cours\/cycle-4\/\" \/>\n<meta property=\"og:site_name\" content=\"creastro\" \/>\n<meta property=\"article:modified_time\" content=\"2025-08-28T22:42:40+00:00\" \/>\n<meta name=\"twitter:card\" content=\"summary_large_image\" \/>\n<meta name=\"twitter:label1\" content=\"Dur\u00e9e de lecture estim\u00e9e\" \/>\n\t<meta name=\"twitter:data1\" content=\"2 minutes\" \/>\n<script type=\"application\/ld+json\" class=\"yoast-schema-graph\">{\"@context\":\"https:\\\/\\\/schema.org\",\"@graph\":[{\"@type\":\"WebPage\",\"@id\":\"https:\\\/\\\/www.creastro.fr\\\/WP\\\/cours\\\/cycle-4\\\/\",\"url\":\"https:\\\/\\\/www.creastro.fr\\\/WP\\\/cours\\\/cycle-4\\\/\",\"name\":\"Cycle 4 - Confirm\u00e9 - creastro\",\"isPartOf\":{\"@id\":\"https:\\\/\\\/www.creastro.fr\\\/WP\\\/#website\"},\"datePublished\":\"2014-07-08T17:02:27+00:00\",\"dateModified\":\"2025-08-28T22:42:40+00:00\",\"breadcrumb\":{\"@id\":\"https:\\\/\\\/www.creastro.fr\\\/WP\\\/cours\\\/cycle-4\\\/#breadcrumb\"},\"inLanguage\":\"fr-FR\",\"potentialAction\":[{\"@type\":\"ReadAction\",\"target\":[\"https:\\\/\\\/www.creastro.fr\\\/WP\\\/cours\\\/cycle-4\\\/\"]}]},{\"@type\":\"BreadcrumbList\",\"@id\":\"https:\\\/\\\/www.creastro.fr\\\/WP\\\/cours\\\/cycle-4\\\/#breadcrumb\",\"itemListElement\":[{\"@type\":\"ListItem\",\"position\":1,\"name\":\"Accueil\",\"item\":\"https:\\\/\\\/www.creastro.fr\\\/WP\\\/\"},{\"@type\":\"ListItem\",\"position\":2,\"name\":\"Cours\",\"item\":\"https:\\\/\\\/www.creastro.fr\\\/WP\\\/cours\\\/\"},{\"@type\":\"ListItem\",\"position\":3,\"name\":\"Cycle 4 &#8211; Confirm\u00e9\"}]},{\"@type\":\"WebSite\",\"@id\":\"https:\\\/\\\/www.creastro.fr\\\/WP\\\/#website\",\"url\":\"https:\\\/\\\/www.creastro.fr\\\/WP\\\/\",\"name\":\"creastro\",\"description\":\"L&#039;astrologie comme outil de connaissance de soi, participe \u00e0 mettre l&#039;\u00catre debout dans l&#039;univers\u2026\",\"potentialAction\":[{\"@type\":\"SearchAction\",\"target\":{\"@type\":\"EntryPoint\",\"urlTemplate\":\"https:\\\/\\\/www.creastro.fr\\\/WP\\\/?s={search_term_string}\"},\"query-input\":{\"@type\":\"PropertyValueSpecification\",\"valueRequired\":true,\"valueName\":\"search_term_string\"}}],\"inLanguage\":\"fr-FR\"}]}<\/script>\n<!-- \/ Yoast SEO plugin. -->","yoast_head_json":{"title":"Cycle 4 - Confirm\u00e9 - creastro","robots":{"index":"index","follow":"follow","max-snippet":"max-snippet:-1","max-image-preview":"max-image-preview:large","max-video-preview":"max-video-preview:-1"},"canonical":"https:\/\/www.creastro.fr\/WP\/cours\/cycle-4\/","og_locale":"fr_FR","og_type":"article","og_title":"Cycle 4 - Confirm\u00e9 - creastro","og_url":"https:\/\/www.creastro.fr\/WP\/cours\/cycle-4\/","og_site_name":"creastro","article_modified_time":"2025-08-28T22:42:40+00:00","twitter_card":"summary_large_image","twitter_misc":{"Dur\u00e9e de lecture estim\u00e9e":"2 minutes"},"schema":{"@context":"https:\/\/schema.org","@graph":[{"@type":"WebPage","@id":"https:\/\/www.creastro.fr\/WP\/cours\/cycle-4\/","url":"https:\/\/www.creastro.fr\/WP\/cours\/cycle-4\/","name":"Cycle 4 - Confirm\u00e9 - creastro","isPartOf":{"@id":"https:\/\/www.creastro.fr\/WP\/#website"},"datePublished":"2014-07-08T17:02:27+00:00","dateModified":"2025-08-28T22:42:40+00:00","breadcrumb":{"@id":"https:\/\/www.creastro.fr\/WP\/cours\/cycle-4\/#breadcrumb"},"inLanguage":"fr-FR","potentialAction":[{"@type":"ReadAction","target":["https:\/\/www.creastro.fr\/WP\/cours\/cycle-4\/"]}]},{"@type":"BreadcrumbList","@id":"https:\/\/www.creastro.fr\/WP\/cours\/cycle-4\/#breadcrumb","itemListElement":[{"@type":"ListItem","position":1,"name":"Accueil","item":"https:\/\/www.creastro.fr\/WP\/"},{"@type":"ListItem","position":2,"name":"Cours","item":"https:\/\/www.creastro.fr\/WP\/cours\/"},{"@type":"ListItem","position":3,"name":"Cycle 4 &#8211; Confirm\u00e9"}]},{"@type":"WebSite","@id":"https:\/\/www.creastro.fr\/WP\/#website","url":"https:\/\/www.creastro.fr\/WP\/","name":"creastro","description":"L&#039;astrologie comme outil de connaissance de soi, participe \u00e0 mettre l&#039;\u00catre debout dans l&#039;univers\u2026","potentialAction":[{"@type":"SearchAction","target":{"@type":"EntryPoint","urlTemplate":"https:\/\/www.creastro.fr\/WP\/?s={search_term_string}"},"query-input":{"@type":"PropertyValueSpecification","valueRequired":true,"valueName":"search_term_string"}}],"inLanguage":"fr-FR"}]}},"_links":{"self":[{"href":"https:\/\/www.creastro.fr\/WP\/wp-json\/wp\/v2\/pages\/618","targetHints":{"allow":["GET"]}}],"collection":[{"href":"https:\/\/www.creastro.fr\/WP\/wp-json\/wp\/v2\/pages"}],"about":[{"href":"https:\/\/www.creastro.fr\/WP\/wp-json\/wp\/v2\/types\/page"}],"author":[{"embeddable":true,"href":"https:\/\/www.creastro.fr\/WP\/wp-json\/wp\/v2\/users\/1"}],"replies":[{"embeddable":true,"href":"https:\/\/www.creastro.fr\/WP\/wp-json\/wp\/v2\/comments?post=618"}],"version-history":[{"count":4,"href":"https:\/\/www.creastro.fr\/WP\/wp-json\/wp\/v2\/pages\/618\/revisions"}],"predecessor-version":[{"id":6929,"href":"https:\/\/www.creastro.fr\/WP\/wp-json\/wp\/v2\/pages\/618\/revisions\/6929"}],"up":[{"embeddable":true,"href":"https:\/\/www.creastro.fr\/WP\/wp-json\/wp\/v2\/pages\/25"}],"wp:attachment":[{"href":"https:\/\/www.creastro.fr\/WP\/wp-json\/wp\/v2\/media?parent=618"}],"curies":[{"name":"wp","href":"https:\/\/api.w.org\/{rel}","templated":true}]}}