{"id":5550,"date":"2023-04-02T16:19:25","date_gmt":"2023-04-02T15:19:25","guid":{"rendered":"http:\/\/www.creastro.fr\/WP\/?page_id=5550"},"modified":"2024-01-29T15:46:48","modified_gmt":"2024-01-29T14:46:48","slug":"prendre-rdv","status":"publish","type":"page","link":"https:\/\/www.creastro.fr\/WP\/prendre-rdv\/","title":{"rendered":"Prendre RDV"},"content":{"rendered":"<div class=\"fusion-fullwidth fullwidth-box fusion-builder-row-1 fusion-flex-container has-pattern-background has-mask-background nonhundred-percent-fullwidth non-hundred-percent-height-scrolling\" style=\"--awb-border-radius-top-left:0px;--awb-border-radius-top-right:0px;--awb-border-radius-bottom-right:0px;--awb-border-radius-bottom-left:0px;--awb-flex-wrap:wrap;\" ><div class=\"fusion-builder-row fusion-row fusion-flex-align-items-flex-start fusion-flex-content-wrap\" style=\"max-width:1216.8px;margin-left: calc(-4% \/ 2 );margin-right: calc(-4% \/ 2 );\"><div class=\"fusion-layout-column fusion_builder_column fusion-builder-column-0 fusion_builder_column_1_1 1_1 fusion-flex-column\" style=\"--awb-bg-size:cover;--awb-width-large:100%;--awb-margin-top-large:0px;--awb-spacing-right-large:1.92%;--awb-margin-bottom-large:20px;--awb-spacing-left-large:1.92%;--awb-width-medium:100%;--awb-order-medium:0;--awb-spacing-right-medium:1.92%;--awb-spacing-left-medium:1.92%;--awb-width-small:100%;--awb-order-small:0;--awb-spacing-right-small:1.92%;--awb-spacing-left-small:1.92%;\"><div class=\"fusion-column-wrapper fusion-column-has-shadow fusion-flex-justify-content-flex-start fusion-content-layout-column\"><div class=\"fusion-text fusion-text-1\"><p><span style=\"color: var(--awb-text-color); font-family: var(--awb-text-font-family); font-size: var(--awb-font-size); font-style: var(--awb-text-font-style); letter-spacing: var(--awb-letter-spacing); text-align: var(--awb-content-alignment); text-transform: var(--awb-text-transform); background-color: var(--awb-bg-color);\">Pour des raisons pratiques j\u2019ai mis mon agenda en ligne o\u00f9 vous pouvez facilement voir mes disponibilit\u00e9s en temps r\u00e9el que vous souhaitiez un rdv en pr\u00e9sentiel sur Paris ou en vid\u00e9o communication par Zoom.<\/span><\/p>\n<p>Pour ce faire, cliquez sur le lien suivant : <a href=\"https:\/\/calendly.com\/creastro\">https:\/\/calendly.com\/creastro<\/a><\/p>\n<p>J\u2019aurai l\u2019immense bonheur de vous rencontrer lors d\u2019une consultation.<\/p>\n<p>Au plaisir de vous voir !<\/p>\n<\/div><\/div><\/div><\/div><\/div>\n","protected":false},"excerpt":{"rendered":"","protected":false},"author":1,"featured_media":0,"parent":0,"menu_order":0,"comment_status":"closed","ping_status":"closed","template":"","meta":{"footnotes":""},"class_list":["post-5550","page","type-page","status-publish","hentry"],"yoast_head":"<!-- This site is optimized with the Yoast SEO plugin v27.3 - https:\/\/yoast.com\/product\/yoast-seo-wordpress\/ -->\n<title>Prendre RDV - creastro<\/title>\n<meta name=\"robots\" content=\"index, follow, max-snippet:-1, max-image-preview:large, max-video-preview:-1\" \/>\n<link rel=\"canonical\" href=\"https:\/\/www.creastro.fr\/WP\/prendre-rdv\/\" \/>\n<meta property=\"og:locale\" content=\"fr_FR\" \/>\n<meta property=\"og:type\" content=\"article\" \/>\n<meta property=\"og:title\" content=\"Prendre RDV - creastro\" \/>\n<meta property=\"og:url\" content=\"https:\/\/www.creastro.fr\/WP\/prendre-rdv\/\" \/>\n<meta property=\"og:site_name\" content=\"creastro\" \/>\n<meta property=\"article:modified_time\" content=\"2024-01-29T14:46:48+00:00\" \/>\n<meta name=\"twitter:card\" content=\"summary_large_image\" \/>\n<meta name=\"twitter:label1\" content=\"Dur\u00e9e de lecture estim\u00e9e\" \/>\n\t<meta name=\"twitter:data1\" content=\"1 minute\" \/>\n<script type=\"application\/ld+json\" class=\"yoast-schema-graph\">{\"@context\":\"https:\\\/\\\/schema.org\",\"@graph\":[{\"@type\":\"WebPage\",\"@id\":\"https:\\\/\\\/www.creastro.fr\\\/WP\\\/prendre-rdv\\\/\",\"url\":\"https:\\\/\\\/www.creastro.fr\\\/WP\\\/prendre-rdv\\\/\",\"name\":\"Prendre RDV - creastro\",\"isPartOf\":{\"@id\":\"https:\\\/\\\/www.creastro.fr\\\/WP\\\/#website\"},\"datePublished\":\"2023-04-02T15:19:25+00:00\",\"dateModified\":\"2024-01-29T14:46:48+00:00\",\"breadcrumb\":{\"@id\":\"https:\\\/\\\/www.creastro.fr\\\/WP\\\/prendre-rdv\\\/#breadcrumb\"},\"inLanguage\":\"fr-FR\",\"potentialAction\":[{\"@type\":\"ReadAction\",\"target\":[\"https:\\\/\\\/www.creastro.fr\\\/WP\\\/prendre-rdv\\\/\"]}]},{\"@type\":\"BreadcrumbList\",\"@id\":\"https:\\\/\\\/www.creastro.fr\\\/WP\\\/prendre-rdv\\\/#breadcrumb\",\"itemListElement\":[{\"@type\":\"ListItem\",\"position\":1,\"name\":\"Accueil\",\"item\":\"https:\\\/\\\/www.creastro.fr\\\/WP\\\/\"},{\"@type\":\"ListItem\",\"position\":2,\"name\":\"Prendre RDV\"}]},{\"@type\":\"WebSite\",\"@id\":\"https:\\\/\\\/www.creastro.fr\\\/WP\\\/#website\",\"url\":\"https:\\\/\\\/www.creastro.fr\\\/WP\\\/\",\"name\":\"creastro\",\"description\":\"L&#039;astrologie comme outil de connaissance de soi, participe \u00e0 mettre l&#039;\u00catre debout dans l&#039;univers\u2026\",\"potentialAction\":[{\"@type\":\"SearchAction\",\"target\":{\"@type\":\"EntryPoint\",\"urlTemplate\":\"https:\\\/\\\/www.creastro.fr\\\/WP\\\/?s={search_term_string}\"},\"query-input\":{\"@type\":\"PropertyValueSpecification\",\"valueRequired\":true,\"valueName\":\"search_term_string\"}}],\"inLanguage\":\"fr-FR\"}]}<\/script>\n<!-- \/ Yoast SEO plugin. -->","yoast_head_json":{"title":"Prendre RDV - creastro","robots":{"index":"index","follow":"follow","max-snippet":"max-snippet:-1","max-image-preview":"max-image-preview:large","max-video-preview":"max-video-preview:-1"},"canonical":"https:\/\/www.creastro.fr\/WP\/prendre-rdv\/","og_locale":"fr_FR","og_type":"article","og_title":"Prendre RDV - creastro","og_url":"https:\/\/www.creastro.fr\/WP\/prendre-rdv\/","og_site_name":"creastro","article_modified_time":"2024-01-29T14:46:48+00:00","twitter_card":"summary_large_image","twitter_misc":{"Dur\u00e9e de lecture estim\u00e9e":"1 minute"},"schema":{"@context":"https:\/\/schema.org","@graph":[{"@type":"WebPage","@id":"https:\/\/www.creastro.fr\/WP\/prendre-rdv\/","url":"https:\/\/www.creastro.fr\/WP\/prendre-rdv\/","name":"Prendre RDV - creastro","isPartOf":{"@id":"https:\/\/www.creastro.fr\/WP\/#website"},"datePublished":"2023-04-02T15:19:25+00:00","dateModified":"2024-01-29T14:46:48+00:00","breadcrumb":{"@id":"https:\/\/www.creastro.fr\/WP\/prendre-rdv\/#breadcrumb"},"inLanguage":"fr-FR","potentialAction":[{"@type":"ReadAction","target":["https:\/\/www.creastro.fr\/WP\/prendre-rdv\/"]}]},{"@type":"BreadcrumbList","@id":"https:\/\/www.creastro.fr\/WP\/prendre-rdv\/#breadcrumb","itemListElement":[{"@type":"ListItem","position":1,"name":"Accueil","item":"https:\/\/www.creastro.fr\/WP\/"},{"@type":"ListItem","position":2,"name":"Prendre RDV"}]},{"@type":"WebSite","@id":"https:\/\/www.creastro.fr\/WP\/#website","url":"https:\/\/www.creastro.fr\/WP\/","name":"creastro","description":"L&#039;astrologie comme outil de connaissance de soi, participe \u00e0 mettre l&#039;\u00catre debout dans l&#039;univers\u2026","potentialAction":[{"@type":"SearchAction","target":{"@type":"EntryPoint","urlTemplate":"https:\/\/www.creastro.fr\/WP\/?s={search_term_string}"},"query-input":{"@type":"PropertyValueSpecification","valueRequired":true,"valueName":"search_term_string"}}],"inLanguage":"fr-FR"}]}},"_links":{"self":[{"href":"https:\/\/www.creastro.fr\/WP\/wp-json\/wp\/v2\/pages\/5550","targetHints":{"allow":["GET"]}}],"collection":[{"href":"https:\/\/www.creastro.fr\/WP\/wp-json\/wp\/v2\/pages"}],"about":[{"href":"https:\/\/www.creastro.fr\/WP\/wp-json\/wp\/v2\/types\/page"}],"author":[{"embeddable":true,"href":"https:\/\/www.creastro.fr\/WP\/wp-json\/wp\/v2\/users\/1"}],"replies":[{"embeddable":true,"href":"https:\/\/www.creastro.fr\/WP\/wp-json\/wp\/v2\/comments?post=5550"}],"version-history":[{"count":0,"href":"https:\/\/www.creastro.fr\/WP\/wp-json\/wp\/v2\/pages\/5550\/revisions"}],"wp:attachment":[{"href":"https:\/\/www.creastro.fr\/WP\/wp-json\/wp\/v2\/media?parent=5550"}],"curies":[{"name":"wp","href":"https:\/\/api.w.org\/{rel}","templated":true}]}}