{"id":3526,"date":"2018-10-31T19:56:44","date_gmt":"2018-10-31T18:56:44","guid":{"rendered":"http:\/\/www.creastro.fr\/WP\/?page_id=3526"},"modified":"2025-08-28T23:44:31","modified_gmt":"2025-08-28T22:44:31","slug":"cycle-1-initiation","status":"publish","type":"page","link":"https:\/\/www.creastro.fr\/WP\/cycle-1-initiation\/","title":{"rendered":"Cycle 1 &#8211; Initiation"},"content":{"rendered":"<div class=\"fusion-fullwidth fullwidth-box fusion-builder-row-1 fusion-flex-container nonhundred-percent-fullwidth non-hundred-percent-height-scrolling\" style=\"--awb-background-position:left top;--awb-border-sizes-top:0px;--awb-border-sizes-bottom:0px;--awb-border-sizes-left:0px;--awb-border-sizes-right:0px;--awb-border-radius-top-left:0px;--awb-border-radius-top-right:0px;--awb-border-radius-bottom-right:0px;--awb-border-radius-bottom-left:0px;--awb-padding-top:20px;--awb-padding-bottom:20px;--awb-flex-wrap:wrap;\" ><div class=\"fusion-builder-row fusion-row fusion-flex-align-items-flex-start fusion-flex-content-wrap\" style=\"max-width:1216.8px;margin-left: calc(-4% \/ 2 );margin-right: calc(-4% \/ 2 );\"><div class=\"fusion-layout-column fusion_builder_column fusion-builder-column-0 fusion_builder_column_1_4 1_4 fusion-flex-column\" style=\"--awb-bg-size:cover;--awb-width-large:25%;--awb-margin-top-large:0px;--awb-spacing-right-large:3.84%;--awb-margin-bottom-large:20px;--awb-spacing-left-large:7.68%;--awb-width-medium:25%;--awb-order-medium:0;--awb-spacing-right-medium:3.84%;--awb-spacing-left-medium:7.68%;--awb-width-small:100%;--awb-order-small:0;--awb-spacing-right-small:1.92%;--awb-spacing-left-small:1.92%;\"><div class=\"fusion-column-wrapper fusion-column-has-shadow fusion-flex-justify-content-flex-start fusion-content-layout-column\"><div class=\"fusion-image-element \" style=\"text-align:center;--awb-liftup-border-radius:0px;--awb-caption-title-font-family:var(--h2_typography-font-family);--awb-caption-title-font-weight:var(--h2_typography-font-weight);--awb-caption-title-font-style:var(--h2_typography-font-style);--awb-caption-title-size:var(--h2_typography-font-size);--awb-caption-title-transform:var(--h2_typography-text-transform);--awb-caption-title-line-height:var(--h2_typography-line-height);--awb-caption-title-letter-spacing:var(--h2_typography-letter-spacing);\"><div class=\"awb-image-frame awb-image-frame-1 imageframe-liftup\"><span class=\" fusion-imageframe imageframe-none imageframe-1\" style=\"border:1px solid #607d8b;\"><img decoding=\"async\" width=\"619\" height=\"877\" title=\"CouvSignes\" src=\"http:\/\/www.creastro.fr\/WP\/wp-content\/uploads\/2022\/08\/CouvSignes.jpg\" alt class=\"img-responsive wp-image-5294\" srcset=\"https:\/\/www.creastro.fr\/WP\/wp-content\/uploads\/2022\/08\/CouvSignes-200x283.jpg 200w, https:\/\/www.creastro.fr\/WP\/wp-content\/uploads\/2022\/08\/CouvSignes-400x567.jpg 400w, https:\/\/www.creastro.fr\/WP\/wp-content\/uploads\/2022\/08\/CouvSignes-600x850.jpg 600w, https:\/\/www.creastro.fr\/WP\/wp-content\/uploads\/2022\/08\/CouvSignes.jpg 619w\" sizes=\"(max-width: 640px) 100vw, 400px\" \/><\/span><\/div><\/div><div class=\"fusion-separator fusion-full-width-sep\" style=\"align-self: center;margin-left: auto;margin-right: auto;margin-top:5px;width:100%;\"><\/div><div ><a class=\"fusion-button button-flat button-small button-custom fusion-button-default button-1 fusion-button-default-span fusion-has-button-gradient\" style=\"--button_accent_color:#ffffff;--button_border_color:#ffffff;--button_accent_hover_color:var(--awb-custom10);--button_border_hover_color:var(--awb-color1);--button-border-radius-top-left:30px;--button-border-radius-top-right:30px;--button-border-radius-bottom-right:30px;--button-border-radius-bottom-left:30px;--button_gradient_top_color:#e58a27;--button_gradient_bottom_color:#f0bb82;--button_gradient_top_color_hover:#f0bb82;--button_gradient_bottom_color_hover:#e58a27;--button_typography-font-family:&#039;Arial Black&#039;, Gadget, sans-serif;--button_typography-font-style:normal;--button_typography-font-weight:400;width:calc(100%);\" target=\"_blank\" rel=\"noopener noreferrer\" href=\"http:\/\/www.creastro.fr\/WP\/3d-flip-book\/5357\/\"><i class=\"fa-eye fas awb-button__icon awb-button__icon--default button-icon-left\" aria-hidden=\"true\"><\/i><span class=\"fusion-button-text awb-button__text awb-button__text--default\">Voir un extrait<\/span><\/a><\/div><div class=\"fusion-separator fusion-full-width-sep\" style=\"align-self: center;margin-left: auto;margin-right: auto;margin-top:15px;width:100%;\"><\/div><div class=\"fusion-image-element \" style=\"text-align:center;--awb-caption-title-font-family:var(--h2_typography-font-family);--awb-caption-title-font-weight:var(--h2_typography-font-weight);--awb-caption-title-font-style:var(--h2_typography-font-style);--awb-caption-title-size:var(--h2_typography-font-size);--awb-caption-title-transform:var(--h2_typography-text-transform);--awb-caption-title-line-height:var(--h2_typography-line-height);--awb-caption-title-letter-spacing:var(--h2_typography-letter-spacing);\"><span class=\" fusion-imageframe imageframe-none imageframe-2 hover-type-none\" style=\"border:1px solid #607d8b;\"><img decoding=\"async\" width=\"619\" height=\"877\" title=\"CouvPlan\u00e8tes\" src=\"http:\/\/www.creastro.fr\/WP\/wp-content\/uploads\/2022\/08\/CouvPlan\u00e8tes.jpg\" alt class=\"img-responsive wp-image-5295\" srcset=\"https:\/\/www.creastro.fr\/WP\/wp-content\/uploads\/2022\/08\/CouvPlan\u00e8tes-200x283.jpg 200w, https:\/\/www.creastro.fr\/WP\/wp-content\/uploads\/2022\/08\/CouvPlan\u00e8tes-400x567.jpg 400w, https:\/\/www.creastro.fr\/WP\/wp-content\/uploads\/2022\/08\/CouvPlan\u00e8tes-600x850.jpg 600w, https:\/\/www.creastro.fr\/WP\/wp-content\/uploads\/2022\/08\/CouvPlan\u00e8tes.jpg 619w\" sizes=\"(max-width: 640px) 100vw, 400px\" \/><\/span><\/div><div class=\"fusion-separator fusion-full-width-sep\" style=\"align-self: center;margin-left: auto;margin-right: auto;margin-top:5px;width:100%;\"><\/div><div ><a class=\"fusion-button button-flat button-small button-custom fusion-button-default button-2 fusion-button-default-span fusion-has-button-gradient\" style=\"--button_accent_color:#ffffff;--button_border_color:#ffffff;--button_accent_hover_color:var(--awb-custom10);--button_border_hover_color:var(--awb-color1);--button-border-radius-top-left:30px;--button-border-radius-top-right:30px;--button-border-radius-bottom-right:30px;--button-border-radius-bottom-left:30px;--button_gradient_top_color:#e58a27;--button_gradient_bottom_color:#f0bb82;--button_gradient_top_color_hover:#f0bb82;--button_gradient_bottom_color_hover:#e58a27;--button_typography-font-family:&#039;Arial Black&#039;, Gadget, sans-serif;--button_typography-font-style:normal;--button_typography-font-weight:400;width:calc(100%);\" target=\"_blank\" rel=\"noopener noreferrer\" href=\"http:\/\/www.creastro.fr\/WP\/3d-flip-book\/planetes-extrait\/\"><i class=\"fa-eye fas awb-button__icon awb-button__icon--default button-icon-left\" aria-hidden=\"true\"><\/i><span class=\"fusion-button-text awb-button__text awb-button__text--default\">Voir un extrait<\/span><\/a><\/div><div class=\"fusion-separator fusion-full-width-sep\" style=\"align-self: center;margin-left: auto;margin-right: auto;margin-top:15px;width:100%;\"><\/div><div class=\"fusion-image-element \" style=\"text-align:center;--awb-caption-title-font-family:var(--h2_typography-font-family);--awb-caption-title-font-weight:var(--h2_typography-font-weight);--awb-caption-title-font-style:var(--h2_typography-font-style);--awb-caption-title-size:var(--h2_typography-font-size);--awb-caption-title-transform:var(--h2_typography-text-transform);--awb-caption-title-line-height:var(--h2_typography-line-height);--awb-caption-title-letter-spacing:var(--h2_typography-letter-spacing);\"><span class=\" fusion-imageframe imageframe-none imageframe-3 hover-type-none\" style=\"border:1px solid #607d8b;\"><img decoding=\"async\" width=\"619\" height=\"877\" title=\"CouvMaisons\" src=\"http:\/\/www.creastro.fr\/WP\/wp-content\/uploads\/2022\/08\/CouvMaisons.jpg\" alt class=\"img-responsive wp-image-5296\" srcset=\"https:\/\/www.creastro.fr\/WP\/wp-content\/uploads\/2022\/08\/CouvMaisons-200x283.jpg 200w, https:\/\/www.creastro.fr\/WP\/wp-content\/uploads\/2022\/08\/CouvMaisons-400x567.jpg 400w, https:\/\/www.creastro.fr\/WP\/wp-content\/uploads\/2022\/08\/CouvMaisons-600x850.jpg 600w, https:\/\/www.creastro.fr\/WP\/wp-content\/uploads\/2022\/08\/CouvMaisons.jpg 619w\" sizes=\"(max-width: 640px) 100vw, 400px\" \/><\/span><\/div><div class=\"fusion-separator fusion-full-width-sep\" style=\"align-self: center;margin-left: auto;margin-right: auto;margin-top:5px;width:100%;\"><\/div><div ><a class=\"fusion-button button-flat button-small button-custom fusion-button-default button-3 fusion-button-default-span fusion-has-button-gradient\" style=\"--button_accent_color:#ffffff;--button_border_color:#ffffff;--button_accent_hover_color:var(--awb-custom10);--button_border_hover_color:var(--awb-color1);--button-border-radius-top-left:30px;--button-border-radius-top-right:30px;--button-border-radius-bottom-right:30px;--button-border-radius-bottom-left:30px;--button_gradient_top_color:#e58a27;--button_gradient_bottom_color:#f0bb82;--button_gradient_top_color_hover:#f0bb82;--button_gradient_bottom_color_hover:#e58a27;--button_typography-font-family:&#039;Arial Black&#039;, Gadget, sans-serif;--button_typography-font-style:normal;--button_typography-font-weight:400;width:calc(100%);\" target=\"_blank\" rel=\"noopener noreferrer\" href=\"http:\/\/www.creastro.fr\/WP\/3d-flip-book\/maisons-extrait\/\"><i class=\"fa-eye fas awb-button__icon awb-button__icon--default button-icon-left\" aria-hidden=\"true\"><\/i><span class=\"fusion-button-text awb-button__text awb-button__text--default\">Voir un extrait<\/span><\/a><\/div><div class=\"fusion-separator fusion-full-width-sep\" style=\"align-self: center;margin-left: auto;margin-right: auto;margin-top:15px;width:100%;\"><\/div><div class=\"fusion-text fusion-text-1\"><h5><a href=\"http:\/\/www.creastro.fr\/WP\/cours\/cycle-2-debutant\/\" target=\"_blank\" rel=\"noopener noreferrer\">&#8211; Cycle 2 &#8211; d\u00e9butant<\/a><\/h5>\n<h5><a href=\"http:\/\/www.creastro.fr\/WP\/cours\/cycle-3-avance\/\" target=\"_blank\" rel=\"noopener noreferrer\">&#8211; Cycle 3 &#8211; Avanc\u00e9<\/a><\/h5>\n<h5><a href=\"http:\/\/www.creastro.fr\/WP\/cours\/cycle-4\/\" target=\"_blank\" rel=\"noopener noreferrer\">&#8211; Cycle 4 &#8211; Confirm\u00e9<\/a><\/h5>\n<h5><\/h5>\n<\/div><\/div><\/div><div class=\"fusion-layout-column fusion_builder_column fusion-builder-column-1 fusion_builder_column_3_5 3_5 fusion-flex-column\" style=\"--awb-bg-size:cover;--awb-width-large:60%;--awb-margin-top-large:0px;--awb-spacing-right-large:3.2%;--awb-margin-bottom-large:20px;--awb-spacing-left-large:4.8%;--awb-width-medium:60%;--awb-spacing-right-medium:3.2%;--awb-spacing-left-medium:4.8%;--awb-width-small:100%;--awb-spacing-right-small:1.92%;--awb-spacing-left-small:1.92%;\"><div class=\"fusion-column-wrapper fusion-flex-justify-content-flex-start fusion-content-layout-column\"><div class=\"fusion-text fusion-text-2\"><p style=\"margin-top: 0px;\"><span style=\"color: #908455;\"><strong>Le cours complet du Cycle 1 &#8211; Initiation<\/strong><\/span> s\u2019adresse \u00e0 toutes les personnes qui d\u00e9sirent faire un travail d\u2019introspection en explorant le langage de la symbolique astrologique.<\/p>\n<p style=\"margin-top: 0px;\">Il permet d\u2019en acqu\u00e9rir les principales bases, n\u00e9cessaires pour passer au cours suivant du Cycle 2 &#8211; D\u00e9butant.<\/p>\n<p style=\"margin-top: 0px;\">Contrairement aux cours du Cycle 2, 3 et 4 qui sont propos\u00e9s en vid\u00e9o communication, <strong>le cours du Cycle 1 \u2013 Initiation se pr\u00e9sente d\u00e9sormais sous la forme de trois livrets astrologiques \u00e0 t\u00e9l\u00e9charger au format pdf, accompagn\u00e9 de 4h30 de rendez-vous personnalis\u00e9 <\/strong>(1h30 par livret), soit en pr\u00e9sentiel, soit par vid\u00e9o communication en fonction des disponibilit\u00e9s de l\u2019\u00e9tudiant.<\/p>\n<h3 style=\"margin-top: 30px;\">MARCHE A SUIVRE<\/h3>\n<p style=\"margin-top: 0px;\">Apr\u00e8s avoir r\u00e9gler l\u2019ensemble du cours, l\u2019\u00e9tudiant re\u00e7oit en t\u00e9l\u00e9chargement le premier livret. Apr\u00e8s avoir appris le contenu du livret (je recommande de ne pas d\u00e9passer trois mois pour l&rsquo;\u00e9tude d&rsquo;un livret), l&rsquo;\u00e9tudiant prend son premier rendez-vous personnalis\u00e9 pour pouvoir ensuite recevoir le deuxi\u00e8me livret et ainsi de suite jusqu\u2019\u00e0 l\u2019obtention du troisi\u00e8me livret.<\/p>\n<p style=\"margin-top: 0px;\"><strong>Ce temps de rendez-vous personnalis\u00e9 (\u00e0 d\u00e9finir avec l&rsquo;\u00e9tudiant et apr\u00e8s l\u2019\u00e9tude du livret en cours) permettra :<\/strong><\/p>\n<ul>\n<li style=\"margin-top: 8px;\">\u00c0 l\u2019\u00e9tudiant de poser toutes les questions qui lui viendront \u00e0 l\u2019\u00e9tude du livret.<\/li>\n<li style=\"margin-top: 8px;\">D\u2019appliquer le cours en regard \u00e0 son propre th\u00e8me de naissance pour en d\u00e9couvrir toutes les richesses au fur et \u00e0 mesure et aller progressivement \u00e0 la rencontre de soi-m\u00eame.<\/li>\n<li style=\"margin-top: 8px;\">Au professeur de valider les connaissances acquises par l\u2019\u00e9tudiant.<\/li>\n<\/ul>\n<h3 style=\"margin-top: 30px;\">PROGRAMME<\/h3>\n<p style=\"margin-top: 0px;\"><strong>Livret cours n\u00b01 &#8211; les Signes du Zodiaque<\/strong><\/p>\n<ul>\n<li style=\"margin-top: 8px;\">L\u2019astrologie qu\u2019est-ce que c\u2019est ?<\/li>\n<li style=\"margin-top: 8px;\">Ce que l\u2019on peut en attendre \u00e0 travers son symbolisme et sa loi d\u2019analogie.<\/li>\n<li style=\"margin-top: 8px;\">L\u2019architecture cosmique \u00e0 travers le binaire, le ternaire, le quaternaire.<\/li>\n<li style=\"margin-top: 8px;\">Le zodiaque c\u00e9leste et son rythme \u00e0 travers les 12 signes.<\/li>\n<\/ul>\n<p style=\"margin-top: 0px;\"><strong>Livret cours n\u00b02 &#8211; Les Plan\u00e8tes <\/strong><\/p>\n<ul>\n<li style=\"margin-top: 8px;\">Pr\u00e9sentation g\u00e9n\u00e9rale.<\/li>\n<li style=\"margin-top: 8px;\">Plan\u00e8tes en dignit\u00e9s, d\u00e9bilit\u00e9s ou p\u00e9r\u00e9grines<\/li>\n<li style=\"margin-top: 8px;\">Quelques r\u00e8gles fondamentales.<\/li>\n<li style=\"margin-top: 8px;\">Les plan\u00e8tes : leur sens analogique global (sociologiques, psychologiques, physiologiques\u2026).<\/li>\n<\/ul>\n<p style=\"margin-top: 0px;\"><strong>Livret cours n\u00b03 &#8211; Les Maisons Astrologiques<\/strong><\/p>\n<ul>\n<li style=\"margin-top: 8px;\">Pr\u00e9sentation g\u00e9n\u00e9rale.<\/li>\n<li style=\"margin-top: 8px;\">Comment fonction une maison ?<\/li>\n<li style=\"margin-top: 8px;\">Quelques r\u00e8gles fondamentales.<\/li>\n<li style=\"margin-top: 8px;\">Les quadrants.<\/li>\n<li style=\"margin-top: 8px;\">Le symbolisme des maisons, 12 secteurs de la vie humaine, 12 domaines d\u2019exp\u00e9rience.<\/li>\n<\/ul>\n<h3 style=\"margin-top: 30px;\">MODALITES DE REGLEMENT<\/h3>\n<p style=\"margin-top: 10px;\"><strong>Co\u00fbt global Cycle 1 &#8211; Initiation : 588 \u20ac<\/strong> ( ch\u00e8que \u00e0 \u00e9tablir \u00e0 l\u2019ordre de Philippe Sonneville) + <strong>10 \u20ac<\/strong> de frais d\u2019adh\u00e9sion pour l\u2019ann\u00e9e \u00e0 l\u2019association Cr\u00e9\u2019Astro. Possibilit\u00e9 de payer en 3 ch\u00e8ques de 196 \u20ac. Chaque ch\u00e8que sera alors d\u00e9bit\u00e9 au t\u00e9l\u00e9chargement de chaque livret<\/p>\n<\/div><div class=\"fusion-separator fusion-full-width-sep\" style=\"align-self: center;margin-left: auto;margin-right: auto;margin-top:20px;width:100%;\"><\/div><div style=\"text-align:center;\"><a class=\"fusion-button button-flat fusion-button-default-size button-custom fusion-button-default button-4 fusion-button-default-span \" style=\"--button_accent_color:#e58a27;--button_border_color:#e58a27;--button_accent_hover_color:#d1c9ba;--button_border_hover_color:#d1c9ba;--button_border_width-top:1px;--button_border_width-right:1px;--button_border_width-bottom:1px;--button_border_width-left:1px;--button-border-radius-top-left:30px;--button-border-radius-top-right:30px;--button-border-radius-bottom-right:30px;--button-border-radius-bottom-left:30px;--button_gradient_top_color:#ffffff;--button_gradient_bottom_color:#ffffff;--button_gradient_top_color_hover:#f0ede8;--button_gradient_bottom_color_hover:#f0ede8;--button_typography-font-family:&#039;Arial Black&#039;, Gadget, sans-serif;--button_typography-font-style:normal;--button_typography-font-weight:400;--button_margin-right:20%;--button_margin-left:20%;width:calc(100% - 20% - 20%);\" target=\"_blank\" rel=\"noopener noreferrer\" href=\"http:\/\/www.creastro.fr\/WP\/wp-content\/uploads\/2025\/08\/PrgAstro-1-202526.pdf\"><i class=\"fa-download fas awb-button__icon awb-button__icon--default button-icon-left\" aria-hidden=\"true\"><\/i><span class=\"fusion-button-text awb-button__text awb-button__text--default\">Programme des cours 2025-2026<\/span><\/a><\/div><div class=\"fusion-separator fusion-full-width-sep\" style=\"align-self: center;margin-left: auto;margin-right: auto;margin-top:20px;width:100%;\"><\/div><div class=\"fusion-text fusion-text-3\"><p><strong>Pour \u00a0vous inscrire au cours du Cycle-1, vous pouvez utiliser le formulaire en ligne en cliquant sur le bouton ci-dessous\u2026<\/strong><\/p>\n<\/div><div style=\"text-align:left;\"><a class=\"fusion-button button-flat button-small button-custom fusion-button-default button-5 fusion-button-default-span fusion-has-button-gradient\" style=\"--button_accent_color:var(--awb-color1);--button_border_color:#e58a27;--button_accent_hover_color:#d1c9ba;--button_border_hover_color:#d1c9ba;--button_border_width-top:1px;--button_border_width-right:1px;--button_border_width-bottom:1px;--button_border_width-left:1px;--button-border-radius-top-left:30px;--button-border-radius-top-right:30px;--button-border-radius-bottom-right:30px;--button-border-radius-bottom-left:30px;--button_gradient_top_color:#e58a27;--button_gradient_bottom_color:var(--awb-custom10);--button_gradient_top_color_hover:#f0ede8;--button_gradient_bottom_color_hover:#f0ede8;--button_typography-font-family:&#039;Arial Black&#039;, Gadget, sans-serif;--button_typography-font-style:normal;--button_typography-font-weight:400;--button_margin-right:20%;--button_margin-left:20%;width:calc(100% - 20% - 20%);\" target=\"_blank\" rel=\"noopener noreferrer\" href=\"http:\/\/www.creastro.fr\/WP\/inscription-cours\/\"><i class=\"fa-edit far awb-button__icon awb-button__icon--default button-icon-left\" aria-hidden=\"true\"><\/i><span class=\"fusion-button-text awb-button__text awb-button__text--default\">Inscription en ligne<\/span><\/a><\/div><div class=\"fusion-separator fusion-full-width-sep\" style=\"align-self: center;margin-left: auto;margin-right: auto;margin-top:20px;width:100%;\"><\/div><div class=\"fusion-text fusion-text-4\"><p><strong>Vous pouvez aussi t\u00e9l\u00e9charger le bulletin d&rsquo;inscription et l&rsquo;envoyer \u00e0 l&rsquo;adresse indiqu\u00e9e dans le bulletin\u2026<\/strong><\/p>\n<\/div><div style=\"text-align:center;\"><a class=\"fusion-button button-flat button-small button-custom fusion-button-default button-6 fusion-button-default-span \" style=\"--button_accent_color:#e58a27;--button_border_color:#e58a27;--button_accent_hover_color:#d1c9ba;--button_border_hover_color:#d1c9ba;--button_border_width-top:1px;--button_border_width-right:1px;--button_border_width-bottom:1px;--button_border_width-left:1px;--button-border-radius-top-left:30px;--button-border-radius-top-right:30px;--button-border-radius-bottom-right:30px;--button-border-radius-bottom-left:30px;--button_gradient_top_color:#ffffff;--button_gradient_bottom_color:#ffffff;--button_gradient_top_color_hover:#f0ede8;--button_gradient_bottom_color_hover:#f0ede8;--button_typography-font-family:&#039;Arial Black&#039;, Gadget, sans-serif;--button_typography-font-style:normal;--button_typography-font-weight:400;--button_margin-right:20%;--button_margin-left:20%;width:calc(100% - 20% - 20%);\" target=\"_blank\" rel=\"noopener noreferrer\" href=\"http:\/\/www.creastro.fr\/WP\/wp-content\/uploads\/2024\/09\/BulletinInscription2024-25.pdf\"><i class=\"fa-download fas awb-button__icon awb-button__icon--default button-icon-left\" aria-hidden=\"true\"><\/i><span class=\"fusion-button-text awb-button__text awb-button__text--default\">Bulletin d&rsquo;inscription<\/span><\/a><\/div><\/div><\/div><\/div><\/div>\n","protected":false},"excerpt":{"rendered":"","protected":false},"author":1,"featured_media":0,"parent":0,"menu_order":0,"comment_status":"closed","ping_status":"closed","template":"","meta":{"footnotes":""},"class_list":["post-3526","page","type-page","status-publish","hentry"],"yoast_head":"<!-- This site is optimized with the Yoast SEO plugin v27.3 - https:\/\/yoast.com\/product\/yoast-seo-wordpress\/ -->\n<title>Cycle 1 - Initiation - creastro<\/title>\n<meta name=\"robots\" content=\"index, follow, max-snippet:-1, max-image-preview:large, max-video-preview:-1\" \/>\n<link rel=\"canonical\" href=\"https:\/\/www.creastro.fr\/WP\/cycle-1-initiation\/\" \/>\n<meta property=\"og:locale\" content=\"fr_FR\" \/>\n<meta property=\"og:type\" content=\"article\" \/>\n<meta property=\"og:title\" content=\"Cycle 1 - Initiation - creastro\" \/>\n<meta property=\"og:url\" content=\"https:\/\/www.creastro.fr\/WP\/cycle-1-initiation\/\" \/>\n<meta property=\"og:site_name\" content=\"creastro\" \/>\n<meta property=\"article:modified_time\" content=\"2025-08-28T22:44:31+00:00\" \/>\n<meta name=\"twitter:card\" content=\"summary_large_image\" \/>\n<meta name=\"twitter:label1\" content=\"Dur\u00e9e de lecture estim\u00e9e\" \/>\n\t<meta name=\"twitter:data1\" content=\"3 minutes\" \/>\n<script type=\"application\/ld+json\" class=\"yoast-schema-graph\">{\"@context\":\"https:\\\/\\\/schema.org\",\"@graph\":[{\"@type\":\"WebPage\",\"@id\":\"https:\\\/\\\/www.creastro.fr\\\/WP\\\/cycle-1-initiation\\\/\",\"url\":\"https:\\\/\\\/www.creastro.fr\\\/WP\\\/cycle-1-initiation\\\/\",\"name\":\"Cycle 1 - Initiation - creastro\",\"isPartOf\":{\"@id\":\"https:\\\/\\\/www.creastro.fr\\\/WP\\\/#website\"},\"datePublished\":\"2018-10-31T18:56:44+00:00\",\"dateModified\":\"2025-08-28T22:44:31+00:00\",\"breadcrumb\":{\"@id\":\"https:\\\/\\\/www.creastro.fr\\\/WP\\\/cycle-1-initiation\\\/#breadcrumb\"},\"inLanguage\":\"fr-FR\",\"potentialAction\":[{\"@type\":\"ReadAction\",\"target\":[\"https:\\\/\\\/www.creastro.fr\\\/WP\\\/cycle-1-initiation\\\/\"]}]},{\"@type\":\"BreadcrumbList\",\"@id\":\"https:\\\/\\\/www.creastro.fr\\\/WP\\\/cycle-1-initiation\\\/#breadcrumb\",\"itemListElement\":[{\"@type\":\"ListItem\",\"position\":1,\"name\":\"Accueil\",\"item\":\"https:\\\/\\\/www.creastro.fr\\\/WP\\\/\"},{\"@type\":\"ListItem\",\"position\":2,\"name\":\"Cycle 1 &#8211; Initiation\"}]},{\"@type\":\"WebSite\",\"@id\":\"https:\\\/\\\/www.creastro.fr\\\/WP\\\/#website\",\"url\":\"https:\\\/\\\/www.creastro.fr\\\/WP\\\/\",\"name\":\"creastro\",\"description\":\"L&#039;astrologie comme outil de connaissance de soi, participe \u00e0 mettre l&#039;\u00catre debout dans l&#039;univers\u2026\",\"potentialAction\":[{\"@type\":\"SearchAction\",\"target\":{\"@type\":\"EntryPoint\",\"urlTemplate\":\"https:\\\/\\\/www.creastro.fr\\\/WP\\\/?s={search_term_string}\"},\"query-input\":{\"@type\":\"PropertyValueSpecification\",\"valueRequired\":true,\"valueName\":\"search_term_string\"}}],\"inLanguage\":\"fr-FR\"}]}<\/script>\n<!-- \/ Yoast SEO plugin. -->","yoast_head_json":{"title":"Cycle 1 - Initiation - creastro","robots":{"index":"index","follow":"follow","max-snippet":"max-snippet:-1","max-image-preview":"max-image-preview:large","max-video-preview":"max-video-preview:-1"},"canonical":"https:\/\/www.creastro.fr\/WP\/cycle-1-initiation\/","og_locale":"fr_FR","og_type":"article","og_title":"Cycle 1 - Initiation - creastro","og_url":"https:\/\/www.creastro.fr\/WP\/cycle-1-initiation\/","og_site_name":"creastro","article_modified_time":"2025-08-28T22:44:31+00:00","twitter_card":"summary_large_image","twitter_misc":{"Dur\u00e9e de lecture estim\u00e9e":"3 minutes"},"schema":{"@context":"https:\/\/schema.org","@graph":[{"@type":"WebPage","@id":"https:\/\/www.creastro.fr\/WP\/cycle-1-initiation\/","url":"https:\/\/www.creastro.fr\/WP\/cycle-1-initiation\/","name":"Cycle 1 - Initiation - creastro","isPartOf":{"@id":"https:\/\/www.creastro.fr\/WP\/#website"},"datePublished":"2018-10-31T18:56:44+00:00","dateModified":"2025-08-28T22:44:31+00:00","breadcrumb":{"@id":"https:\/\/www.creastro.fr\/WP\/cycle-1-initiation\/#breadcrumb"},"inLanguage":"fr-FR","potentialAction":[{"@type":"ReadAction","target":["https:\/\/www.creastro.fr\/WP\/cycle-1-initiation\/"]}]},{"@type":"BreadcrumbList","@id":"https:\/\/www.creastro.fr\/WP\/cycle-1-initiation\/#breadcrumb","itemListElement":[{"@type":"ListItem","position":1,"name":"Accueil","item":"https:\/\/www.creastro.fr\/WP\/"},{"@type":"ListItem","position":2,"name":"Cycle 1 &#8211; Initiation"}]},{"@type":"WebSite","@id":"https:\/\/www.creastro.fr\/WP\/#website","url":"https:\/\/www.creastro.fr\/WP\/","name":"creastro","description":"L&#039;astrologie comme outil de connaissance de soi, participe \u00e0 mettre l&#039;\u00catre debout dans l&#039;univers\u2026","potentialAction":[{"@type":"SearchAction","target":{"@type":"EntryPoint","urlTemplate":"https:\/\/www.creastro.fr\/WP\/?s={search_term_string}"},"query-input":{"@type":"PropertyValueSpecification","valueRequired":true,"valueName":"search_term_string"}}],"inLanguage":"fr-FR"}]}},"_links":{"self":[{"href":"https:\/\/www.creastro.fr\/WP\/wp-json\/wp\/v2\/pages\/3526","targetHints":{"allow":["GET"]}}],"collection":[{"href":"https:\/\/www.creastro.fr\/WP\/wp-json\/wp\/v2\/pages"}],"about":[{"href":"https:\/\/www.creastro.fr\/WP\/wp-json\/wp\/v2\/types\/page"}],"author":[{"embeddable":true,"href":"https:\/\/www.creastro.fr\/WP\/wp-json\/wp\/v2\/users\/1"}],"replies":[{"embeddable":true,"href":"https:\/\/www.creastro.fr\/WP\/wp-json\/wp\/v2\/comments?post=3526"}],"version-history":[{"count":3,"href":"https:\/\/www.creastro.fr\/WP\/wp-json\/wp\/v2\/pages\/3526\/revisions"}],"predecessor-version":[{"id":6930,"href":"https:\/\/www.creastro.fr\/WP\/wp-json\/wp\/v2\/pages\/3526\/revisions\/6930"}],"wp:attachment":[{"href":"https:\/\/www.creastro.fr\/WP\/wp-json\/wp\/v2\/media?parent=3526"}],"curies":[{"name":"wp","href":"https:\/\/api.w.org\/{rel}","templated":true}]}}