{"id":1713,"date":"2016-02-22T10:42:10","date_gmt":"2016-02-22T09:42:10","guid":{"rendered":"http:\/\/www.creastro.fr\/WP\/?page_id=1713"},"modified":"2019-09-09T11:26:11","modified_gmt":"2019-09-09T10:26:11","slug":"joelle-de-gravelaine","status":"publish","type":"page","link":"https:\/\/www.creastro.fr\/WP\/joelle-de-gravelaine\/","title":{"rendered":"Jo\u00eblle de Gravelaine"},"content":{"rendered":"<p><div class=\"fusion-fullwidth fullwidth-box fusion-builder-row-1 fusion-flex-container hundred-percent-fullwidth non-hundred-percent-height-scrolling\" style=\"--awb-border-radius-top-left:0px;--awb-border-radius-top-right:0px;--awb-border-radius-bottom-right:0px;--awb-border-radius-bottom-left:0px;--awb-overflow:visible;--awb-flex-wrap:wrap;\" ><div class=\"fusion-builder-row fusion-row fusion-flex-align-items-flex-start fusion-flex-content-wrap\" style=\"width:calc( 100% + 0px ) !important;max-width:calc( 100% + 0px ) !important;margin-left: calc(-0px \/ 2 );margin-right: calc(-0px \/ 2 );\"><div class=\"fusion-layout-column fusion_builder_column fusion-builder-column-0 fusion_builder_column_1_1 1_1 fusion-flex-column fusion-flex-align-self-flex-start fusion-column-no-min-height\" style=\"--awb-bg-size:cover;--awb-width-large:100%;--awb-margin-top-large:0px;--awb-spacing-right-large:0px;--awb-margin-bottom-large:0px;--awb-spacing-left-large:0px;--awb-width-medium:100%;--awb-spacing-right-medium:0px;--awb-spacing-left-medium:0px;--awb-width-small:100%;--awb-spacing-right-small:0px;--awb-spacing-left-small:0px;\"><div class=\"fusion-column-wrapper fusion-flex-justify-content-flex-start fusion-content-layout-column\"><div class=\"fusion-text fusion-text-1\"><p style=\"margin-top: 0px;\" align=\"justify\"><a href=\"http:\/\/www.creastro.fr\/WP\/wp-content\/uploads\/2014\/06\/Livre6.jpg\"><img decoding=\"async\" class=\"size-full wp-image-306 alignleft\" src=\"http:\/\/www.creastro.fr\/WP\/wp-content\/uploads\/2014\/06\/Livre6.jpg\" alt=\"Livre6\" width=\"130\" height=\"204\" \/><\/a><strong>Le retour de Lilith &#8211; La Lune Noire<br \/>\nJo\u00eblle de Gravelaine<\/strong><br \/>\nUne nouvelle image de la femme appara\u00eet aujourd&rsquo;hui dans l&rsquo;inconscient collectif. Lilith, c&rsquo;est la Grande D\u00e9esse, H\u00e9cate, Cyb\u00e8le, d&rsquo;autres encore, mais aussi la sorci\u00e8re, libre et indomptable, la force pure et sauvage de la Licorne ou encore la verticale exigence de la femme initiatrice.<br \/>\nEn astrologie, la Lune Noire signe notre rapport au sacrifice, \u00e0 l&rsquo;exigence, \u00e0 l&rsquo;absolu. Elle d\u00e9finit le visage de notre anima &#8211; ou de notre amimus -, notre double, notre ombre. Elle nous conduit au pied du mur et nous pousse vers la porte \u00e9troite. Nous passons, ou nous refusons l&rsquo;obstacle. A travers l&rsquo;\u0153uvre des po\u00e8tes, cin\u00e9astes, peintres, artistes m\u00e9diateurs de l&rsquo;inconscient collectif, influenc\u00e9s par la Lune Noire, l&rsquo;auteur cherche \u00e0 rendre sensibles, \u00e9vidents, ces \u00ab\u00a0mots de Lilith\u00a0\u00bb, tout en promenant le lecteur dans la for\u00eat des symboles, des mythes et des cosmogonies.<\/p>\n<\/div><\/div><\/div><\/div><\/div><div class=\"fusion-fullwidth fullwidth-box fusion-builder-row-2 fusion-flex-container nonhundred-percent-fullwidth non-hundred-percent-height-scrolling\" style=\"--awb-background-position:left top;--awb-border-radius-top-left:0px;--awb-border-radius-top-right:0px;--awb-border-radius-bottom-right:0px;--awb-border-radius-bottom-left:0px;--awb-padding-top:20px;--awb-padding-bottom:20px;--awb-border-sizes-top:0px;--awb-border-sizes-bottom:0px;--awb-flex-wrap:wrap;\" ><div class=\"fusion-builder-row fusion-row fusion-flex-align-items-flex-start fusion-flex-content-wrap\" style=\"max-width:calc( 1170px + 0px );margin-left: calc(-0px \/ 2 );margin-right: calc(-0px \/ 2 );\"><div class=\"fusion-layout-column fusion_builder_column fusion-builder-column-1 fusion_builder_column_1_1 1_1 fusion-flex-column fusion-flex-align-self-flex-start fusion-column-no-min-height\" style=\"--awb-bg-size:cover;--awb-width-large:100%;--awb-margin-top-large:0px;--awb-spacing-right-large:0px;--awb-margin-bottom-large:0px;--awb-spacing-left-large:0px;--awb-width-medium:100%;--awb-spacing-right-medium:0px;--awb-spacing-left-medium:0px;--awb-width-small:100%;--awb-spacing-right-small:0px;--awb-spacing-left-small:0px;\"><div class=\"fusion-column-wrapper fusion-flex-justify-content-flex-start fusion-content-layout-column\"><div class=\"fusion-text fusion-text-2\"><p style=\"text-align: center;\"><a href=\"http:\/\/www.creastro.fr\/WP\/alexandre-volguine\/\">1<\/a> &#8211; <a href=\"http:\/\/www.creastro.fr\/WP\/andre-barbault\/\">2<\/a> &#8211; <a href=\"http:\/\/www.creastro.fr\/WP\/brian-greene\/\">3<\/a> &#8211; <a href=\"http:\/\/www.creastro.fr\/WP\/jean-de-larche\/\">4<\/a> &#8211; 5 &#8211; <a href=\"http:\/\/www.creastro.fr\/WP\/liz-green\/\">6<\/a> &#8211; <a href=\"http:\/\/www.creastro.fr\/WP\/3562-2\/\">7<\/a><\/p>\n<\/div><\/div><\/div><\/div><\/div><\/p>\n","protected":false},"excerpt":{"rendered":"","protected":false},"author":1,"featured_media":0,"parent":0,"menu_order":0,"comment_status":"open","ping_status":"open","template":"","meta":{"footnotes":""},"class_list":["post-1713","page","type-page","status-publish","hentry"],"yoast_head":"<!-- This site is optimized with the Yoast SEO plugin v27.3 - https:\/\/yoast.com\/product\/yoast-seo-wordpress\/ -->\n<title>Jo\u00eblle de Gravelaine - creastro<\/title>\n<meta name=\"robots\" content=\"index, follow, max-snippet:-1, max-image-preview:large, max-video-preview:-1\" \/>\n<link rel=\"canonical\" href=\"https:\/\/www.creastro.fr\/WP\/joelle-de-gravelaine\/\" \/>\n<meta property=\"og:locale\" content=\"fr_FR\" \/>\n<meta property=\"og:type\" content=\"article\" \/>\n<meta property=\"og:title\" content=\"Jo\u00eblle de Gravelaine - creastro\" \/>\n<meta property=\"og:url\" content=\"https:\/\/www.creastro.fr\/WP\/joelle-de-gravelaine\/\" \/>\n<meta property=\"og:site_name\" content=\"creastro\" \/>\n<meta property=\"article:modified_time\" content=\"2019-09-09T10:26:11+00:00\" \/>\n<meta property=\"og:image\" content=\"http:\/\/www.creastro.fr\/WP\/wp-content\/uploads\/2014\/06\/Livre6.jpg\" \/>\n<meta name=\"twitter:card\" content=\"summary_large_image\" \/>\n<meta name=\"twitter:label1\" content=\"Dur\u00e9e de lecture estim\u00e9e\" \/>\n\t<meta name=\"twitter:data1\" content=\"2 minutes\" \/>\n<script type=\"application\/ld+json\" class=\"yoast-schema-graph\">{\"@context\":\"https:\\\/\\\/schema.org\",\"@graph\":[{\"@type\":\"WebPage\",\"@id\":\"https:\\\/\\\/www.creastro.fr\\\/WP\\\/joelle-de-gravelaine\\\/\",\"url\":\"https:\\\/\\\/www.creastro.fr\\\/WP\\\/joelle-de-gravelaine\\\/\",\"name\":\"Jo\u00eblle de Gravelaine - creastro\",\"isPartOf\":{\"@id\":\"https:\\\/\\\/www.creastro.fr\\\/WP\\\/#website\"},\"primaryImageOfPage\":{\"@id\":\"https:\\\/\\\/www.creastro.fr\\\/WP\\\/joelle-de-gravelaine\\\/#primaryimage\"},\"image\":{\"@id\":\"https:\\\/\\\/www.creastro.fr\\\/WP\\\/joelle-de-gravelaine\\\/#primaryimage\"},\"thumbnailUrl\":\"http:\\\/\\\/www.creastro.fr\\\/WP\\\/wp-content\\\/uploads\\\/2014\\\/06\\\/Livre6.jpg\",\"datePublished\":\"2016-02-22T09:42:10+00:00\",\"dateModified\":\"2019-09-09T10:26:11+00:00\",\"breadcrumb\":{\"@id\":\"https:\\\/\\\/www.creastro.fr\\\/WP\\\/joelle-de-gravelaine\\\/#breadcrumb\"},\"inLanguage\":\"fr-FR\",\"potentialAction\":[{\"@type\":\"ReadAction\",\"target\":[\"https:\\\/\\\/www.creastro.fr\\\/WP\\\/joelle-de-gravelaine\\\/\"]}]},{\"@type\":\"ImageObject\",\"inLanguage\":\"fr-FR\",\"@id\":\"https:\\\/\\\/www.creastro.fr\\\/WP\\\/joelle-de-gravelaine\\\/#primaryimage\",\"url\":\"https:\\\/\\\/www.creastro.fr\\\/WP\\\/wp-content\\\/uploads\\\/2014\\\/06\\\/Livre6.jpg\",\"contentUrl\":\"https:\\\/\\\/www.creastro.fr\\\/WP\\\/wp-content\\\/uploads\\\/2014\\\/06\\\/Livre6.jpg\",\"width\":130,\"height\":204},{\"@type\":\"BreadcrumbList\",\"@id\":\"https:\\\/\\\/www.creastro.fr\\\/WP\\\/joelle-de-gravelaine\\\/#breadcrumb\",\"itemListElement\":[{\"@type\":\"ListItem\",\"position\":1,\"name\":\"Accueil\",\"item\":\"https:\\\/\\\/www.creastro.fr\\\/WP\\\/\"},{\"@type\":\"ListItem\",\"position\":2,\"name\":\"Jo\u00eblle de Gravelaine\"}]},{\"@type\":\"WebSite\",\"@id\":\"https:\\\/\\\/www.creastro.fr\\\/WP\\\/#website\",\"url\":\"https:\\\/\\\/www.creastro.fr\\\/WP\\\/\",\"name\":\"creastro\",\"description\":\"L&#039;astrologie comme outil de connaissance de soi, participe \u00e0 mettre l&#039;\u00catre debout dans l&#039;univers\u2026\",\"potentialAction\":[{\"@type\":\"SearchAction\",\"target\":{\"@type\":\"EntryPoint\",\"urlTemplate\":\"https:\\\/\\\/www.creastro.fr\\\/WP\\\/?s={search_term_string}\"},\"query-input\":{\"@type\":\"PropertyValueSpecification\",\"valueRequired\":true,\"valueName\":\"search_term_string\"}}],\"inLanguage\":\"fr-FR\"}]}<\/script>\n<!-- \/ Yoast SEO plugin. -->","yoast_head_json":{"title":"Jo\u00eblle de Gravelaine - creastro","robots":{"index":"index","follow":"follow","max-snippet":"max-snippet:-1","max-image-preview":"max-image-preview:large","max-video-preview":"max-video-preview:-1"},"canonical":"https:\/\/www.creastro.fr\/WP\/joelle-de-gravelaine\/","og_locale":"fr_FR","og_type":"article","og_title":"Jo\u00eblle de Gravelaine - creastro","og_url":"https:\/\/www.creastro.fr\/WP\/joelle-de-gravelaine\/","og_site_name":"creastro","article_modified_time":"2019-09-09T10:26:11+00:00","og_image":[{"url":"http:\/\/www.creastro.fr\/WP\/wp-content\/uploads\/2014\/06\/Livre6.jpg","type":"","width":"","height":""}],"twitter_card":"summary_large_image","twitter_misc":{"Dur\u00e9e de lecture estim\u00e9e":"2 minutes"},"schema":{"@context":"https:\/\/schema.org","@graph":[{"@type":"WebPage","@id":"https:\/\/www.creastro.fr\/WP\/joelle-de-gravelaine\/","url":"https:\/\/www.creastro.fr\/WP\/joelle-de-gravelaine\/","name":"Jo\u00eblle de Gravelaine - creastro","isPartOf":{"@id":"https:\/\/www.creastro.fr\/WP\/#website"},"primaryImageOfPage":{"@id":"https:\/\/www.creastro.fr\/WP\/joelle-de-gravelaine\/#primaryimage"},"image":{"@id":"https:\/\/www.creastro.fr\/WP\/joelle-de-gravelaine\/#primaryimage"},"thumbnailUrl":"http:\/\/www.creastro.fr\/WP\/wp-content\/uploads\/2014\/06\/Livre6.jpg","datePublished":"2016-02-22T09:42:10+00:00","dateModified":"2019-09-09T10:26:11+00:00","breadcrumb":{"@id":"https:\/\/www.creastro.fr\/WP\/joelle-de-gravelaine\/#breadcrumb"},"inLanguage":"fr-FR","potentialAction":[{"@type":"ReadAction","target":["https:\/\/www.creastro.fr\/WP\/joelle-de-gravelaine\/"]}]},{"@type":"ImageObject","inLanguage":"fr-FR","@id":"https:\/\/www.creastro.fr\/WP\/joelle-de-gravelaine\/#primaryimage","url":"https:\/\/www.creastro.fr\/WP\/wp-content\/uploads\/2014\/06\/Livre6.jpg","contentUrl":"https:\/\/www.creastro.fr\/WP\/wp-content\/uploads\/2014\/06\/Livre6.jpg","width":130,"height":204},{"@type":"BreadcrumbList","@id":"https:\/\/www.creastro.fr\/WP\/joelle-de-gravelaine\/#breadcrumb","itemListElement":[{"@type":"ListItem","position":1,"name":"Accueil","item":"https:\/\/www.creastro.fr\/WP\/"},{"@type":"ListItem","position":2,"name":"Jo\u00eblle de Gravelaine"}]},{"@type":"WebSite","@id":"https:\/\/www.creastro.fr\/WP\/#website","url":"https:\/\/www.creastro.fr\/WP\/","name":"creastro","description":"L&#039;astrologie comme outil de connaissance de soi, participe \u00e0 mettre l&#039;\u00catre debout dans l&#039;univers\u2026","potentialAction":[{"@type":"SearchAction","target":{"@type":"EntryPoint","urlTemplate":"https:\/\/www.creastro.fr\/WP\/?s={search_term_string}"},"query-input":{"@type":"PropertyValueSpecification","valueRequired":true,"valueName":"search_term_string"}}],"inLanguage":"fr-FR"}]}},"_links":{"self":[{"href":"https:\/\/www.creastro.fr\/WP\/wp-json\/wp\/v2\/pages\/1713","targetHints":{"allow":["GET"]}}],"collection":[{"href":"https:\/\/www.creastro.fr\/WP\/wp-json\/wp\/v2\/pages"}],"about":[{"href":"https:\/\/www.creastro.fr\/WP\/wp-json\/wp\/v2\/types\/page"}],"author":[{"embeddable":true,"href":"https:\/\/www.creastro.fr\/WP\/wp-json\/wp\/v2\/users\/1"}],"replies":[{"embeddable":true,"href":"https:\/\/www.creastro.fr\/WP\/wp-json\/wp\/v2\/comments?post=1713"}],"version-history":[{"count":0,"href":"https:\/\/www.creastro.fr\/WP\/wp-json\/wp\/v2\/pages\/1713\/revisions"}],"wp:attachment":[{"href":"https:\/\/www.creastro.fr\/WP\/wp-json\/wp\/v2\/media?parent=1713"}],"curies":[{"name":"wp","href":"https:\/\/api.w.org\/{rel}","templated":true}]}}