{"id":1710,"date":"2016-02-22T10:39:43","date_gmt":"2016-02-22T09:39:43","guid":{"rendered":"http:\/\/www.creastro.fr\/WP\/?page_id=1710"},"modified":"2019-09-09T11:26:11","modified_gmt":"2019-09-09T10:26:11","slug":"alexandre-volguine","status":"publish","type":"page","link":"https:\/\/www.creastro.fr\/WP\/alexandre-volguine\/","title":{"rendered":"Alexandre Volguine"},"content":{"rendered":"<p><div class=\"fusion-fullwidth fullwidth-box fusion-builder-row-1 fusion-flex-container hundred-percent-fullwidth non-hundred-percent-height-scrolling\" style=\"--awb-border-radius-top-left:0px;--awb-border-radius-top-right:0px;--awb-border-radius-bottom-right:0px;--awb-border-radius-bottom-left:0px;--awb-overflow:visible;--awb-flex-wrap:wrap;\" ><div class=\"fusion-builder-row fusion-row fusion-flex-align-items-flex-start fusion-flex-content-wrap\" style=\"width:calc( 100% + 0px ) !important;max-width:calc( 100% + 0px ) !important;margin-left: calc(-0px \/ 2 );margin-right: calc(-0px \/ 2 );\"><div class=\"fusion-layout-column fusion_builder_column fusion-builder-column-0 fusion_builder_column_1_1 1_1 fusion-flex-column fusion-flex-align-self-flex-start fusion-column-no-min-height\" style=\"--awb-bg-size:cover;--awb-width-large:100%;--awb-margin-top-large:0px;--awb-spacing-right-large:0px;--awb-margin-bottom-large:0px;--awb-spacing-left-large:0px;--awb-width-medium:100%;--awb-spacing-right-medium:0px;--awb-spacing-left-medium:0px;--awb-width-small:100%;--awb-spacing-right-small:0px;--awb-spacing-left-small:0px;\"><div class=\"fusion-column-wrapper fusion-flex-justify-content-flex-start fusion-content-layout-column\"><div class=\"fusion-text fusion-text-1\"><p style=\"margin-top: 0px;\" align=\"justify\"><a href=\"http:\/\/www.creastro.fr\/WP\/wp-content\/uploads\/2014\/06\/Livre4.jpg\"><img decoding=\"async\" class=\"size-full wp-image-304 alignleft\" src=\"http:\/\/www.creastro.fr\/WP\/wp-content\/uploads\/2014\/06\/Livre4.jpg\" alt=\"Livre4\" width=\"130\" height=\"216\" \/><\/a><strong>Les significations des encadrements dans l\u2019horoscope<br \/>\nAlexandre Volguine &#8211; Editions Dervy-livres<\/strong><br \/>\nComme son nom l&rsquo;indique, cet ouvrage constitue une \u00e9tude d\u00e9taill\u00e9e sur la significations des encadrements dans l&rsquo;horoscope. En fait, tous les encadrements n&rsquo;y sont pas trait\u00e9s (voir le contenu) mais la fa\u00e7on dont le sujet est abord\u00e9, au del\u00e0 du c\u00f4t\u00e9 dictionnaire de r\u00e9f\u00e9rence, permet de bien suivre et donc de comprendre comment fonctionnent les encadrements en g\u00e9n\u00e9ral. Les lecteurs attentifs n&rsquo;auront donc pas de mal \u00e0 se d\u00e9brouiller ensuite pour appliquer les r\u00e8gles \u00e9nonc\u00e9es aux plan\u00e8tes qui ne sont pas abord\u00e9es textuellement. De nombreux exemples illustrent chaque cas.<\/p>\n<p style=\"margin-top: 116px;\" align=\"justify\"><a href=\"http:\/\/www.creastro.fr\/WP\/wp-content\/uploads\/2014\/06\/Livre5.jpg\"><img decoding=\"async\" class=\"size-full wp-image-305 alignleft\" src=\"http:\/\/www.creastro.fr\/WP\/wp-content\/uploads\/2014\/06\/Livre5.jpg\" alt=\"Livre5\" width=\"130\" height=\"202\" \/><\/a><strong>La technique des R\u00e9volutions Solaires<br \/>\nAlexandre Volguine &#8211; Editions Dervy-livres<\/strong><br \/>\nLe syst\u00e8me des R\u00e9volutions Solaires est non seulement le plus riche en d\u00e9ductions et le plus facile \u00e0 manier, mais aussi celui qui correspond le mieux aux exigences de l&rsquo;esprit scientifique. En effet, il ne se fonde pas sur un mouvement imaginaire des astres, mais sur un fait astronomique : le retour du Soleil \u00e0 la place qu&rsquo;il occupait au moment de la naissance. De m\u00eame que notre naissance est une \u00ab\u00a0origine du monde\u00a0\u00bb personnelle et unique, de m\u00eame notre anniversaire devrait \u00eatre un temps fort \u00e9galement unique, et marquant un nouveau d\u00e9part. Ceci ne signifie pas que les R\u00e9volutions Solaires exclues l&#8217;emploi simultan\u00e9 d&rsquo;autres syst\u00e8mes, notamment des directions. Dans chaque cas particulier, il faut arriver \u00e0 une synth\u00e8se harmonieuse, la seule permettant une pr\u00e9vision juste. Cet ouvrage permettra, au d\u00e9butant comme \u00e0 l&rsquo;initi\u00e9, de se familiariser avec un syst\u00e8me strictement traditionnel puisqu&rsquo;il est le d\u00e9veloppement des donn\u00e9es d&rsquo;Antoine de Villon, de Junetin de Florence et de bien d&rsquo;autres grands classiques de l&rsquo;Astrologie.<\/p>\n<\/div><\/div><\/div><\/div><\/div><div class=\"fusion-fullwidth fullwidth-box fusion-builder-row-2 fusion-flex-container nonhundred-percent-fullwidth non-hundred-percent-height-scrolling\" style=\"--awb-background-position:left top;--awb-border-radius-top-left:0px;--awb-border-radius-top-right:0px;--awb-border-radius-bottom-right:0px;--awb-border-radius-bottom-left:0px;--awb-padding-top:20px;--awb-padding-bottom:20px;--awb-border-sizes-top:0px;--awb-border-sizes-bottom:0px;--awb-flex-wrap:wrap;\" ><div class=\"fusion-builder-row fusion-row fusion-flex-align-items-flex-start fusion-flex-content-wrap\" style=\"max-width:calc( 1170px + 0px );margin-left: calc(-0px \/ 2 );margin-right: calc(-0px \/ 2 );\"><div class=\"fusion-layout-column fusion_builder_column fusion-builder-column-1 fusion_builder_column_1_1 1_1 fusion-flex-column fusion-flex-align-self-flex-start fusion-column-no-min-height\" style=\"--awb-bg-size:cover;--awb-width-large:100%;--awb-margin-top-large:0px;--awb-spacing-right-large:0px;--awb-margin-bottom-large:0px;--awb-spacing-left-large:0px;--awb-width-medium:100%;--awb-spacing-right-medium:0px;--awb-spacing-left-medium:0px;--awb-width-small:100%;--awb-spacing-right-small:0px;--awb-spacing-left-small:0px;\"><div class=\"fusion-column-wrapper fusion-flex-justify-content-flex-start fusion-content-layout-column\"><div class=\"fusion-text fusion-text-2\"><p style=\"text-align: center;\">1 &#8211; <a href=\"http:\/\/www.creastro.fr\/WP\/andre-barbault\/\">2<\/a> &#8211; <a href=\"http:\/\/www.creastro.fr\/WP\/brian-greene\/\">3<\/a> &#8211; <a href=\"http:\/\/www.creastro.fr\/WP\/jean-de-larche\/\">4<\/a> &#8211; <a href=\"http:\/\/www.creastro.fr\/WP\/joelle-de-gravelaine\/\">5<\/a> &#8211; <a href=\"http:\/\/www.creastro.fr\/WP\/liz-green\/\">6<\/a> &#8211; <a href=\"http:\/\/www.creastro.fr\/WP\/3562-2\/\">7<\/a><\/p>\n<\/div><\/div><\/div><\/div><\/div><\/p>\n","protected":false},"excerpt":{"rendered":"","protected":false},"author":1,"featured_media":0,"parent":0,"menu_order":0,"comment_status":"open","ping_status":"open","template":"","meta":{"footnotes":""},"class_list":["post-1710","page","type-page","status-publish","hentry"],"yoast_head":"<!-- This site is optimized with the Yoast SEO plugin v27.3 - https:\/\/yoast.com\/product\/yoast-seo-wordpress\/ -->\n<title>Alexandre Volguine - creastro<\/title>\n<meta name=\"robots\" content=\"index, follow, max-snippet:-1, max-image-preview:large, max-video-preview:-1\" \/>\n<link rel=\"canonical\" href=\"https:\/\/www.creastro.fr\/WP\/alexandre-volguine\/\" \/>\n<meta property=\"og:locale\" content=\"fr_FR\" \/>\n<meta property=\"og:type\" content=\"article\" \/>\n<meta property=\"og:title\" content=\"Alexandre Volguine - creastro\" \/>\n<meta property=\"og:url\" content=\"https:\/\/www.creastro.fr\/WP\/alexandre-volguine\/\" \/>\n<meta property=\"og:site_name\" content=\"creastro\" \/>\n<meta property=\"article:modified_time\" content=\"2019-09-09T10:26:11+00:00\" \/>\n<meta property=\"og:image\" content=\"http:\/\/www.creastro.fr\/WP\/wp-content\/uploads\/2014\/06\/Livre4.jpg\" \/>\n<meta name=\"twitter:card\" content=\"summary_large_image\" \/>\n<meta name=\"twitter:label1\" content=\"Dur\u00e9e de lecture estim\u00e9e\" \/>\n\t<meta name=\"twitter:data1\" content=\"3 minutes\" \/>\n<script type=\"application\/ld+json\" class=\"yoast-schema-graph\">{\"@context\":\"https:\\\/\\\/schema.org\",\"@graph\":[{\"@type\":\"WebPage\",\"@id\":\"https:\\\/\\\/www.creastro.fr\\\/WP\\\/alexandre-volguine\\\/\",\"url\":\"https:\\\/\\\/www.creastro.fr\\\/WP\\\/alexandre-volguine\\\/\",\"name\":\"Alexandre Volguine - creastro\",\"isPartOf\":{\"@id\":\"https:\\\/\\\/www.creastro.fr\\\/WP\\\/#website\"},\"primaryImageOfPage\":{\"@id\":\"https:\\\/\\\/www.creastro.fr\\\/WP\\\/alexandre-volguine\\\/#primaryimage\"},\"image\":{\"@id\":\"https:\\\/\\\/www.creastro.fr\\\/WP\\\/alexandre-volguine\\\/#primaryimage\"},\"thumbnailUrl\":\"http:\\\/\\\/www.creastro.fr\\\/WP\\\/wp-content\\\/uploads\\\/2014\\\/06\\\/Livre4.jpg\",\"datePublished\":\"2016-02-22T09:39:43+00:00\",\"dateModified\":\"2019-09-09T10:26:11+00:00\",\"breadcrumb\":{\"@id\":\"https:\\\/\\\/www.creastro.fr\\\/WP\\\/alexandre-volguine\\\/#breadcrumb\"},\"inLanguage\":\"fr-FR\",\"potentialAction\":[{\"@type\":\"ReadAction\",\"target\":[\"https:\\\/\\\/www.creastro.fr\\\/WP\\\/alexandre-volguine\\\/\"]}]},{\"@type\":\"ImageObject\",\"inLanguage\":\"fr-FR\",\"@id\":\"https:\\\/\\\/www.creastro.fr\\\/WP\\\/alexandre-volguine\\\/#primaryimage\",\"url\":\"https:\\\/\\\/www.creastro.fr\\\/WP\\\/wp-content\\\/uploads\\\/2014\\\/06\\\/Livre4.jpg\",\"contentUrl\":\"https:\\\/\\\/www.creastro.fr\\\/WP\\\/wp-content\\\/uploads\\\/2014\\\/06\\\/Livre4.jpg\",\"width\":130,\"height\":216},{\"@type\":\"BreadcrumbList\",\"@id\":\"https:\\\/\\\/www.creastro.fr\\\/WP\\\/alexandre-volguine\\\/#breadcrumb\",\"itemListElement\":[{\"@type\":\"ListItem\",\"position\":1,\"name\":\"Accueil\",\"item\":\"https:\\\/\\\/www.creastro.fr\\\/WP\\\/\"},{\"@type\":\"ListItem\",\"position\":2,\"name\":\"Alexandre Volguine\"}]},{\"@type\":\"WebSite\",\"@id\":\"https:\\\/\\\/www.creastro.fr\\\/WP\\\/#website\",\"url\":\"https:\\\/\\\/www.creastro.fr\\\/WP\\\/\",\"name\":\"creastro\",\"description\":\"L&#039;astrologie comme outil de connaissance de soi, participe \u00e0 mettre l&#039;\u00catre debout dans l&#039;univers\u2026\",\"potentialAction\":[{\"@type\":\"SearchAction\",\"target\":{\"@type\":\"EntryPoint\",\"urlTemplate\":\"https:\\\/\\\/www.creastro.fr\\\/WP\\\/?s={search_term_string}\"},\"query-input\":{\"@type\":\"PropertyValueSpecification\",\"valueRequired\":true,\"valueName\":\"search_term_string\"}}],\"inLanguage\":\"fr-FR\"}]}<\/script>\n<!-- \/ Yoast SEO plugin. -->","yoast_head_json":{"title":"Alexandre Volguine - creastro","robots":{"index":"index","follow":"follow","max-snippet":"max-snippet:-1","max-image-preview":"max-image-preview:large","max-video-preview":"max-video-preview:-1"},"canonical":"https:\/\/www.creastro.fr\/WP\/alexandre-volguine\/","og_locale":"fr_FR","og_type":"article","og_title":"Alexandre Volguine - creastro","og_url":"https:\/\/www.creastro.fr\/WP\/alexandre-volguine\/","og_site_name":"creastro","article_modified_time":"2019-09-09T10:26:11+00:00","og_image":[{"url":"http:\/\/www.creastro.fr\/WP\/wp-content\/uploads\/2014\/06\/Livre4.jpg","type":"","width":"","height":""}],"twitter_card":"summary_large_image","twitter_misc":{"Dur\u00e9e de lecture estim\u00e9e":"3 minutes"},"schema":{"@context":"https:\/\/schema.org","@graph":[{"@type":"WebPage","@id":"https:\/\/www.creastro.fr\/WP\/alexandre-volguine\/","url":"https:\/\/www.creastro.fr\/WP\/alexandre-volguine\/","name":"Alexandre Volguine - creastro","isPartOf":{"@id":"https:\/\/www.creastro.fr\/WP\/#website"},"primaryImageOfPage":{"@id":"https:\/\/www.creastro.fr\/WP\/alexandre-volguine\/#primaryimage"},"image":{"@id":"https:\/\/www.creastro.fr\/WP\/alexandre-volguine\/#primaryimage"},"thumbnailUrl":"http:\/\/www.creastro.fr\/WP\/wp-content\/uploads\/2014\/06\/Livre4.jpg","datePublished":"2016-02-22T09:39:43+00:00","dateModified":"2019-09-09T10:26:11+00:00","breadcrumb":{"@id":"https:\/\/www.creastro.fr\/WP\/alexandre-volguine\/#breadcrumb"},"inLanguage":"fr-FR","potentialAction":[{"@type":"ReadAction","target":["https:\/\/www.creastro.fr\/WP\/alexandre-volguine\/"]}]},{"@type":"ImageObject","inLanguage":"fr-FR","@id":"https:\/\/www.creastro.fr\/WP\/alexandre-volguine\/#primaryimage","url":"https:\/\/www.creastro.fr\/WP\/wp-content\/uploads\/2014\/06\/Livre4.jpg","contentUrl":"https:\/\/www.creastro.fr\/WP\/wp-content\/uploads\/2014\/06\/Livre4.jpg","width":130,"height":216},{"@type":"BreadcrumbList","@id":"https:\/\/www.creastro.fr\/WP\/alexandre-volguine\/#breadcrumb","itemListElement":[{"@type":"ListItem","position":1,"name":"Accueil","item":"https:\/\/www.creastro.fr\/WP\/"},{"@type":"ListItem","position":2,"name":"Alexandre Volguine"}]},{"@type":"WebSite","@id":"https:\/\/www.creastro.fr\/WP\/#website","url":"https:\/\/www.creastro.fr\/WP\/","name":"creastro","description":"L&#039;astrologie comme outil de connaissance de soi, participe \u00e0 mettre l&#039;\u00catre debout dans l&#039;univers\u2026","potentialAction":[{"@type":"SearchAction","target":{"@type":"EntryPoint","urlTemplate":"https:\/\/www.creastro.fr\/WP\/?s={search_term_string}"},"query-input":{"@type":"PropertyValueSpecification","valueRequired":true,"valueName":"search_term_string"}}],"inLanguage":"fr-FR"}]}},"_links":{"self":[{"href":"https:\/\/www.creastro.fr\/WP\/wp-json\/wp\/v2\/pages\/1710","targetHints":{"allow":["GET"]}}],"collection":[{"href":"https:\/\/www.creastro.fr\/WP\/wp-json\/wp\/v2\/pages"}],"about":[{"href":"https:\/\/www.creastro.fr\/WP\/wp-json\/wp\/v2\/types\/page"}],"author":[{"embeddable":true,"href":"https:\/\/www.creastro.fr\/WP\/wp-json\/wp\/v2\/users\/1"}],"replies":[{"embeddable":true,"href":"https:\/\/www.creastro.fr\/WP\/wp-json\/wp\/v2\/comments?post=1710"}],"version-history":[{"count":0,"href":"https:\/\/www.creastro.fr\/WP\/wp-json\/wp\/v2\/pages\/1710\/revisions"}],"wp:attachment":[{"href":"https:\/\/www.creastro.fr\/WP\/wp-json\/wp\/v2\/media?parent=1710"}],"curies":[{"name":"wp","href":"https:\/\/api.w.org\/{rel}","templated":true}]}}