{"id":1708,"date":"2016-02-22T10:36:47","date_gmt":"2016-02-22T09:36:47","guid":{"rendered":"http:\/\/www.creastro.fr\/WP\/?page_id=1708"},"modified":"2019-09-09T11:26:11","modified_gmt":"2019-09-09T10:26:11","slug":"liz-green","status":"publish","type":"page","link":"https:\/\/www.creastro.fr\/WP\/liz-green\/","title":{"rendered":"Liz Green"},"content":{"rendered":"<p><div class=\"fusion-fullwidth fullwidth-box fusion-builder-row-1 fusion-flex-container hundred-percent-fullwidth non-hundred-percent-height-scrolling\" style=\"--awb-border-radius-top-left:0px;--awb-border-radius-top-right:0px;--awb-border-radius-bottom-right:0px;--awb-border-radius-bottom-left:0px;--awb-overflow:visible;--awb-flex-wrap:wrap;\" ><div class=\"fusion-builder-row fusion-row fusion-flex-align-items-flex-start fusion-flex-content-wrap\" style=\"width:calc( 100% + 0px ) !important;max-width:calc( 100% + 0px ) !important;margin-left: calc(-0px \/ 2 );margin-right: calc(-0px \/ 2 );\"><div class=\"fusion-layout-column fusion_builder_column fusion-builder-column-0 fusion_builder_column_1_1 1_1 fusion-flex-column fusion-flex-align-self-flex-start fusion-column-no-min-height\" style=\"--awb-bg-size:cover;--awb-width-large:100%;--awb-margin-top-large:0px;--awb-spacing-right-large:0px;--awb-margin-bottom-large:0px;--awb-spacing-left-large:0px;--awb-width-medium:100%;--awb-spacing-right-medium:0px;--awb-spacing-left-medium:0px;--awb-width-small:100%;--awb-spacing-right-small:0px;--awb-spacing-left-small:0px;\"><div class=\"fusion-column-wrapper fusion-flex-justify-content-flex-start fusion-content-layout-column\"><div class=\"fusion-text fusion-text-1\"><p style=\"margin-top: 0px;\" align=\"justify\"><a href=\"http:\/\/www.creastro.fr\/WP\/wp-content\/uploads\/2014\/04\/DynamiquesInconscient.jpg\"><img decoding=\"async\" class=\" wp-image-1421 alignleft\" src=\"http:\/\/www.creastro.fr\/WP\/wp-content\/uploads\/2014\/04\/DynamiquesInconscient-187x300.jpg\" alt=\"LES DYNAMIQUES DE L'INCONSCIENT\" width=\"130\" height=\"209\" srcset=\"https:\/\/www.creastro.fr\/WP\/wp-content\/uploads\/2014\/04\/DynamiquesInconscient-187x300.jpg 187w, https:\/\/www.creastro.fr\/WP\/wp-content\/uploads\/2014\/04\/DynamiquesInconscient.jpg 295w\" sizes=\"(max-width: 130px) 100vw, 130px\" \/><\/a><strong>Astrologie : les dynamiques de l\u2019inconscient<br \/>\nLiz Greene &#8211; Howard Sasportas- Editions du Rocher<\/strong><br \/>\nLes auteurs y exposent les processus et probl\u00e8mes auxquels chacun peut \u00eatre confront\u00e9 durant son existence. Howard Saportas d\u00e9veloppe une psychologie de l&rsquo;agressivit\u00e9 \u00e0 travers les deux visages de Mars : l&rsquo;Ar\u00e8s grec et le Mars romain, destructivit\u00e9 et affirmation de soi. Il traite les diff\u00e9rents modes d&rsquo;expression et de transformation de cette \u00e9nergie, puis compare l&rsquo;agressivit\u00e9 de Mars \u00e0 celle de Saturne et Pluton. Il \u00e9tudie, dans une second temps, les plan\u00e8tes et aspects qui manifestent la qu\u00eate de l&rsquo;absolu, celle du sens de sa propre vie, les crises et les conflits que chacun rencontre sur la voie spirituelle. Liz Greene explore l&rsquo;autre face de l&rsquo;agression : la d\u00e9pression. Apr\u00e8s une description clinique, elle analyse les facteurs astrologiques qui traduisent son d\u00e9clenchement. La d\u00e9pression amorce souvent un processus de croissance capital. Elle est un rite de passage, une exp\u00e9rience d&rsquo;\u00e9veil qui peut conduire vers une expression de soi plus riche et plus vivante. Liz Greene pr\u00e9sente ensuite les diff\u00e9rentes \u00e9tapes du processus alchimique et leur concordance directe avec le symbolisme astrologique. La connaissance de ces \u00e9tapes s&rsquo;av\u00e8re particuli\u00e8rement utile pour approfondir la compr\u00e9hension des transits et des progressions. \u00a0\u00bb Elles sont les exp\u00e9riences fondamentales de la vie par lesquelles il semble que nous devions tous passer et qui nous font progresser lentement mais s\u00fbrement vers le but de l&rsquo;\u0153uvre \u00ab\u00a0.<\/p>\n<\/div><\/div><\/div><\/div><\/div><div class=\"fusion-fullwidth fullwidth-box fusion-builder-row-2 fusion-flex-container nonhundred-percent-fullwidth non-hundred-percent-height-scrolling\" style=\"--awb-background-position:left top;--awb-border-radius-top-left:0px;--awb-border-radius-top-right:0px;--awb-border-radius-bottom-right:0px;--awb-border-radius-bottom-left:0px;--awb-padding-top:20px;--awb-padding-bottom:20px;--awb-border-sizes-top:0px;--awb-border-sizes-bottom:0px;--awb-flex-wrap:wrap;\" ><div class=\"fusion-builder-row fusion-row fusion-flex-align-items-flex-start fusion-flex-content-wrap\" style=\"max-width:calc( 1170px + 0px );margin-left: calc(-0px \/ 2 );margin-right: calc(-0px \/ 2 );\"><div class=\"fusion-layout-column fusion_builder_column fusion-builder-column-1 fusion_builder_column_1_1 1_1 fusion-flex-column fusion-flex-align-self-flex-start fusion-column-no-min-height\" style=\"--awb-bg-size:cover;--awb-width-large:100%;--awb-margin-top-large:0px;--awb-spacing-right-large:0px;--awb-margin-bottom-large:0px;--awb-spacing-left-large:0px;--awb-width-medium:100%;--awb-spacing-right-medium:0px;--awb-spacing-left-medium:0px;--awb-width-small:100%;--awb-spacing-right-small:0px;--awb-spacing-left-small:0px;\"><div class=\"fusion-column-wrapper fusion-flex-justify-content-flex-start fusion-content-layout-column\"><div class=\"fusion-text fusion-text-2\"><p><a href=\"http:\/\/www.creastro.fr\/WP\/alexandre-volguine\/\">1<\/a> &#8211; <a href=\"http:\/\/www.creastro.fr\/WP\/andre-barbault\/\">2<\/a> &#8211; <a href=\"http:\/\/www.creastro.fr\/WP\/brian-greene\/\">3<\/a> &#8211; <a href=\"http:\/\/www.creastro.fr\/WP\/jean-de-larche\/\">4<\/a> &#8211; <a href=\"http:\/\/www.creastro.fr\/WP\/joelle-de-gravelaine\/\">5<\/a> &#8211; 6<\/p>\n<\/div><\/div><\/div><\/div><\/div><\/p>\n","protected":false},"excerpt":{"rendered":"","protected":false},"author":1,"featured_media":0,"parent":0,"menu_order":0,"comment_status":"open","ping_status":"open","template":"","meta":{"footnotes":""},"class_list":["post-1708","page","type-page","status-publish","hentry"],"yoast_head":"<!-- This site is optimized with the Yoast SEO plugin v27.3 - https:\/\/yoast.com\/product\/yoast-seo-wordpress\/ -->\n<title>Liz Green - creastro<\/title>\n<meta name=\"robots\" content=\"index, follow, max-snippet:-1, max-image-preview:large, max-video-preview:-1\" \/>\n<link rel=\"canonical\" href=\"https:\/\/www.creastro.fr\/WP\/liz-green\/\" \/>\n<meta property=\"og:locale\" content=\"fr_FR\" \/>\n<meta property=\"og:type\" content=\"article\" \/>\n<meta property=\"og:title\" content=\"Liz Green - creastro\" \/>\n<meta property=\"og:url\" content=\"https:\/\/www.creastro.fr\/WP\/liz-green\/\" \/>\n<meta property=\"og:site_name\" content=\"creastro\" \/>\n<meta property=\"article:modified_time\" content=\"2019-09-09T10:26:11+00:00\" \/>\n<meta property=\"og:image\" content=\"http:\/\/www.creastro.fr\/WP\/wp-content\/uploads\/2014\/04\/DynamiquesInconscient-187x300.jpg\" \/>\n<meta name=\"twitter:card\" content=\"summary_large_image\" \/>\n<meta name=\"twitter:label1\" content=\"Dur\u00e9e de lecture estim\u00e9e\" \/>\n\t<meta name=\"twitter:data1\" content=\"2 minutes\" \/>\n<script type=\"application\/ld+json\" class=\"yoast-schema-graph\">{\"@context\":\"https:\\\/\\\/schema.org\",\"@graph\":[{\"@type\":\"WebPage\",\"@id\":\"https:\\\/\\\/www.creastro.fr\\\/WP\\\/liz-green\\\/\",\"url\":\"https:\\\/\\\/www.creastro.fr\\\/WP\\\/liz-green\\\/\",\"name\":\"Liz Green - creastro\",\"isPartOf\":{\"@id\":\"https:\\\/\\\/www.creastro.fr\\\/WP\\\/#website\"},\"primaryImageOfPage\":{\"@id\":\"https:\\\/\\\/www.creastro.fr\\\/WP\\\/liz-green\\\/#primaryimage\"},\"image\":{\"@id\":\"https:\\\/\\\/www.creastro.fr\\\/WP\\\/liz-green\\\/#primaryimage\"},\"thumbnailUrl\":\"http:\\\/\\\/www.creastro.fr\\\/WP\\\/wp-content\\\/uploads\\\/2014\\\/04\\\/DynamiquesInconscient-187x300.jpg\",\"datePublished\":\"2016-02-22T09:36:47+00:00\",\"dateModified\":\"2019-09-09T10:26:11+00:00\",\"breadcrumb\":{\"@id\":\"https:\\\/\\\/www.creastro.fr\\\/WP\\\/liz-green\\\/#breadcrumb\"},\"inLanguage\":\"fr-FR\",\"potentialAction\":[{\"@type\":\"ReadAction\",\"target\":[\"https:\\\/\\\/www.creastro.fr\\\/WP\\\/liz-green\\\/\"]}]},{\"@type\":\"ImageObject\",\"inLanguage\":\"fr-FR\",\"@id\":\"https:\\\/\\\/www.creastro.fr\\\/WP\\\/liz-green\\\/#primaryimage\",\"url\":\"https:\\\/\\\/www.creastro.fr\\\/WP\\\/wp-content\\\/uploads\\\/2014\\\/04\\\/DynamiquesInconscient.jpg\",\"contentUrl\":\"https:\\\/\\\/www.creastro.fr\\\/WP\\\/wp-content\\\/uploads\\\/2014\\\/04\\\/DynamiquesInconscient.jpg\",\"width\":295,\"height\":474},{\"@type\":\"BreadcrumbList\",\"@id\":\"https:\\\/\\\/www.creastro.fr\\\/WP\\\/liz-green\\\/#breadcrumb\",\"itemListElement\":[{\"@type\":\"ListItem\",\"position\":1,\"name\":\"Accueil\",\"item\":\"https:\\\/\\\/www.creastro.fr\\\/WP\\\/\"},{\"@type\":\"ListItem\",\"position\":2,\"name\":\"Liz Green\"}]},{\"@type\":\"WebSite\",\"@id\":\"https:\\\/\\\/www.creastro.fr\\\/WP\\\/#website\",\"url\":\"https:\\\/\\\/www.creastro.fr\\\/WP\\\/\",\"name\":\"creastro\",\"description\":\"L&#039;astrologie comme outil de connaissance de soi, participe \u00e0 mettre l&#039;\u00catre debout dans l&#039;univers\u2026\",\"potentialAction\":[{\"@type\":\"SearchAction\",\"target\":{\"@type\":\"EntryPoint\",\"urlTemplate\":\"https:\\\/\\\/www.creastro.fr\\\/WP\\\/?s={search_term_string}\"},\"query-input\":{\"@type\":\"PropertyValueSpecification\",\"valueRequired\":true,\"valueName\":\"search_term_string\"}}],\"inLanguage\":\"fr-FR\"}]}<\/script>\n<!-- \/ Yoast SEO plugin. -->","yoast_head_json":{"title":"Liz Green - creastro","robots":{"index":"index","follow":"follow","max-snippet":"max-snippet:-1","max-image-preview":"max-image-preview:large","max-video-preview":"max-video-preview:-1"},"canonical":"https:\/\/www.creastro.fr\/WP\/liz-green\/","og_locale":"fr_FR","og_type":"article","og_title":"Liz Green - creastro","og_url":"https:\/\/www.creastro.fr\/WP\/liz-green\/","og_site_name":"creastro","article_modified_time":"2019-09-09T10:26:11+00:00","og_image":[{"url":"http:\/\/www.creastro.fr\/WP\/wp-content\/uploads\/2014\/04\/DynamiquesInconscient-187x300.jpg","type":"","width":"","height":""}],"twitter_card":"summary_large_image","twitter_misc":{"Dur\u00e9e de lecture estim\u00e9e":"2 minutes"},"schema":{"@context":"https:\/\/schema.org","@graph":[{"@type":"WebPage","@id":"https:\/\/www.creastro.fr\/WP\/liz-green\/","url":"https:\/\/www.creastro.fr\/WP\/liz-green\/","name":"Liz Green - creastro","isPartOf":{"@id":"https:\/\/www.creastro.fr\/WP\/#website"},"primaryImageOfPage":{"@id":"https:\/\/www.creastro.fr\/WP\/liz-green\/#primaryimage"},"image":{"@id":"https:\/\/www.creastro.fr\/WP\/liz-green\/#primaryimage"},"thumbnailUrl":"http:\/\/www.creastro.fr\/WP\/wp-content\/uploads\/2014\/04\/DynamiquesInconscient-187x300.jpg","datePublished":"2016-02-22T09:36:47+00:00","dateModified":"2019-09-09T10:26:11+00:00","breadcrumb":{"@id":"https:\/\/www.creastro.fr\/WP\/liz-green\/#breadcrumb"},"inLanguage":"fr-FR","potentialAction":[{"@type":"ReadAction","target":["https:\/\/www.creastro.fr\/WP\/liz-green\/"]}]},{"@type":"ImageObject","inLanguage":"fr-FR","@id":"https:\/\/www.creastro.fr\/WP\/liz-green\/#primaryimage","url":"https:\/\/www.creastro.fr\/WP\/wp-content\/uploads\/2014\/04\/DynamiquesInconscient.jpg","contentUrl":"https:\/\/www.creastro.fr\/WP\/wp-content\/uploads\/2014\/04\/DynamiquesInconscient.jpg","width":295,"height":474},{"@type":"BreadcrumbList","@id":"https:\/\/www.creastro.fr\/WP\/liz-green\/#breadcrumb","itemListElement":[{"@type":"ListItem","position":1,"name":"Accueil","item":"https:\/\/www.creastro.fr\/WP\/"},{"@type":"ListItem","position":2,"name":"Liz Green"}]},{"@type":"WebSite","@id":"https:\/\/www.creastro.fr\/WP\/#website","url":"https:\/\/www.creastro.fr\/WP\/","name":"creastro","description":"L&#039;astrologie comme outil de connaissance de soi, participe \u00e0 mettre l&#039;\u00catre debout dans l&#039;univers\u2026","potentialAction":[{"@type":"SearchAction","target":{"@type":"EntryPoint","urlTemplate":"https:\/\/www.creastro.fr\/WP\/?s={search_term_string}"},"query-input":{"@type":"PropertyValueSpecification","valueRequired":true,"valueName":"search_term_string"}}],"inLanguage":"fr-FR"}]}},"_links":{"self":[{"href":"https:\/\/www.creastro.fr\/WP\/wp-json\/wp\/v2\/pages\/1708","targetHints":{"allow":["GET"]}}],"collection":[{"href":"https:\/\/www.creastro.fr\/WP\/wp-json\/wp\/v2\/pages"}],"about":[{"href":"https:\/\/www.creastro.fr\/WP\/wp-json\/wp\/v2\/types\/page"}],"author":[{"embeddable":true,"href":"https:\/\/www.creastro.fr\/WP\/wp-json\/wp\/v2\/users\/1"}],"replies":[{"embeddable":true,"href":"https:\/\/www.creastro.fr\/WP\/wp-json\/wp\/v2\/comments?post=1708"}],"version-history":[{"count":0,"href":"https:\/\/www.creastro.fr\/WP\/wp-json\/wp\/v2\/pages\/1708\/revisions"}],"wp:attachment":[{"href":"https:\/\/www.creastro.fr\/WP\/wp-json\/wp\/v2\/media?parent=1708"}],"curies":[{"name":"wp","href":"https:\/\/api.w.org\/{rel}","templated":true}]}}