{"id":1703,"date":"2016-02-22T10:30:21","date_gmt":"2016-02-22T09:30:21","guid":{"rendered":"http:\/\/www.creastro.fr\/WP\/?page_id=1703"},"modified":"2019-09-09T11:26:11","modified_gmt":"2019-09-09T10:26:11","slug":"jean-de-larche","status":"publish","type":"page","link":"https:\/\/www.creastro.fr\/WP\/jean-de-larche\/","title":{"rendered":"Jean De Larche"},"content":{"rendered":"<p><div class=\"fusion-fullwidth fullwidth-box fusion-builder-row-1 fusion-flex-container hundred-percent-fullwidth non-hundred-percent-height-scrolling\" style=\"--awb-border-radius-top-left:0px;--awb-border-radius-top-right:0px;--awb-border-radius-bottom-right:0px;--awb-border-radius-bottom-left:0px;--awb-overflow:visible;--awb-flex-wrap:wrap;\" ><div class=\"fusion-builder-row fusion-row fusion-flex-align-items-flex-start fusion-flex-content-wrap\" style=\"width:calc( 100% + 0px ) !important;max-width:calc( 100% + 0px ) !important;margin-left: calc(-0px \/ 2 );margin-right: calc(-0px \/ 2 );\"><div class=\"fusion-layout-column fusion_builder_column fusion-builder-column-0 fusion_builder_column_1_1 1_1 fusion-flex-column fusion-flex-align-self-flex-start fusion-column-no-min-height\" style=\"--awb-bg-size:cover;--awb-width-large:100%;--awb-margin-top-large:0px;--awb-spacing-right-large:0px;--awb-margin-bottom-large:0px;--awb-spacing-left-large:0px;--awb-width-medium:100%;--awb-spacing-right-medium:0px;--awb-spacing-left-medium:0px;--awb-width-small:100%;--awb-spacing-right-small:0px;--awb-spacing-left-small:0px;\"><div class=\"fusion-column-wrapper fusion-flex-justify-content-flex-start fusion-content-layout-column\"><div class=\"fusion-text fusion-text-1\"><p style=\"margin-top: Opx;\" align=\"justify\"><a href=\"http:\/\/www.creastro.fr\/WP\/wp-content\/uploads\/2014\/04\/41-ZcEtd9qL._SX331_BO1204203200_.jpg\"><img decoding=\"async\" class=\"alignleft wp-image-1494\" src=\"http:\/\/www.creastro.fr\/WP\/wp-content\/uploads\/2014\/04\/41-ZcEtd9qL._SX331_BO1204203200_-200x300.jpg\" alt=\"41+ZcEtd9qL._SX331_BO1,204,203,200_\" width=\"130\" height=\"195\" srcset=\"https:\/\/www.creastro.fr\/WP\/wp-content\/uploads\/2014\/04\/41-ZcEtd9qL._SX331_BO1204203200_-200x300.jpg 200w, https:\/\/www.creastro.fr\/WP\/wp-content\/uploads\/2014\/04\/41-ZcEtd9qL._SX331_BO1204203200_.jpg 333w\" sizes=\"(max-width: 130px) 100vw, 130px\" \/><\/a><strong>Le zodiaque astrologique originel<\/strong><br \/>\n<strong> Jean De Larche<\/strong><br \/>\nLe zodiaque astrologique originel, tel qu&rsquo;il est d\u00e9crit dans cet ouvrage, peut \u00eatre consid\u00e9r\u00e9 comme le r\u00e9f\u00e9rentiel, \u00e0 la fois permanent et dynamique, susceptible d&rsquo;aborder et de r\u00e9soudre tous les probl\u00e8mes pos\u00e9s par la recherche astrologique. Cet ouvrage, qui comporte un M\u00e9mento astrologique donnant les d\u00e9finitions des Plan\u00e8tes, des Signes et des Maisons selon l&rsquo;astrologie de base, l&rsquo;astrologie humaniste et l&rsquo;Astrologie transcendantale, s&rsquo;adresse \u00e0 tous les chercheurs, d\u00e9butants ou chevronn\u00e9s, qui sont anim\u00e9s par la passion de notre discipline.<\/p>\n<p style=\"margin-top: 95px;\" align=\"justify\"><strong><a href=\"http:\/\/www.creastro.fr\/WP\/wp-content\/uploads\/2018\/08\/Ce\u0301res.jpg\"><img decoding=\"async\" class=\"alignleft wp-image-3444\" src=\"http:\/\/www.creastro.fr\/WP\/wp-content\/uploads\/2018\/08\/Ce\u0301res-200x300.jpg\" alt=\"\" width=\"130\" height=\"195\" srcset=\"https:\/\/www.creastro.fr\/WP\/wp-content\/uploads\/2018\/08\/Ce\u0301res-200x300.jpg 200w, https:\/\/www.creastro.fr\/WP\/wp-content\/uploads\/2018\/08\/Ce\u0301res.jpg 333w\" sizes=\"(max-width: 130px) 100vw, 130px\" \/><\/a>C\u00e9res<\/strong><br \/>\n<strong> Jean De Larche<\/strong><br \/>\nVoici la r\u00e9\u00e9dition attendue d\u2019un classique de l\u2019astrologie. Cette nouvelle \u00e9dition enrichie, permet d\u2019approfondir la connaissance de C\u00e9r\u00e8s, consid\u00e9r\u00e9e comme la plan\u00e8te ma\u00eetresse de la Vierge. Cet ouvrage unique offre au lecteur une exploration exhaustive des potentialit\u00e9s de C\u00e9r\u00e8s, mais au-del\u00e0 de cette utilit\u00e9 imm\u00e9diate que les astrologues d\u00e9butants ou confirm\u00e9s peuvent y trouver, ce livre distille une profondeur et une sagesse sur le fonctionnement de l\u2019\u00eatre humain se mouvant au sein du Cosmos. L\u2019auteur d\u00e9voile l\u2019importance de C\u00e9r\u00e8s dans la vie humaine, il nous avertit que le message subtil de C\u00e9r\u00e8s est de faire comprendre \u00e0 l\u2019homme ce qu\u2019il a \u00e0 accomplir pour se civiliser jusque dans les gestes les plus anodins de la quotidiennet\u00e9. Chacun sera \u00e0<span class=\"more-text\"> m\u00eame d\u2019approfondir son savoir astrologique \u00e0 travers ces pages qui donnent la d\u00e9finition de ce que repr\u00e9sente C\u00e9r\u00e8s en signe, en maison et dans ses rapports avec les autres plan\u00e8tes d\u2019un th\u00e8me.<\/span><\/p>\n<\/div><\/div><\/div><\/div><\/div><div class=\"fusion-fullwidth fullwidth-box fusion-builder-row-2 fusion-flex-container nonhundred-percent-fullwidth non-hundred-percent-height-scrolling\" style=\"--awb-background-position:left top;--awb-border-radius-top-left:0px;--awb-border-radius-top-right:0px;--awb-border-radius-bottom-right:0px;--awb-border-radius-bottom-left:0px;--awb-padding-top:20px;--awb-padding-bottom:20px;--awb-border-sizes-top:0px;--awb-border-sizes-bottom:0px;--awb-flex-wrap:wrap;\" ><div class=\"fusion-builder-row fusion-row fusion-flex-align-items-flex-start fusion-flex-content-wrap\" style=\"max-width:calc( 1170px + 0px );margin-left: calc(-0px \/ 2 );margin-right: calc(-0px \/ 2 );\"><div class=\"fusion-layout-column fusion_builder_column fusion-builder-column-1 fusion_builder_column_1_1 1_1 fusion-flex-column fusion-flex-align-self-flex-start fusion-column-no-min-height\" style=\"--awb-bg-size:cover;--awb-width-large:100%;--awb-margin-top-large:0px;--awb-spacing-right-large:0px;--awb-margin-bottom-large:0px;--awb-spacing-left-large:0px;--awb-width-medium:100%;--awb-spacing-right-medium:0px;--awb-spacing-left-medium:0px;--awb-width-small:100%;--awb-spacing-right-small:0px;--awb-spacing-left-small:0px;\"><div class=\"fusion-column-wrapper fusion-flex-justify-content-flex-start fusion-content-layout-column\"><div class=\"fusion-text fusion-text-2\"><p style=\"text-align: center;\"><a href=\"http:\/\/www.creastro.fr\/WP\/alexandre-volguine\/\">1<\/a> &#8211; <a href=\"http:\/\/www.creastro.fr\/WP\/andre-barbault\/\">2<\/a> &#8211; <a href=\"http:\/\/www.creastro.fr\/WP\/brian-greene\/\">3<\/a> &#8211; 4 &#8211; <a href=\"http:\/\/www.creastro.fr\/WP\/joelle-de-gravelaine\/\">5<\/a> &#8211; <a href=\"http:\/\/www.creastro.fr\/WP\/liz-green\/\">6<\/a> &#8211; <a href=\"http:\/\/www.creastro.fr\/WP\/3562-2\/\">7<\/a><\/p>\n<\/div><\/div><\/div><\/div><\/div><\/p>\n","protected":false},"excerpt":{"rendered":"","protected":false},"author":1,"featured_media":0,"parent":0,"menu_order":0,"comment_status":"open","ping_status":"open","template":"","meta":{"footnotes":""},"class_list":["post-1703","page","type-page","status-publish","hentry"],"yoast_head":"<!-- This site is optimized with the Yoast SEO plugin v27.3 - https:\/\/yoast.com\/product\/yoast-seo-wordpress\/ -->\n<title>Jean De Larche - creastro<\/title>\n<meta name=\"robots\" content=\"index, follow, max-snippet:-1, max-image-preview:large, max-video-preview:-1\" \/>\n<link rel=\"canonical\" href=\"https:\/\/www.creastro.fr\/WP\/jean-de-larche\/\" \/>\n<meta property=\"og:locale\" content=\"fr_FR\" \/>\n<meta property=\"og:type\" content=\"article\" \/>\n<meta property=\"og:title\" content=\"Jean De Larche - creastro\" \/>\n<meta property=\"og:url\" content=\"https:\/\/www.creastro.fr\/WP\/jean-de-larche\/\" \/>\n<meta property=\"og:site_name\" content=\"creastro\" \/>\n<meta property=\"article:modified_time\" content=\"2019-09-09T10:26:11+00:00\" \/>\n<meta property=\"og:image\" content=\"http:\/\/www.creastro.fr\/WP\/wp-content\/uploads\/2014\/04\/41-ZcEtd9qL._SX331_BO1204203200_-200x300.jpg\" \/>\n<meta name=\"twitter:card\" content=\"summary_large_image\" \/>\n<meta name=\"twitter:label1\" content=\"Dur\u00e9e de lecture estim\u00e9e\" \/>\n\t<meta name=\"twitter:data1\" content=\"3 minutes\" \/>\n<script type=\"application\/ld+json\" class=\"yoast-schema-graph\">{\"@context\":\"https:\\\/\\\/schema.org\",\"@graph\":[{\"@type\":\"WebPage\",\"@id\":\"https:\\\/\\\/www.creastro.fr\\\/WP\\\/jean-de-larche\\\/\",\"url\":\"https:\\\/\\\/www.creastro.fr\\\/WP\\\/jean-de-larche\\\/\",\"name\":\"Jean De Larche - creastro\",\"isPartOf\":{\"@id\":\"https:\\\/\\\/www.creastro.fr\\\/WP\\\/#website\"},\"primaryImageOfPage\":{\"@id\":\"https:\\\/\\\/www.creastro.fr\\\/WP\\\/jean-de-larche\\\/#primaryimage\"},\"image\":{\"@id\":\"https:\\\/\\\/www.creastro.fr\\\/WP\\\/jean-de-larche\\\/#primaryimage\"},\"thumbnailUrl\":\"http:\\\/\\\/www.creastro.fr\\\/WP\\\/wp-content\\\/uploads\\\/2014\\\/04\\\/41-ZcEtd9qL._SX331_BO1204203200_-200x300.jpg\",\"datePublished\":\"2016-02-22T09:30:21+00:00\",\"dateModified\":\"2019-09-09T10:26:11+00:00\",\"breadcrumb\":{\"@id\":\"https:\\\/\\\/www.creastro.fr\\\/WP\\\/jean-de-larche\\\/#breadcrumb\"},\"inLanguage\":\"fr-FR\",\"potentialAction\":[{\"@type\":\"ReadAction\",\"target\":[\"https:\\\/\\\/www.creastro.fr\\\/WP\\\/jean-de-larche\\\/\"]}]},{\"@type\":\"ImageObject\",\"inLanguage\":\"fr-FR\",\"@id\":\"https:\\\/\\\/www.creastro.fr\\\/WP\\\/jean-de-larche\\\/#primaryimage\",\"url\":\"https:\\\/\\\/www.creastro.fr\\\/WP\\\/wp-content\\\/uploads\\\/2014\\\/04\\\/41-ZcEtd9qL._SX331_BO1204203200_.jpg\",\"contentUrl\":\"https:\\\/\\\/www.creastro.fr\\\/WP\\\/wp-content\\\/uploads\\\/2014\\\/04\\\/41-ZcEtd9qL._SX331_BO1204203200_.jpg\",\"width\":333,\"height\":499},{\"@type\":\"BreadcrumbList\",\"@id\":\"https:\\\/\\\/www.creastro.fr\\\/WP\\\/jean-de-larche\\\/#breadcrumb\",\"itemListElement\":[{\"@type\":\"ListItem\",\"position\":1,\"name\":\"Accueil\",\"item\":\"https:\\\/\\\/www.creastro.fr\\\/WP\\\/\"},{\"@type\":\"ListItem\",\"position\":2,\"name\":\"Jean De Larche\"}]},{\"@type\":\"WebSite\",\"@id\":\"https:\\\/\\\/www.creastro.fr\\\/WP\\\/#website\",\"url\":\"https:\\\/\\\/www.creastro.fr\\\/WP\\\/\",\"name\":\"creastro\",\"description\":\"L&#039;astrologie comme outil de connaissance de soi, participe \u00e0 mettre l&#039;\u00catre debout dans l&#039;univers\u2026\",\"potentialAction\":[{\"@type\":\"SearchAction\",\"target\":{\"@type\":\"EntryPoint\",\"urlTemplate\":\"https:\\\/\\\/www.creastro.fr\\\/WP\\\/?s={search_term_string}\"},\"query-input\":{\"@type\":\"PropertyValueSpecification\",\"valueRequired\":true,\"valueName\":\"search_term_string\"}}],\"inLanguage\":\"fr-FR\"}]}<\/script>\n<!-- \/ Yoast SEO plugin. -->","yoast_head_json":{"title":"Jean De Larche - creastro","robots":{"index":"index","follow":"follow","max-snippet":"max-snippet:-1","max-image-preview":"max-image-preview:large","max-video-preview":"max-video-preview:-1"},"canonical":"https:\/\/www.creastro.fr\/WP\/jean-de-larche\/","og_locale":"fr_FR","og_type":"article","og_title":"Jean De Larche - creastro","og_url":"https:\/\/www.creastro.fr\/WP\/jean-de-larche\/","og_site_name":"creastro","article_modified_time":"2019-09-09T10:26:11+00:00","og_image":[{"url":"http:\/\/www.creastro.fr\/WP\/wp-content\/uploads\/2014\/04\/41-ZcEtd9qL._SX331_BO1204203200_-200x300.jpg","type":"","width":"","height":""}],"twitter_card":"summary_large_image","twitter_misc":{"Dur\u00e9e de lecture estim\u00e9e":"3 minutes"},"schema":{"@context":"https:\/\/schema.org","@graph":[{"@type":"WebPage","@id":"https:\/\/www.creastro.fr\/WP\/jean-de-larche\/","url":"https:\/\/www.creastro.fr\/WP\/jean-de-larche\/","name":"Jean De Larche - creastro","isPartOf":{"@id":"https:\/\/www.creastro.fr\/WP\/#website"},"primaryImageOfPage":{"@id":"https:\/\/www.creastro.fr\/WP\/jean-de-larche\/#primaryimage"},"image":{"@id":"https:\/\/www.creastro.fr\/WP\/jean-de-larche\/#primaryimage"},"thumbnailUrl":"http:\/\/www.creastro.fr\/WP\/wp-content\/uploads\/2014\/04\/41-ZcEtd9qL._SX331_BO1204203200_-200x300.jpg","datePublished":"2016-02-22T09:30:21+00:00","dateModified":"2019-09-09T10:26:11+00:00","breadcrumb":{"@id":"https:\/\/www.creastro.fr\/WP\/jean-de-larche\/#breadcrumb"},"inLanguage":"fr-FR","potentialAction":[{"@type":"ReadAction","target":["https:\/\/www.creastro.fr\/WP\/jean-de-larche\/"]}]},{"@type":"ImageObject","inLanguage":"fr-FR","@id":"https:\/\/www.creastro.fr\/WP\/jean-de-larche\/#primaryimage","url":"https:\/\/www.creastro.fr\/WP\/wp-content\/uploads\/2014\/04\/41-ZcEtd9qL._SX331_BO1204203200_.jpg","contentUrl":"https:\/\/www.creastro.fr\/WP\/wp-content\/uploads\/2014\/04\/41-ZcEtd9qL._SX331_BO1204203200_.jpg","width":333,"height":499},{"@type":"BreadcrumbList","@id":"https:\/\/www.creastro.fr\/WP\/jean-de-larche\/#breadcrumb","itemListElement":[{"@type":"ListItem","position":1,"name":"Accueil","item":"https:\/\/www.creastro.fr\/WP\/"},{"@type":"ListItem","position":2,"name":"Jean De Larche"}]},{"@type":"WebSite","@id":"https:\/\/www.creastro.fr\/WP\/#website","url":"https:\/\/www.creastro.fr\/WP\/","name":"creastro","description":"L&#039;astrologie comme outil de connaissance de soi, participe \u00e0 mettre l&#039;\u00catre debout dans l&#039;univers\u2026","potentialAction":[{"@type":"SearchAction","target":{"@type":"EntryPoint","urlTemplate":"https:\/\/www.creastro.fr\/WP\/?s={search_term_string}"},"query-input":{"@type":"PropertyValueSpecification","valueRequired":true,"valueName":"search_term_string"}}],"inLanguage":"fr-FR"}]}},"_links":{"self":[{"href":"https:\/\/www.creastro.fr\/WP\/wp-json\/wp\/v2\/pages\/1703","targetHints":{"allow":["GET"]}}],"collection":[{"href":"https:\/\/www.creastro.fr\/WP\/wp-json\/wp\/v2\/pages"}],"about":[{"href":"https:\/\/www.creastro.fr\/WP\/wp-json\/wp\/v2\/types\/page"}],"author":[{"embeddable":true,"href":"https:\/\/www.creastro.fr\/WP\/wp-json\/wp\/v2\/users\/1"}],"replies":[{"embeddable":true,"href":"https:\/\/www.creastro.fr\/WP\/wp-json\/wp\/v2\/comments?post=1703"}],"version-history":[{"count":0,"href":"https:\/\/www.creastro.fr\/WP\/wp-json\/wp\/v2\/pages\/1703\/revisions"}],"wp:attachment":[{"href":"https:\/\/www.creastro.fr\/WP\/wp-json\/wp\/v2\/media?parent=1703"}],"curies":[{"name":"wp","href":"https:\/\/api.w.org\/{rel}","templated":true}]}}