{"id":1701,"date":"2016-02-22T10:27:53","date_gmt":"2016-02-22T09:27:53","guid":{"rendered":"http:\/\/www.creastro.fr\/WP\/?page_id=1701"},"modified":"2019-09-09T11:26:11","modified_gmt":"2019-09-09T10:26:11","slug":"brian-greene","status":"publish","type":"page","link":"https:\/\/www.creastro.fr\/WP\/brian-greene\/","title":{"rendered":"Brian Greene"},"content":{"rendered":"<p><div class=\"fusion-fullwidth fullwidth-box fusion-builder-row-1 fusion-flex-container hundred-percent-fullwidth non-hundred-percent-height-scrolling\" style=\"--awb-border-radius-top-left:0px;--awb-border-radius-top-right:0px;--awb-border-radius-bottom-right:0px;--awb-border-radius-bottom-left:0px;--awb-overflow:visible;--awb-flex-wrap:wrap;\" ><div class=\"fusion-builder-row fusion-row fusion-flex-align-items-flex-start fusion-flex-content-wrap\" style=\"width:calc( 100% + 0px ) !important;max-width:calc( 100% + 0px ) !important;margin-left: calc(-0px \/ 2 );margin-right: calc(-0px \/ 2 );\"><div class=\"fusion-layout-column fusion_builder_column fusion-builder-column-0 fusion_builder_column_1_1 1_1 fusion-flex-column fusion-flex-align-self-flex-start fusion-column-no-min-height\" style=\"--awb-bg-size:cover;--awb-width-large:100%;--awb-margin-top-large:0px;--awb-spacing-right-large:0px;--awb-margin-bottom-large:0px;--awb-spacing-left-large:0px;--awb-width-medium:100%;--awb-spacing-right-medium:0px;--awb-spacing-left-medium:0px;--awb-width-small:100%;--awb-spacing-right-small:0px;--awb-spacing-left-small:0px;\"><div class=\"fusion-column-wrapper fusion-flex-justify-content-flex-start fusion-content-layout-column\"><div class=\"fusion-text fusion-text-1\"><p align=\"justify\"><a href=\"http:\/\/www.creastro.fr\/WP\/wp-content\/uploads\/2015\/11\/magieducosmos.jpg\"><img decoding=\"async\" class=\"alignleft wp-image-1521\" src=\"http:\/\/www.creastro.fr\/WP\/wp-content\/uploads\/2015\/11\/magieducosmos-188x300.jpg\" alt=\"magieducosmos\" width=\"130\" height=\"208\" srcset=\"https:\/\/www.creastro.fr\/WP\/wp-content\/uploads\/2015\/11\/magieducosmos-188x300.jpg 188w, https:\/\/www.creastro.fr\/WP\/wp-content\/uploads\/2015\/11\/magieducosmos.jpg 312w\" sizes=\"(max-width: 130px) 100vw, 130px\" \/><\/a><strong><span class=\"verdana_bold_14_gris\">LA MAGIE DU COSMOS<\/span><\/strong><br \/>\n<strong> Brian Geene <\/strong>traduit par C\u00e9line laroche<br \/>\n<strong>Edition Laffont<\/strong><br \/>\n<span class=\"verdana_11_gris\">Brian Greene nous plonge dans <i>La Magie du Cosmos<\/i> et nous apprend \u00e0 nous m\u00e9fier des \u00e9vidences. La r\u00e9alit\u00e9 du monde est enti\u00e8rement \u00e0 repenser et, avec elle, les notions d&rsquo;espace, de temps, de vide&#8230;<br \/>\nPourquoi \u00ab\u00a0sentons-nous\u00a0\u00bb que nous bougeons quand une voiture prend un virage ou qu&rsquo;un avion d\u00e9colle? Pourquoi voir des gla\u00e7ons fondre peu \u00e0 peu dans notre verre nous donne-t-il un certain \u00ab\u00a0sens\u00a0\u00bb du temps qui passe&#8230;? Et en quoi cela peut-il bien nous renseigner sur la r\u00e9alit\u00e9 du monde? Ces impressions trahissent-elles une quelconque v\u00e9rit\u00e9? \u00ab\u00a0La science moderne, \u00e9crit Brian Greene, apporte la d\u00e9monstration que l&rsquo;exp\u00e9rience humaine est un tr\u00e8s mauvais guide pour qui veut d\u00e9couvrir la vraie nature de la r\u00e9alit\u00e9\u2026\u00a0\u00bb<\/span><\/p>\n<\/div><\/div><\/div><\/div><\/div><div class=\"fusion-fullwidth fullwidth-box fusion-builder-row-2 fusion-flex-container nonhundred-percent-fullwidth non-hundred-percent-height-scrolling\" style=\"--awb-background-position:left top;--awb-border-radius-top-left:0px;--awb-border-radius-top-right:0px;--awb-border-radius-bottom-right:0px;--awb-border-radius-bottom-left:0px;--awb-padding-top:20px;--awb-padding-bottom:20px;--awb-border-sizes-top:0px;--awb-border-sizes-bottom:0px;--awb-flex-wrap:wrap;\" ><div class=\"fusion-builder-row fusion-row fusion-flex-align-items-flex-start fusion-flex-content-wrap\" style=\"max-width:calc( 1170px + 0px );margin-left: calc(-0px \/ 2 );margin-right: calc(-0px \/ 2 );\"><div class=\"fusion-layout-column fusion_builder_column fusion-builder-column-1 fusion_builder_column_1_1 1_1 fusion-flex-column fusion-flex-align-self-flex-start fusion-column-no-min-height\" style=\"--awb-bg-size:cover;--awb-width-large:100%;--awb-margin-top-large:0px;--awb-spacing-right-large:0px;--awb-margin-bottom-large:0px;--awb-spacing-left-large:0px;--awb-width-medium:100%;--awb-spacing-right-medium:0px;--awb-spacing-left-medium:0px;--awb-width-small:100%;--awb-spacing-right-small:0px;--awb-spacing-left-small:0px;\"><div class=\"fusion-column-wrapper fusion-flex-justify-content-flex-start fusion-content-layout-column\"><div class=\"fusion-separator fusion-full-width-sep\" style=\"align-self: center;margin-left: auto;margin-right: auto;margin-top:20px;width:100%;\"><\/div><div class=\"fusion-text fusion-text-2\"><p style=\"text-align: center;\"><a href=\"http:\/\/www.creastro.fr\/WP\/alexandre-volguine\/\">1<\/a> &#8211; <a href=\"http:\/\/www.creastro.fr\/WP\/andre-barbault\/\">2<\/a> &#8211; 3 &#8211; <a href=\"http:\/\/www.creastro.fr\/WP\/jean-de-larche\/\">4<\/a> &#8211; <a href=\"http:\/\/www.creastro.fr\/WP\/joelle-de-gravelaine\/\">5<\/a> &#8211; <a href=\"http:\/\/www.creastro.fr\/WP\/liz-green\/\">6<\/a> &#8211; <a href=\"http:\/\/www.creastro.fr\/WP\/3562-2\/\">7<\/a><\/p>\n<\/div><\/div><\/div><\/div><\/div><\/p>\n","protected":false},"excerpt":{"rendered":"","protected":false},"author":1,"featured_media":0,"parent":0,"menu_order":0,"comment_status":"open","ping_status":"open","template":"","meta":{"footnotes":""},"class_list":["post-1701","page","type-page","status-publish","hentry"],"yoast_head":"<!-- This site is optimized with the Yoast SEO plugin v27.3 - https:\/\/yoast.com\/product\/yoast-seo-wordpress\/ -->\n<title>Brian Greene - creastro<\/title>\n<meta name=\"robots\" content=\"index, follow, max-snippet:-1, max-image-preview:large, max-video-preview:-1\" \/>\n<link rel=\"canonical\" href=\"https:\/\/www.creastro.fr\/WP\/brian-greene\/\" \/>\n<meta property=\"og:locale\" content=\"fr_FR\" \/>\n<meta property=\"og:type\" content=\"article\" \/>\n<meta property=\"og:title\" content=\"Brian Greene - creastro\" \/>\n<meta property=\"og:url\" content=\"https:\/\/www.creastro.fr\/WP\/brian-greene\/\" \/>\n<meta property=\"og:site_name\" content=\"creastro\" \/>\n<meta property=\"article:modified_time\" content=\"2019-09-09T10:26:11+00:00\" \/>\n<meta property=\"og:image\" content=\"http:\/\/www.creastro.fr\/WP\/wp-content\/uploads\/2015\/11\/magieducosmos-188x300.jpg\" \/>\n<meta name=\"twitter:card\" content=\"summary_large_image\" \/>\n<meta name=\"twitter:label1\" content=\"Dur\u00e9e de lecture estim\u00e9e\" \/>\n\t<meta name=\"twitter:data1\" content=\"2 minutes\" \/>\n<script type=\"application\/ld+json\" class=\"yoast-schema-graph\">{\"@context\":\"https:\\\/\\\/schema.org\",\"@graph\":[{\"@type\":\"WebPage\",\"@id\":\"https:\\\/\\\/www.creastro.fr\\\/WP\\\/brian-greene\\\/\",\"url\":\"https:\\\/\\\/www.creastro.fr\\\/WP\\\/brian-greene\\\/\",\"name\":\"Brian Greene - creastro\",\"isPartOf\":{\"@id\":\"https:\\\/\\\/www.creastro.fr\\\/WP\\\/#website\"},\"primaryImageOfPage\":{\"@id\":\"https:\\\/\\\/www.creastro.fr\\\/WP\\\/brian-greene\\\/#primaryimage\"},\"image\":{\"@id\":\"https:\\\/\\\/www.creastro.fr\\\/WP\\\/brian-greene\\\/#primaryimage\"},\"thumbnailUrl\":\"http:\\\/\\\/www.creastro.fr\\\/WP\\\/wp-content\\\/uploads\\\/2015\\\/11\\\/magieducosmos-188x300.jpg\",\"datePublished\":\"2016-02-22T09:27:53+00:00\",\"dateModified\":\"2019-09-09T10:26:11+00:00\",\"breadcrumb\":{\"@id\":\"https:\\\/\\\/www.creastro.fr\\\/WP\\\/brian-greene\\\/#breadcrumb\"},\"inLanguage\":\"fr-FR\",\"potentialAction\":[{\"@type\":\"ReadAction\",\"target\":[\"https:\\\/\\\/www.creastro.fr\\\/WP\\\/brian-greene\\\/\"]}]},{\"@type\":\"ImageObject\",\"inLanguage\":\"fr-FR\",\"@id\":\"https:\\\/\\\/www.creastro.fr\\\/WP\\\/brian-greene\\\/#primaryimage\",\"url\":\"https:\\\/\\\/www.creastro.fr\\\/WP\\\/wp-content\\\/uploads\\\/2015\\\/11\\\/magieducosmos.jpg\",\"contentUrl\":\"https:\\\/\\\/www.creastro.fr\\\/WP\\\/wp-content\\\/uploads\\\/2015\\\/11\\\/magieducosmos.jpg\",\"width\":312,\"height\":499},{\"@type\":\"BreadcrumbList\",\"@id\":\"https:\\\/\\\/www.creastro.fr\\\/WP\\\/brian-greene\\\/#breadcrumb\",\"itemListElement\":[{\"@type\":\"ListItem\",\"position\":1,\"name\":\"Accueil\",\"item\":\"https:\\\/\\\/www.creastro.fr\\\/WP\\\/\"},{\"@type\":\"ListItem\",\"position\":2,\"name\":\"Brian Greene\"}]},{\"@type\":\"WebSite\",\"@id\":\"https:\\\/\\\/www.creastro.fr\\\/WP\\\/#website\",\"url\":\"https:\\\/\\\/www.creastro.fr\\\/WP\\\/\",\"name\":\"creastro\",\"description\":\"L&#039;astrologie comme outil de connaissance de soi, participe \u00e0 mettre l&#039;\u00catre debout dans l&#039;univers\u2026\",\"potentialAction\":[{\"@type\":\"SearchAction\",\"target\":{\"@type\":\"EntryPoint\",\"urlTemplate\":\"https:\\\/\\\/www.creastro.fr\\\/WP\\\/?s={search_term_string}\"},\"query-input\":{\"@type\":\"PropertyValueSpecification\",\"valueRequired\":true,\"valueName\":\"search_term_string\"}}],\"inLanguage\":\"fr-FR\"}]}<\/script>\n<!-- \/ Yoast SEO plugin. -->","yoast_head_json":{"title":"Brian Greene - creastro","robots":{"index":"index","follow":"follow","max-snippet":"max-snippet:-1","max-image-preview":"max-image-preview:large","max-video-preview":"max-video-preview:-1"},"canonical":"https:\/\/www.creastro.fr\/WP\/brian-greene\/","og_locale":"fr_FR","og_type":"article","og_title":"Brian Greene - creastro","og_url":"https:\/\/www.creastro.fr\/WP\/brian-greene\/","og_site_name":"creastro","article_modified_time":"2019-09-09T10:26:11+00:00","og_image":[{"url":"http:\/\/www.creastro.fr\/WP\/wp-content\/uploads\/2015\/11\/magieducosmos-188x300.jpg","type":"","width":"","height":""}],"twitter_card":"summary_large_image","twitter_misc":{"Dur\u00e9e de lecture estim\u00e9e":"2 minutes"},"schema":{"@context":"https:\/\/schema.org","@graph":[{"@type":"WebPage","@id":"https:\/\/www.creastro.fr\/WP\/brian-greene\/","url":"https:\/\/www.creastro.fr\/WP\/brian-greene\/","name":"Brian Greene - creastro","isPartOf":{"@id":"https:\/\/www.creastro.fr\/WP\/#website"},"primaryImageOfPage":{"@id":"https:\/\/www.creastro.fr\/WP\/brian-greene\/#primaryimage"},"image":{"@id":"https:\/\/www.creastro.fr\/WP\/brian-greene\/#primaryimage"},"thumbnailUrl":"http:\/\/www.creastro.fr\/WP\/wp-content\/uploads\/2015\/11\/magieducosmos-188x300.jpg","datePublished":"2016-02-22T09:27:53+00:00","dateModified":"2019-09-09T10:26:11+00:00","breadcrumb":{"@id":"https:\/\/www.creastro.fr\/WP\/brian-greene\/#breadcrumb"},"inLanguage":"fr-FR","potentialAction":[{"@type":"ReadAction","target":["https:\/\/www.creastro.fr\/WP\/brian-greene\/"]}]},{"@type":"ImageObject","inLanguage":"fr-FR","@id":"https:\/\/www.creastro.fr\/WP\/brian-greene\/#primaryimage","url":"https:\/\/www.creastro.fr\/WP\/wp-content\/uploads\/2015\/11\/magieducosmos.jpg","contentUrl":"https:\/\/www.creastro.fr\/WP\/wp-content\/uploads\/2015\/11\/magieducosmos.jpg","width":312,"height":499},{"@type":"BreadcrumbList","@id":"https:\/\/www.creastro.fr\/WP\/brian-greene\/#breadcrumb","itemListElement":[{"@type":"ListItem","position":1,"name":"Accueil","item":"https:\/\/www.creastro.fr\/WP\/"},{"@type":"ListItem","position":2,"name":"Brian Greene"}]},{"@type":"WebSite","@id":"https:\/\/www.creastro.fr\/WP\/#website","url":"https:\/\/www.creastro.fr\/WP\/","name":"creastro","description":"L&#039;astrologie comme outil de connaissance de soi, participe \u00e0 mettre l&#039;\u00catre debout dans l&#039;univers\u2026","potentialAction":[{"@type":"SearchAction","target":{"@type":"EntryPoint","urlTemplate":"https:\/\/www.creastro.fr\/WP\/?s={search_term_string}"},"query-input":{"@type":"PropertyValueSpecification","valueRequired":true,"valueName":"search_term_string"}}],"inLanguage":"fr-FR"}]}},"_links":{"self":[{"href":"https:\/\/www.creastro.fr\/WP\/wp-json\/wp\/v2\/pages\/1701","targetHints":{"allow":["GET"]}}],"collection":[{"href":"https:\/\/www.creastro.fr\/WP\/wp-json\/wp\/v2\/pages"}],"about":[{"href":"https:\/\/www.creastro.fr\/WP\/wp-json\/wp\/v2\/types\/page"}],"author":[{"embeddable":true,"href":"https:\/\/www.creastro.fr\/WP\/wp-json\/wp\/v2\/users\/1"}],"replies":[{"embeddable":true,"href":"https:\/\/www.creastro.fr\/WP\/wp-json\/wp\/v2\/comments?post=1701"}],"version-history":[{"count":0,"href":"https:\/\/www.creastro.fr\/WP\/wp-json\/wp\/v2\/pages\/1701\/revisions"}],"wp:attachment":[{"href":"https:\/\/www.creastro.fr\/WP\/wp-json\/wp\/v2\/media?parent=1701"}],"curies":[{"name":"wp","href":"https:\/\/api.w.org\/{rel}","templated":true}]}}