{"id":1691,"date":"2016-02-19T09:36:35","date_gmt":"2016-02-19T08:36:35","guid":{"rendered":"http:\/\/www.creastro.fr\/WP\/?page_id=1691"},"modified":"2016-02-20T09:45:41","modified_gmt":"2016-02-20T08:45:41","slug":"question","status":"publish","type":"page","link":"https:\/\/www.creastro.fr\/WP\/question\/","title":{"rendered":"Questions \/ R\u00e9ponses"},"content":{"rendered":"<p>Chers \u00e9l\u00e8ves, cet espace est pour vous.<br \/>\nVous pouvez y poser toutes les questions concernant la partie astronomique de l&rsquo;astrologie.<br \/>\nLes r\u00e9ponses faites viendront enrichir le lexique. Ainsi, par votre curiosit\u00e9, vous contribuez \u00e0 l&rsquo;enrichir\u2026<br \/>\n \t[CONTACT_FORM_TO_EMAIL id=\u00a0\u00bb13&Prime;]<\/p>\n","protected":false},"excerpt":{"rendered":"<p>Chers \u00e9l\u00e8ves, cet espace est pour vous. Vous pouvez y poser toutes les questions concernant la partie astronomique de l&rsquo;astrologie. Les r\u00e9ponses faites viendront enrichir le lexique. Ainsi, par votre curiosit\u00e9, vous contribuez \u00e0 l&rsquo;enrichir\u2026 [CONTACT_FORM_TO_EMAIL id=\u00a0\u00bb13&Prime;]<\/p>\n","protected":false},"author":1,"featured_media":0,"parent":0,"menu_order":0,"comment_status":"open","ping_status":"open","template":"","meta":{"footnotes":""},"class_list":["post-1691","page","type-page","status-publish","hentry"],"yoast_head":"<!-- This site is optimized with the Yoast SEO plugin v27.3 - https:\/\/yoast.com\/product\/yoast-seo-wordpress\/ -->\n<title>Questions \/ R\u00e9ponses - creastro<\/title>\n<meta name=\"robots\" content=\"index, follow, max-snippet:-1, max-image-preview:large, max-video-preview:-1\" \/>\n<link rel=\"canonical\" href=\"https:\/\/www.creastro.fr\/WP\/question\/\" \/>\n<meta property=\"og:locale\" content=\"fr_FR\" \/>\n<meta property=\"og:type\" content=\"article\" \/>\n<meta property=\"og:title\" content=\"Questions \/ R\u00e9ponses - creastro\" \/>\n<meta property=\"og:description\" content=\"Chers \u00e9l\u00e8ves, cet espace est pour vous. Vous pouvez y poser toutes les questions concernant la partie astronomique de l&rsquo;astrologie. Les r\u00e9ponses faites viendront enrichir le lexique. Ainsi, par votre curiosit\u00e9, vous contribuez \u00e0 l&rsquo;enrichir\u2026 [CONTACT_FORM_TO_EMAIL id=\u00a0\u00bb13&Prime;]\" \/>\n<meta property=\"og:url\" content=\"https:\/\/www.creastro.fr\/WP\/question\/\" \/>\n<meta property=\"og:site_name\" content=\"creastro\" \/>\n<meta property=\"article:modified_time\" content=\"2016-02-20T08:45:41+00:00\" \/>\n<meta name=\"twitter:card\" content=\"summary_large_image\" \/>\n<script type=\"application\/ld+json\" class=\"yoast-schema-graph\">{\"@context\":\"https:\\\/\\\/schema.org\",\"@graph\":[{\"@type\":\"WebPage\",\"@id\":\"https:\\\/\\\/www.creastro.fr\\\/WP\\\/question\\\/\",\"url\":\"https:\\\/\\\/www.creastro.fr\\\/WP\\\/question\\\/\",\"name\":\"Questions \\\/ R\u00e9ponses - creastro\",\"isPartOf\":{\"@id\":\"https:\\\/\\\/www.creastro.fr\\\/WP\\\/#website\"},\"datePublished\":\"2016-02-19T08:36:35+00:00\",\"dateModified\":\"2016-02-20T08:45:41+00:00\",\"breadcrumb\":{\"@id\":\"https:\\\/\\\/www.creastro.fr\\\/WP\\\/question\\\/#breadcrumb\"},\"inLanguage\":\"fr-FR\",\"potentialAction\":[{\"@type\":\"ReadAction\",\"target\":[\"https:\\\/\\\/www.creastro.fr\\\/WP\\\/question\\\/\"]}]},{\"@type\":\"BreadcrumbList\",\"@id\":\"https:\\\/\\\/www.creastro.fr\\\/WP\\\/question\\\/#breadcrumb\",\"itemListElement\":[{\"@type\":\"ListItem\",\"position\":1,\"name\":\"Accueil\",\"item\":\"https:\\\/\\\/www.creastro.fr\\\/WP\\\/\"},{\"@type\":\"ListItem\",\"position\":2,\"name\":\"Questions \\\/ R\u00e9ponses\"}]},{\"@type\":\"WebSite\",\"@id\":\"https:\\\/\\\/www.creastro.fr\\\/WP\\\/#website\",\"url\":\"https:\\\/\\\/www.creastro.fr\\\/WP\\\/\",\"name\":\"creastro\",\"description\":\"L&#039;astrologie comme outil de connaissance de soi, participe \u00e0 mettre l&#039;\u00catre debout dans l&#039;univers\u2026\",\"potentialAction\":[{\"@type\":\"SearchAction\",\"target\":{\"@type\":\"EntryPoint\",\"urlTemplate\":\"https:\\\/\\\/www.creastro.fr\\\/WP\\\/?s={search_term_string}\"},\"query-input\":{\"@type\":\"PropertyValueSpecification\",\"valueRequired\":true,\"valueName\":\"search_term_string\"}}],\"inLanguage\":\"fr-FR\"}]}<\/script>\n<!-- \/ Yoast SEO plugin. -->","yoast_head_json":{"title":"Questions \/ R\u00e9ponses - creastro","robots":{"index":"index","follow":"follow","max-snippet":"max-snippet:-1","max-image-preview":"max-image-preview:large","max-video-preview":"max-video-preview:-1"},"canonical":"https:\/\/www.creastro.fr\/WP\/question\/","og_locale":"fr_FR","og_type":"article","og_title":"Questions \/ R\u00e9ponses - creastro","og_description":"Chers \u00e9l\u00e8ves, cet espace est pour vous. Vous pouvez y poser toutes les questions concernant la partie astronomique de l&rsquo;astrologie. Les r\u00e9ponses faites viendront enrichir le lexique. Ainsi, par votre curiosit\u00e9, vous contribuez \u00e0 l&rsquo;enrichir\u2026 [CONTACT_FORM_TO_EMAIL id=\u00a0\u00bb13&Prime;]","og_url":"https:\/\/www.creastro.fr\/WP\/question\/","og_site_name":"creastro","article_modified_time":"2016-02-20T08:45:41+00:00","twitter_card":"summary_large_image","schema":{"@context":"https:\/\/schema.org","@graph":[{"@type":"WebPage","@id":"https:\/\/www.creastro.fr\/WP\/question\/","url":"https:\/\/www.creastro.fr\/WP\/question\/","name":"Questions \/ R\u00e9ponses - creastro","isPartOf":{"@id":"https:\/\/www.creastro.fr\/WP\/#website"},"datePublished":"2016-02-19T08:36:35+00:00","dateModified":"2016-02-20T08:45:41+00:00","breadcrumb":{"@id":"https:\/\/www.creastro.fr\/WP\/question\/#breadcrumb"},"inLanguage":"fr-FR","potentialAction":[{"@type":"ReadAction","target":["https:\/\/www.creastro.fr\/WP\/question\/"]}]},{"@type":"BreadcrumbList","@id":"https:\/\/www.creastro.fr\/WP\/question\/#breadcrumb","itemListElement":[{"@type":"ListItem","position":1,"name":"Accueil","item":"https:\/\/www.creastro.fr\/WP\/"},{"@type":"ListItem","position":2,"name":"Questions \/ R\u00e9ponses"}]},{"@type":"WebSite","@id":"https:\/\/www.creastro.fr\/WP\/#website","url":"https:\/\/www.creastro.fr\/WP\/","name":"creastro","description":"L&#039;astrologie comme outil de connaissance de soi, participe \u00e0 mettre l&#039;\u00catre debout dans l&#039;univers\u2026","potentialAction":[{"@type":"SearchAction","target":{"@type":"EntryPoint","urlTemplate":"https:\/\/www.creastro.fr\/WP\/?s={search_term_string}"},"query-input":{"@type":"PropertyValueSpecification","valueRequired":true,"valueName":"search_term_string"}}],"inLanguage":"fr-FR"}]}},"_links":{"self":[{"href":"https:\/\/www.creastro.fr\/WP\/wp-json\/wp\/v2\/pages\/1691","targetHints":{"allow":["GET"]}}],"collection":[{"href":"https:\/\/www.creastro.fr\/WP\/wp-json\/wp\/v2\/pages"}],"about":[{"href":"https:\/\/www.creastro.fr\/WP\/wp-json\/wp\/v2\/types\/page"}],"author":[{"embeddable":true,"href":"https:\/\/www.creastro.fr\/WP\/wp-json\/wp\/v2\/users\/1"}],"replies":[{"embeddable":true,"href":"https:\/\/www.creastro.fr\/WP\/wp-json\/wp\/v2\/comments?post=1691"}],"version-history":[{"count":0,"href":"https:\/\/www.creastro.fr\/WP\/wp-json\/wp\/v2\/pages\/1691\/revisions"}],"wp:attachment":[{"href":"https:\/\/www.creastro.fr\/WP\/wp-json\/wp\/v2\/media?parent=1691"}],"curies":[{"name":"wp","href":"https:\/\/api.w.org\/{rel}","templated":true}]}}