{"id":1611,"date":"2016-02-06T20:36:11","date_gmt":"2016-02-06T19:36:11","guid":{"rendered":"http:\/\/www.creastro.fr\/WP\/?page_id=1611"},"modified":"2021-09-23T18:31:52","modified_gmt":"2021-09-23T17:31:52","slug":"lexique","status":"publish","type":"page","link":"https:\/\/www.creastro.fr\/WP\/lexique\/","title":{"rendered":"Lexique"},"content":{"rendered":"<p><div class=\"fusion-fullwidth fullwidth-box fusion-builder-row-1 fusion-flex-container nonhundred-percent-fullwidth non-hundred-percent-height-scrolling\" style=\"--awb-border-radius-top-left:0px;--awb-border-radius-top-right:0px;--awb-border-radius-bottom-right:0px;--awb-border-radius-bottom-left:0px;--awb-flex-wrap:wrap;\" ><div class=\"fusion-builder-row fusion-row fusion-flex-align-items-flex-start fusion-flex-content-wrap\" style=\"max-width:1216.8px;margin-left: calc(-4% \/ 2 );margin-right: calc(-4% \/ 2 );\"><div class=\"fusion-layout-column fusion_builder_column fusion-builder-column-0 fusion_builder_column_1_1 1_1 fusion-flex-column\" style=\"--awb-bg-size:cover;--awb-width-large:100%;--awb-margin-top-large:0px;--awb-spacing-right-large:1.92%;--awb-margin-bottom-large:0px;--awb-spacing-left-large:1.92%;--awb-width-medium:100%;--awb-spacing-right-medium:1.92%;--awb-spacing-left-medium:1.92%;--awb-width-small:100%;--awb-spacing-right-small:1.92%;--awb-spacing-left-small:1.92%;\"><div class=\"fusion-column-wrapper fusion-flex-justify-content-flex-start fusion-content-layout-column\"><div class=\"fusion-text fusion-text-1\"><h5><strong>Ascendant :<\/strong><br \/>\nCorrespond \u00e0 l&rsquo;intersection de l&rsquo;\u00e9cliptique avec l&rsquo;horizon oriental du lieu concern\u00e9 : il figure le point zodiacal de l&rsquo;\u00e9cliptique qui se l\u00e8ve. En astrologie, il correspond au signe du zodiaque qui se l\u00e8ve \u00e0 l&rsquo;horizon au moment de la naissance pour un lieu donn\u00e9.<\/h5>\n<h5><strong>Aph\u00e9lie :<\/strong><br \/>\nC&rsquo;est le point le plus \u00e9loign\u00e9 du soleil dans l&rsquo;orbite d&rsquo;une plan\u00e8te. (Voir <a href=\"#P\u00e9rih\u00e9lie\"><strong>P\u00e9rih\u00e9lie<\/strong><\/a>).<\/h5>\n<h5><strong>Ecliptique :<\/strong><br \/>\nPour un observateur terrestre, c\u2019est l\u2019ellipse que d\u00e9crit le soleil dans sa course annuelle autour de la terre. Elle est inclin\u00e9e de 23\u00b027\u2019 par rapport \u00e0 l\u2019\u00e9quateur terrestre. Dans la r\u00e9alit\u00e9 il s&rsquo;agit de l&rsquo;ellipse d\u00e9crit par la Terre dans son mouvement autour du Soleil.<\/h5>\n<p><a href=\"http:\/\/www.creastro.fr\/WP\/wp-content\/uploads\/2016\/02\/Equinoxe-Converti.jpg\"><img decoding=\"async\" id=\"\" class=\"alignnone wp-image-1643 size-full\" src=\"http:\/\/www.creastro.fr\/WP\/wp-content\/uploads\/2016\/02\/Equinoxe-Converti.jpg\" alt=\"Equinoxe&#091;\/fusion_text&#093;&#091;\/fusion_builder_column&#093;&#091;\/fusion_builder_row&#093;&#091;\/fusion_builder_container&#093;&#091;fusion_builder_container hundred_percent=\" width=\"524\" height=\"283\" srcset=\"https:\/\/www.creastro.fr\/WP\/wp-content\/uploads\/2016\/02\/Equinoxe-Converti-300x162.jpg 300w, https:\/\/www.creastro.fr\/WP\/wp-content\/uploads\/2016\/02\/Equinoxe-Converti.jpg 524w\" sizes=\"(max-width: 524px) 100vw, 524px\" \/><\/a><\/p>\n<h5><strong>Equinoxe :<\/strong><br \/>\nEpoque o\u00f9, deux fois l\u2019an, il arrive \u00e0 l\u2019axe de notre plan\u00e8te de se trouver perpendiculaire \u00e0 la direction Soleil-Terre, de sorte que passe par les p\u00f4les le cercle de s\u00e9paration entre le jour et la nuit qui ont ainsi partout m\u00eame dur\u00e9e.<br \/>\nSur la <strong><a href=\"#sph\u00e8re c\u00e9leste\">sph\u00e8re c\u00e9leste<\/a><\/strong>, l&rsquo;\u00e9quinoxe de printemps (ou point vernal) et l&rsquo;\u00e9quinoxe d&rsquo;automne repr\u00e9sentent les deux points oppos\u00e9s qui se trouvent au croisement de la ligne de l&rsquo;\u00e9cliptique avec l&rsquo;\u00e9quateur c\u00e9leste.<\/h5>\n<h5><strong>Fuseaux horaires :<\/strong><br \/>\nL\u2019\u00e9quateur terrestre est divis\u00e9 en 24 bandes (24 m\u00e9ridiens) distantes chacune de 15\u00b0 d\u2019arc (15 x 24 = 360\u00b0) &#8211; (15\u00b0 = 1 heure de temps terrestre &#8211; 1\u00b0 = 4 mn de temps terrestre).<\/h5>\n<h5><strong>Greenwich :<\/strong><br \/>\nC\u2019est le m\u00e9ridien origine, le m\u00e9ridien z\u00e9ro (situ\u00e9 dans une localit\u00e9 de la banlieue de Londres).<\/h5>\n<h5><strong>Heure locale :<\/strong><br \/>\nC\u2019est l&rsquo;heure en vigueur dans le pays consid\u00e9r\u00e9.<\/h5>\n<h5><strong>Heure locale :<\/strong><br \/>\nC\u2019est l&rsquo;heure l\u00e9gale ramen\u00e9e \u00e0 Greenwich, \u00e0 laquelle on ajoute ou on retranche la longitude entre le lieu consid\u00e9r\u00e9 et le m\u00e9ridien de Grreenwich.<\/h5>\n<h5><strong>Jour Sid\u00e9ral :<\/strong><br \/>\nC\u2019est le temps que mettra la terre en tournant sur son axe pour qu\u2019une \u00e9toile donn\u00e9e (hormis le Soleil) se retrouve exactement \u00e0 la m\u00eame position par rapport au m\u00e9ridien. Il est \u00e9gal \u00e0 23h 56\u2019 04\u2019\u2019.<\/h5>\n<h5><strong>Jour Solaire :<\/strong><br \/>\nCorrespond au temps n\u00e9cessaire \u00e0 la rotation de la terre sur elle-m\u00eame pour que le soleil se retrouve \u00e0 un m\u00eame m\u00e9ridien. Il est plus long que le jour sid\u00e9ral de 3\u2019 56\u2019\u2019 soit 24h. En effet, le mouvement de la terre autour du Soleil conf\u00e8re \u00e0 ce dernier un d\u00e9placement apparent qui lui vaut un retard quotidien de 3\u2019 56\u2019\u2019.<\/h5>\n<h5><strong>Latitude :<\/strong><br \/>\nElle d\u00e9pend de l&rsquo;arc de cercle parall\u00e8le \u00e0 l&rsquo;\u00e9quateur passant par le lieu consid\u00e9r\u00e9.<\/h5>\n<h5><strong>Longitude :<\/strong><br \/>\nElle r\u00e9sulte de l&rsquo;intersection avec l&rsquo;\u00e9quateur du m\u00e9ridien du lieux consid\u00e9r\u00e9.<\/h5>\n<h5><strong>Nadir :<\/strong><br \/>\nD\u00e9signe le minuit, c&rsquo;est-\u00e0-dire le moment o\u00f9 le Soleil se trouve au plus bas, sous la Terre, directement \u00e0 la verticale du lieu concern\u00e9.<\/h5>\n<div id=\"P\u00e9rih\u00e9lie\"><strong>P\u00e9rih\u00e9lie :<\/strong><br \/>\nC&rsquo;est le point le plus rapproch\u00e9 du soleil dans l&rsquo;orbite d&rsquo;une plan\u00e8te.<\/div>\n<h5><strong>Solstice :<\/strong><br \/>\nC\u2019est l\u2019\u00e9poque \u00e0 laquelle la Terre pr\u00e9sente un p\u00f4le au Soleil. La nuit est alors la plus courte dans l\u2019h\u00e9misph\u00e8re correspond \u00e0 ce p\u00f4le.<br \/>\nAu solstice d&rsquo;\u00e9t\u00e9 la Terre penche son p\u00f4le Nord vers le Soleil. L&rsquo;h\u00e9misph\u00e8re Nord re\u00e7oit \u00e0 ce moment l\u00e0, beaucoup de lumi\u00e8re. Le Soleil appara\u00eet tr\u00e8s haut dans le ciel et les jours sont plus long que les nuits.<br \/>\nAu solstice d&rsquo;hiver la situation s&rsquo;inverse et c&rsquo;est \u00e0 l&rsquo;h\u00e9misph\u00e8re Sud que profite l&rsquo;inclinaison terrestre, le p\u00f4le Sud se pr\u00e9sentant au Soleil. Pendant ce temps notre h\u00e9misph\u00e8re Nord re\u00e7oit les p\u00e2les rayons d&rsquo;un Soleil \u00e0 rez de terre et nos nuits durent plus que les jours.<\/h5>\n<div id=\"sph\u00e8re c\u00e9leste\"><strong>Sph\u00e8re c\u00e9leste :<\/strong><br \/>\nC&rsquo;est le repr\u00e9sentation d&rsquo;une sph\u00e8re fictive, issue du prolongement \u00e0 l&rsquo;infini des coordon\u00e9es terrestre et dont la Terre tient le centre. La terre \u00e9tant ronde, le ciel au-dessus de nos t\u00eates nous appara\u00eet comme une coupole, voici la raison d&rsquo;\u00eatre de cette repr\u00e9sentation.<\/div>\n<h5><strong>Z\u00e9nith :<\/strong><br \/>\nD\u00e9signe le midi, c&rsquo;est-\u00e0-dire le moment o\u00f9 le Soleil se trouve au-dessus du m\u00e9ridien du lieu concern\u00e9.<\/h5>\n<h5><strong>Zodiaque :<\/strong><br \/>\nEnsemble des 12 constellations travers\u00e9es par l\u2019\u00e9cliptique, et qui, de ce fait, constitueront \u00e0 quelque moment de l\u2019ann\u00e9e la demeure du Soleil.<\/h5>\n<\/div><\/div><\/div><\/div><\/div><\/p>\n","protected":false},"excerpt":{"rendered":"","protected":false},"author":1,"featured_media":0,"parent":0,"menu_order":0,"comment_status":"open","ping_status":"open","template":"","meta":{"footnotes":""},"class_list":["post-1611","page","type-page","status-publish","hentry"],"yoast_head":"<!-- This site is optimized with the Yoast SEO plugin v27.3 - https:\/\/yoast.com\/product\/yoast-seo-wordpress\/ -->\n<title>Lexique - creastro<\/title>\n<meta name=\"robots\" content=\"index, follow, max-snippet:-1, max-image-preview:large, max-video-preview:-1\" \/>\n<link rel=\"canonical\" href=\"https:\/\/www.creastro.fr\/WP\/lexique\/\" \/>\n<meta property=\"og:locale\" content=\"fr_FR\" \/>\n<meta property=\"og:type\" content=\"article\" \/>\n<meta property=\"og:title\" content=\"Lexique - creastro\" \/>\n<meta property=\"og:url\" content=\"https:\/\/www.creastro.fr\/WP\/lexique\/\" \/>\n<meta property=\"og:site_name\" content=\"creastro\" \/>\n<meta property=\"article:modified_time\" content=\"2021-09-23T17:31:52+00:00\" \/>\n<meta property=\"og:image\" content=\"http:\/\/www.creastro.fr\/WP\/wp-content\/uploads\/2016\/02\/Equinoxe-Converti.jpg\" \/>\n<meta name=\"twitter:card\" content=\"summary_large_image\" \/>\n<meta name=\"twitter:label1\" content=\"Dur\u00e9e de lecture estim\u00e9e\" \/>\n\t<meta name=\"twitter:data1\" content=\"4 minutes\" \/>\n<script type=\"application\/ld+json\" class=\"yoast-schema-graph\">{\"@context\":\"https:\\\/\\\/schema.org\",\"@graph\":[{\"@type\":\"WebPage\",\"@id\":\"https:\\\/\\\/www.creastro.fr\\\/WP\\\/lexique\\\/\",\"url\":\"https:\\\/\\\/www.creastro.fr\\\/WP\\\/lexique\\\/\",\"name\":\"Lexique - creastro\",\"isPartOf\":{\"@id\":\"https:\\\/\\\/www.creastro.fr\\\/WP\\\/#website\"},\"primaryImageOfPage\":{\"@id\":\"https:\\\/\\\/www.creastro.fr\\\/WP\\\/lexique\\\/#primaryimage\"},\"image\":{\"@id\":\"https:\\\/\\\/www.creastro.fr\\\/WP\\\/lexique\\\/#primaryimage\"},\"thumbnailUrl\":\"http:\\\/\\\/www.creastro.fr\\\/WP\\\/wp-content\\\/uploads\\\/2016\\\/02\\\/Equinoxe-Converti.jpg\",\"datePublished\":\"2016-02-06T19:36:11+00:00\",\"dateModified\":\"2021-09-23T17:31:52+00:00\",\"breadcrumb\":{\"@id\":\"https:\\\/\\\/www.creastro.fr\\\/WP\\\/lexique\\\/#breadcrumb\"},\"inLanguage\":\"fr-FR\",\"potentialAction\":[{\"@type\":\"ReadAction\",\"target\":[\"https:\\\/\\\/www.creastro.fr\\\/WP\\\/lexique\\\/\"]}]},{\"@type\":\"ImageObject\",\"inLanguage\":\"fr-FR\",\"@id\":\"https:\\\/\\\/www.creastro.fr\\\/WP\\\/lexique\\\/#primaryimage\",\"url\":\"https:\\\/\\\/www.creastro.fr\\\/WP\\\/wp-content\\\/uploads\\\/2016\\\/02\\\/Equinoxe-Converti.jpg\",\"contentUrl\":\"https:\\\/\\\/www.creastro.fr\\\/WP\\\/wp-content\\\/uploads\\\/2016\\\/02\\\/Equinoxe-Converti.jpg\",\"width\":524,\"height\":283},{\"@type\":\"BreadcrumbList\",\"@id\":\"https:\\\/\\\/www.creastro.fr\\\/WP\\\/lexique\\\/#breadcrumb\",\"itemListElement\":[{\"@type\":\"ListItem\",\"position\":1,\"name\":\"Accueil\",\"item\":\"https:\\\/\\\/www.creastro.fr\\\/WP\\\/\"},{\"@type\":\"ListItem\",\"position\":2,\"name\":\"Lexique\"}]},{\"@type\":\"WebSite\",\"@id\":\"https:\\\/\\\/www.creastro.fr\\\/WP\\\/#website\",\"url\":\"https:\\\/\\\/www.creastro.fr\\\/WP\\\/\",\"name\":\"creastro\",\"description\":\"L&#039;astrologie comme outil de connaissance de soi, participe \u00e0 mettre l&#039;\u00catre debout dans l&#039;univers\u2026\",\"potentialAction\":[{\"@type\":\"SearchAction\",\"target\":{\"@type\":\"EntryPoint\",\"urlTemplate\":\"https:\\\/\\\/www.creastro.fr\\\/WP\\\/?s={search_term_string}\"},\"query-input\":{\"@type\":\"PropertyValueSpecification\",\"valueRequired\":true,\"valueName\":\"search_term_string\"}}],\"inLanguage\":\"fr-FR\"}]}<\/script>\n<!-- \/ Yoast SEO plugin. -->","yoast_head_json":{"title":"Lexique - creastro","robots":{"index":"index","follow":"follow","max-snippet":"max-snippet:-1","max-image-preview":"max-image-preview:large","max-video-preview":"max-video-preview:-1"},"canonical":"https:\/\/www.creastro.fr\/WP\/lexique\/","og_locale":"fr_FR","og_type":"article","og_title":"Lexique - creastro","og_url":"https:\/\/www.creastro.fr\/WP\/lexique\/","og_site_name":"creastro","article_modified_time":"2021-09-23T17:31:52+00:00","og_image":[{"url":"http:\/\/www.creastro.fr\/WP\/wp-content\/uploads\/2016\/02\/Equinoxe-Converti.jpg","type":"","width":"","height":""}],"twitter_card":"summary_large_image","twitter_misc":{"Dur\u00e9e de lecture estim\u00e9e":"4 minutes"},"schema":{"@context":"https:\/\/schema.org","@graph":[{"@type":"WebPage","@id":"https:\/\/www.creastro.fr\/WP\/lexique\/","url":"https:\/\/www.creastro.fr\/WP\/lexique\/","name":"Lexique - creastro","isPartOf":{"@id":"https:\/\/www.creastro.fr\/WP\/#website"},"primaryImageOfPage":{"@id":"https:\/\/www.creastro.fr\/WP\/lexique\/#primaryimage"},"image":{"@id":"https:\/\/www.creastro.fr\/WP\/lexique\/#primaryimage"},"thumbnailUrl":"http:\/\/www.creastro.fr\/WP\/wp-content\/uploads\/2016\/02\/Equinoxe-Converti.jpg","datePublished":"2016-02-06T19:36:11+00:00","dateModified":"2021-09-23T17:31:52+00:00","breadcrumb":{"@id":"https:\/\/www.creastro.fr\/WP\/lexique\/#breadcrumb"},"inLanguage":"fr-FR","potentialAction":[{"@type":"ReadAction","target":["https:\/\/www.creastro.fr\/WP\/lexique\/"]}]},{"@type":"ImageObject","inLanguage":"fr-FR","@id":"https:\/\/www.creastro.fr\/WP\/lexique\/#primaryimage","url":"https:\/\/www.creastro.fr\/WP\/wp-content\/uploads\/2016\/02\/Equinoxe-Converti.jpg","contentUrl":"https:\/\/www.creastro.fr\/WP\/wp-content\/uploads\/2016\/02\/Equinoxe-Converti.jpg","width":524,"height":283},{"@type":"BreadcrumbList","@id":"https:\/\/www.creastro.fr\/WP\/lexique\/#breadcrumb","itemListElement":[{"@type":"ListItem","position":1,"name":"Accueil","item":"https:\/\/www.creastro.fr\/WP\/"},{"@type":"ListItem","position":2,"name":"Lexique"}]},{"@type":"WebSite","@id":"https:\/\/www.creastro.fr\/WP\/#website","url":"https:\/\/www.creastro.fr\/WP\/","name":"creastro","description":"L&#039;astrologie comme outil de connaissance de soi, participe \u00e0 mettre l&#039;\u00catre debout dans l&#039;univers\u2026","potentialAction":[{"@type":"SearchAction","target":{"@type":"EntryPoint","urlTemplate":"https:\/\/www.creastro.fr\/WP\/?s={search_term_string}"},"query-input":{"@type":"PropertyValueSpecification","valueRequired":true,"valueName":"search_term_string"}}],"inLanguage":"fr-FR"}]}},"_links":{"self":[{"href":"https:\/\/www.creastro.fr\/WP\/wp-json\/wp\/v2\/pages\/1611","targetHints":{"allow":["GET"]}}],"collection":[{"href":"https:\/\/www.creastro.fr\/WP\/wp-json\/wp\/v2\/pages"}],"about":[{"href":"https:\/\/www.creastro.fr\/WP\/wp-json\/wp\/v2\/types\/page"}],"author":[{"embeddable":true,"href":"https:\/\/www.creastro.fr\/WP\/wp-json\/wp\/v2\/users\/1"}],"replies":[{"embeddable":true,"href":"https:\/\/www.creastro.fr\/WP\/wp-json\/wp\/v2\/comments?post=1611"}],"version-history":[{"count":0,"href":"https:\/\/www.creastro.fr\/WP\/wp-json\/wp\/v2\/pages\/1611\/revisions"}],"wp:attachment":[{"href":"https:\/\/www.creastro.fr\/WP\/wp-json\/wp\/v2\/media?parent=1611"}],"curies":[{"name":"wp","href":"https:\/\/api.w.org\/{rel}","templated":true}]}}