{"id":159,"date":"2014-04-05T22:15:01","date_gmt":"2014-04-05T21:15:01","guid":{"rendered":"http:\/\/localhost:8888\/projet1\/?page_id=159"},"modified":"2023-03-30T20:25:59","modified_gmt":"2023-03-30T19:25:59","slug":"liens-amis","status":"publish","type":"page","link":"https:\/\/www.creastro.fr\/WP\/liens-amis\/","title":{"rendered":"Liens amis"},"content":{"rendered":"<ol>\n<li style=\"list-style-type: none;\">\n<ol>\n<li><strong><a href=\"http:\/\/airser.canalblog.com\" target=\"_blank\" rel=\"noopener noreferrer\">Virginie Roux-Cass\u00e9<\/a> <\/strong>&#8211; Peintre et Psychophaniste<strong><br \/>\n<\/strong><\/li>\n<li style=\"margin-top: 10px;\"><a href=\"http:\/\/amandinedhuiquemayer.com\"><strong>Amandine Dhuique &#8211; Mayer <\/strong><\/a>&#8211; Le Soin R\u00e9unifiant, th\u00e9rapie \u00e9nerg\u00e9tique et psycho-corporelle \u2013 \u00c0 distance, et au cabinet \u00e0 Paris\u2026<\/li>\n<li style=\"margin-top: 10px;\"><a href=\"http:\/\/www.artistsatine.net\" target=\"_blank\" rel=\"noopener noreferrer\"><strong>Sandrine Recoussine<\/strong><\/a> &#8211; Satine : plasticienne &#8211; photographe\u2026<\/li>\n<li style=\"margin-top: 10px;\"><strong><a href=\"http:\/\/www.lechateaudolga.paris\/\" target=\"_blank\" rel=\"noopener noreferrer\">Olga Bekishev<\/a><\/strong> &#8211; Harmonisation par les sens et l&rsquo;imaginaire<\/li>\n<li style=\"margin-top: 10px;\"><a href=\"http:\/\/cecileadele.com\"><strong>C\u00e9cile Ad\u00e8le <\/strong><\/a>&#8211; Soin Quantique &amp; Lecture psychique<\/li>\n<li style=\"margin-top: 10px;\"><a href=\"http:\/\/www.maplume.online\/\"><strong>Safia<\/strong><\/a> &#8211; Vos \u00e9crits dans un fran\u00e7ais et un style impeccables &#8211; Relecture, r\u00e9daction, traduction<\/li>\n<li style=\"margin-top: 10px;\"><a href=\"https:\/\/www.laurencelepine.com\/\"><strong>Laurence L\u00e9pine<\/strong><\/a> &#8211; Praticienne en m\u00e9moire cellulaire &#8211; le corps : une voie vers soi, un chemin de conscience<\/li>\n<\/ol>\n<\/li>\n<\/ol>\n","protected":false},"excerpt":{"rendered":"<p>Virginie Roux-Cass\u00e9 &#8211; Peintre et Psychophaniste Amandine Dhuique &#8211; Mayer &#8211; Le Soin R\u00e9unifiant, th\u00e9rapie \u00e9nerg\u00e9tique et psycho-corporelle \u2013 \u00c0 distance, et au cabinet \u00e0 Paris\u2026 Sandrine Recoussine &#8211; Satine : plasticienne &#8211; photographe\u2026 Olga Bekishev &#8211; Harmonisation par les sens et l&rsquo;imaginaire C\u00e9cile Ad\u00e8le &#8211; Soin Quantique &amp; Lecture psychique Safia &#8211; Vos \u00e9crits  [&#8230;]<\/p>\n","protected":false},"author":1,"featured_media":0,"parent":0,"menu_order":0,"comment_status":"closed","ping_status":"open","template":"","meta":{"footnotes":""},"class_list":["post-159","page","type-page","status-publish","hentry"],"yoast_head":"<!-- This site is optimized with the Yoast SEO plugin v27.3 - https:\/\/yoast.com\/product\/yoast-seo-wordpress\/ -->\n<title>Liens amis - creastro<\/title>\n<meta name=\"robots\" content=\"index, follow, max-snippet:-1, max-image-preview:large, max-video-preview:-1\" \/>\n<link rel=\"canonical\" href=\"https:\/\/www.creastro.fr\/WP\/liens-amis\/\" \/>\n<meta property=\"og:locale\" content=\"fr_FR\" \/>\n<meta property=\"og:type\" content=\"article\" \/>\n<meta property=\"og:title\" content=\"Liens amis - creastro\" \/>\n<meta property=\"og:description\" content=\"Virginie Roux-Cass\u00e9 &#8211; Peintre et Psychophaniste Amandine Dhuique &#8211; Mayer &#8211; Le Soin R\u00e9unifiant, th\u00e9rapie \u00e9nerg\u00e9tique et psycho-corporelle \u2013 \u00c0 distance, et au cabinet \u00e0 Paris\u2026 Sandrine Recoussine &#8211; Satine : plasticienne &#8211; photographe\u2026 Olga Bekishev &#8211; Harmonisation par les sens et l&rsquo;imaginaire C\u00e9cile Ad\u00e8le &#8211; Soin Quantique &amp; Lecture psychique Safia &#8211; Vos \u00e9crits [...]\" \/>\n<meta property=\"og:url\" content=\"https:\/\/www.creastro.fr\/WP\/liens-amis\/\" \/>\n<meta property=\"og:site_name\" content=\"creastro\" \/>\n<meta property=\"article:modified_time\" content=\"2023-03-30T19:25:59+00:00\" \/>\n<meta name=\"twitter:card\" content=\"summary_large_image\" \/>\n<meta name=\"twitter:label1\" content=\"Dur\u00e9e de lecture estim\u00e9e\" \/>\n\t<meta name=\"twitter:data1\" content=\"1 minute\" \/>\n<script type=\"application\/ld+json\" class=\"yoast-schema-graph\">{\"@context\":\"https:\\\/\\\/schema.org\",\"@graph\":[{\"@type\":\"WebPage\",\"@id\":\"https:\\\/\\\/www.creastro.fr\\\/WP\\\/liens-amis\\\/\",\"url\":\"https:\\\/\\\/www.creastro.fr\\\/WP\\\/liens-amis\\\/\",\"name\":\"Liens amis - creastro\",\"isPartOf\":{\"@id\":\"https:\\\/\\\/www.creastro.fr\\\/WP\\\/#website\"},\"datePublished\":\"2014-04-05T21:15:01+00:00\",\"dateModified\":\"2023-03-30T19:25:59+00:00\",\"breadcrumb\":{\"@id\":\"https:\\\/\\\/www.creastro.fr\\\/WP\\\/liens-amis\\\/#breadcrumb\"},\"inLanguage\":\"fr-FR\",\"potentialAction\":[{\"@type\":\"ReadAction\",\"target\":[\"https:\\\/\\\/www.creastro.fr\\\/WP\\\/liens-amis\\\/\"]}]},{\"@type\":\"BreadcrumbList\",\"@id\":\"https:\\\/\\\/www.creastro.fr\\\/WP\\\/liens-amis\\\/#breadcrumb\",\"itemListElement\":[{\"@type\":\"ListItem\",\"position\":1,\"name\":\"Accueil\",\"item\":\"https:\\\/\\\/www.creastro.fr\\\/WP\\\/\"},{\"@type\":\"ListItem\",\"position\":2,\"name\":\"Liens amis\"}]},{\"@type\":\"WebSite\",\"@id\":\"https:\\\/\\\/www.creastro.fr\\\/WP\\\/#website\",\"url\":\"https:\\\/\\\/www.creastro.fr\\\/WP\\\/\",\"name\":\"creastro\",\"description\":\"L&#039;astrologie comme outil de connaissance de soi, participe \u00e0 mettre l&#039;\u00catre debout dans l&#039;univers\u2026\",\"potentialAction\":[{\"@type\":\"SearchAction\",\"target\":{\"@type\":\"EntryPoint\",\"urlTemplate\":\"https:\\\/\\\/www.creastro.fr\\\/WP\\\/?s={search_term_string}\"},\"query-input\":{\"@type\":\"PropertyValueSpecification\",\"valueRequired\":true,\"valueName\":\"search_term_string\"}}],\"inLanguage\":\"fr-FR\"}]}<\/script>\n<!-- \/ Yoast SEO plugin. -->","yoast_head_json":{"title":"Liens amis - creastro","robots":{"index":"index","follow":"follow","max-snippet":"max-snippet:-1","max-image-preview":"max-image-preview:large","max-video-preview":"max-video-preview:-1"},"canonical":"https:\/\/www.creastro.fr\/WP\/liens-amis\/","og_locale":"fr_FR","og_type":"article","og_title":"Liens amis - creastro","og_description":"Virginie Roux-Cass\u00e9 &#8211; Peintre et Psychophaniste Amandine Dhuique &#8211; Mayer &#8211; Le Soin R\u00e9unifiant, th\u00e9rapie \u00e9nerg\u00e9tique et psycho-corporelle \u2013 \u00c0 distance, et au cabinet \u00e0 Paris\u2026 Sandrine Recoussine &#8211; Satine : plasticienne &#8211; photographe\u2026 Olga Bekishev &#8211; Harmonisation par les sens et l&rsquo;imaginaire C\u00e9cile Ad\u00e8le &#8211; Soin Quantique &amp; Lecture psychique Safia &#8211; Vos \u00e9crits [...]","og_url":"https:\/\/www.creastro.fr\/WP\/liens-amis\/","og_site_name":"creastro","article_modified_time":"2023-03-30T19:25:59+00:00","twitter_card":"summary_large_image","twitter_misc":{"Dur\u00e9e de lecture estim\u00e9e":"1 minute"},"schema":{"@context":"https:\/\/schema.org","@graph":[{"@type":"WebPage","@id":"https:\/\/www.creastro.fr\/WP\/liens-amis\/","url":"https:\/\/www.creastro.fr\/WP\/liens-amis\/","name":"Liens amis - creastro","isPartOf":{"@id":"https:\/\/www.creastro.fr\/WP\/#website"},"datePublished":"2014-04-05T21:15:01+00:00","dateModified":"2023-03-30T19:25:59+00:00","breadcrumb":{"@id":"https:\/\/www.creastro.fr\/WP\/liens-amis\/#breadcrumb"},"inLanguage":"fr-FR","potentialAction":[{"@type":"ReadAction","target":["https:\/\/www.creastro.fr\/WP\/liens-amis\/"]}]},{"@type":"BreadcrumbList","@id":"https:\/\/www.creastro.fr\/WP\/liens-amis\/#breadcrumb","itemListElement":[{"@type":"ListItem","position":1,"name":"Accueil","item":"https:\/\/www.creastro.fr\/WP\/"},{"@type":"ListItem","position":2,"name":"Liens amis"}]},{"@type":"WebSite","@id":"https:\/\/www.creastro.fr\/WP\/#website","url":"https:\/\/www.creastro.fr\/WP\/","name":"creastro","description":"L&#039;astrologie comme outil de connaissance de soi, participe \u00e0 mettre l&#039;\u00catre debout dans l&#039;univers\u2026","potentialAction":[{"@type":"SearchAction","target":{"@type":"EntryPoint","urlTemplate":"https:\/\/www.creastro.fr\/WP\/?s={search_term_string}"},"query-input":{"@type":"PropertyValueSpecification","valueRequired":true,"valueName":"search_term_string"}}],"inLanguage":"fr-FR"}]}},"_links":{"self":[{"href":"https:\/\/www.creastro.fr\/WP\/wp-json\/wp\/v2\/pages\/159","targetHints":{"allow":["GET"]}}],"collection":[{"href":"https:\/\/www.creastro.fr\/WP\/wp-json\/wp\/v2\/pages"}],"about":[{"href":"https:\/\/www.creastro.fr\/WP\/wp-json\/wp\/v2\/types\/page"}],"author":[{"embeddable":true,"href":"https:\/\/www.creastro.fr\/WP\/wp-json\/wp\/v2\/users\/1"}],"replies":[{"embeddable":true,"href":"https:\/\/www.creastro.fr\/WP\/wp-json\/wp\/v2\/comments?post=159"}],"version-history":[{"count":0,"href":"https:\/\/www.creastro.fr\/WP\/wp-json\/wp\/v2\/pages\/159\/revisions"}],"wp:attachment":[{"href":"https:\/\/www.creastro.fr\/WP\/wp-json\/wp\/v2\/media?parent=159"}],"curies":[{"name":"wp","href":"https:\/\/api.w.org\/{rel}","templated":true}]}}