{"id":108,"date":"2014-04-04T19:03:38","date_gmt":"2014-04-04T18:03:38","guid":{"rendered":"http:\/\/localhost:8888\/projet1\/?page_id=108"},"modified":"2024-09-09T09:20:19","modified_gmt":"2024-09-09T08:20:19","slug":"synastrie","status":"publish","type":"page","link":"https:\/\/www.creastro.fr\/WP\/consultation\/synastrie\/","title":{"rendered":"La Synastrie"},"content":{"rendered":"<p><div class=\"fusion-fullwidth fullwidth-box fusion-builder-row-1 fusion-flex-container hundred-percent-fullwidth non-hundred-percent-height-scrolling\" style=\"--awb-border-radius-top-left:0px;--awb-border-radius-top-right:0px;--awb-border-radius-bottom-right:0px;--awb-border-radius-bottom-left:0px;--awb-overflow:visible;--awb-flex-wrap:wrap;\" ><div class=\"fusion-builder-row fusion-row fusion-flex-align-items-flex-start fusion-flex-content-wrap\" style=\"width:104% !important;max-width:104% !important;margin-left: calc(-4% \/ 2 );margin-right: calc(-4% \/ 2 );\"><div class=\"fusion-layout-column fusion_builder_column fusion-builder-column-0 fusion_builder_column_1_1 1_1 fusion-flex-column fusion-flex-align-self-flex-start fusion-column-no-min-height\" style=\"--awb-bg-size:cover;--awb-width-large:100%;--awb-margin-top-large:0px;--awb-spacing-right-large:1.92%;--awb-margin-bottom-large:0px;--awb-spacing-left-large:1.92%;--awb-width-medium:100%;--awb-spacing-right-medium:1.92%;--awb-spacing-left-medium:1.92%;--awb-width-small:100%;--awb-spacing-right-small:1.92%;--awb-spacing-left-small:1.92%;\"><div class=\"fusion-column-wrapper fusion-flex-justify-content-flex-start fusion-content-layout-column\"><div class=\"fusion-text fusion-text-1\"><p>C\u2019est la comparaison entre deux th\u00e8mes (couple, associ\u00e9, parent \/ enfant, etc.).<\/p>\n<h4 style=\"margin-top: 20px;\"><strong>Son objectif<\/strong><\/h4>\n<p>Comprendre pourquoi nous rencontrons cet \u00ab\u00a0Autre\u00a0\u00bb et sur quelles bases, dans quelle direction \u00e9voluera la relation, o\u00f9 se trouvent ses points forts, mais aussi ses points de vigilance.<\/p>\n<p style=\"margin-top: 20px;\"><strong>Lieu :<\/strong> 9 rue Ferdinand Fabre &#8211; 75015 Paris<br \/>\n<strong>Prix :<\/strong> 130 \u20ac<br \/>\n<strong>Dur\u00e9e :<\/strong> environ 1h30<\/p>\n<\/div><\/div><\/div><\/div><\/div><div class=\"fusion-fullwidth fullwidth-box fusion-builder-row-2 fusion-flex-container nonhundred-percent-fullwidth non-hundred-percent-height-scrolling\" style=\"--awb-background-position:left top;--awb-border-sizes-top:0px;--awb-border-sizes-bottom:0px;--awb-border-sizes-left:0px;--awb-border-sizes-right:0px;--awb-border-radius-top-left:0px;--awb-border-radius-top-right:0px;--awb-border-radius-bottom-right:0px;--awb-border-radius-bottom-left:0px;--awb-padding-top:10px;--awb-padding-right:0px;--awb-padding-bottom:5px;--awb-padding-left:0px;--awb-flex-wrap:wrap;\" ><div class=\"fusion-builder-row fusion-row fusion-flex-align-items-flex-start fusion-flex-content-wrap\" style=\"max-width:1216.8px;margin-left: calc(-4% \/ 2 );margin-right: calc(-4% \/ 2 );\"><div class=\"fusion-layout-column fusion_builder_column fusion-builder-column-1 fusion_builder_column_1_1 1_1 fusion-flex-column fusion-flex-align-self-flex-start fusion-column-no-min-height\" style=\"--awb-bg-size:cover;--awb-width-large:100%;--awb-margin-top-large:0px;--awb-spacing-right-large:1.92%;--awb-margin-bottom-large:0px;--awb-spacing-left-large:1.92%;--awb-width-medium:100%;--awb-spacing-right-medium:1.92%;--awb-spacing-left-medium:1.92%;--awb-width-small:100%;--awb-spacing-right-small:1.92%;--awb-spacing-left-small:1.92%;\"><div class=\"fusion-column-wrapper fusion-flex-justify-content-flex-start fusion-content-layout-column\"><div class=\"fusion-image-element \" style=\"text-align:left;--awb-caption-title-font-family:var(--h2_typography-font-family);--awb-caption-title-font-weight:var(--h2_typography-font-weight);--awb-caption-title-font-style:var(--h2_typography-font-style);--awb-caption-title-size:var(--h2_typography-font-size);--awb-caption-title-transform:var(--h2_typography-text-transform);--awb-caption-title-line-height:var(--h2_typography-line-height);--awb-caption-title-letter-spacing:var(--h2_typography-letter-spacing);\"><span class=\" fusion-imageframe imageframe-none imageframe-1 hover-type-none\"><a class=\"fusion-no-lightbox\" href=\"http:\/\/www.creastro.fr\/WP\/contact\/\" target=\"_self\"><img decoding=\"async\" src=\"http:\/\/www.creastro.fr\/WP\/wp-content\/uploads\/2014\/11\/Picto2-e1466277268379.gif\" alt class=\"img-responsive\"\/><\/a><\/span><\/div><div class=\"fusion-text fusion-text-2\"><h4 style=\"text-align: left;\">Me contacter<\/h4>\n<\/div><\/div><\/div><\/div><\/div><div class=\"fusion-fullwidth fullwidth-box fusion-builder-row-3 fusion-flex-container nonhundred-percent-fullwidth non-hundred-percent-height-scrolling\" style=\"--awb-background-position:left top;--awb-border-sizes-top:0px;--awb-border-sizes-bottom:0px;--awb-border-sizes-left:0px;--awb-border-sizes-right:0px;--awb-border-radius-top-left:0px;--awb-border-radius-top-right:0px;--awb-border-radius-bottom-right:0px;--awb-border-radius-bottom-left:0px;--awb-padding-top:5px;--awb-padding-right:0px;--awb-padding-bottom:5px;--awb-padding-left:0px;--awb-flex-wrap:wrap;\" ><div class=\"fusion-builder-row fusion-row fusion-flex-align-items-flex-start fusion-flex-content-wrap\" style=\"max-width:1216.8px;margin-left: calc(-4% \/ 2 );margin-right: calc(-4% \/ 2 );\"><div class=\"fusion-layout-column fusion_builder_column fusion-builder-column-2 fusion_builder_column_1_1 1_1 fusion-flex-column fusion-flex-align-self-flex-start fusion-column-no-min-height\" style=\"--awb-bg-size:cover;--awb-width-large:100%;--awb-margin-top-large:0px;--awb-spacing-right-large:1.92%;--awb-margin-bottom-large:0px;--awb-spacing-left-large:1.92%;--awb-width-medium:100%;--awb-spacing-right-medium:1.92%;--awb-spacing-left-medium:1.92%;--awb-width-small:100%;--awb-spacing-right-small:1.92%;--awb-spacing-left-small:1.92%;\"><div class=\"fusion-column-wrapper fusion-flex-justify-content-flex-start fusion-content-layout-column\"><div class=\"fusion-image-element \" style=\"text-align:left;--awb-caption-title-font-family:var(--h2_typography-font-family);--awb-caption-title-font-weight:var(--h2_typography-font-weight);--awb-caption-title-font-style:var(--h2_typography-font-style);--awb-caption-title-size:var(--h2_typography-font-size);--awb-caption-title-transform:var(--h2_typography-text-transform);--awb-caption-title-line-height:var(--h2_typography-line-height);--awb-caption-title-letter-spacing:var(--h2_typography-letter-spacing);\"><span class=\" fusion-imageframe imageframe-none imageframe-2 hover-type-none\"><a class=\"fusion-no-lightbox\" href=\"http:\/\/www.creastro.fr\/WP\/?p=2008\" target=\"_self\"><img decoding=\"async\" src=\"http:\/\/www.creastro.fr\/WP\/wp-content\/uploads\/2014\/07\/51jC-AQtD4L-e1534432388279.jpg\" alt class=\"img-responsive\"\/><\/a><\/span><\/div><div class=\"fusion-text fusion-text-3\"><h4 style=\"text-align: left;\">Pour les personnes qui ne peuvent pas venir sur Paris, possibilit\u00e9 de consulter par vid\u00e9o-communication. Cliquez sur l&rsquo;ic\u00f4ne<a href=\"http:\/\/www.creastro.fr\/WP\/consultation-par-skype\/\" target=\"_blank\" rel=\"noopener noreferrer\"><br \/>\n<\/a><\/h4>\n<\/div><\/div><\/div><\/div><\/div><div class=\"fusion-fullwidth fullwidth-box fusion-builder-row-4 fusion-flex-container nonhundred-percent-fullwidth non-hundred-percent-height-scrolling\" style=\"--awb-background-position:left top;--awb-border-sizes-top:0px;--awb-border-sizes-bottom:0px;--awb-border-sizes-left:0px;--awb-border-sizes-right:0px;--awb-border-radius-top-left:0px;--awb-border-radius-top-right:0px;--awb-border-radius-bottom-right:0px;--awb-border-radius-bottom-left:0px;--awb-padding-top:5px;--awb-padding-right:0px;--awb-padding-bottom:5px;--awb-padding-left:0px;--awb-flex-wrap:wrap;\" ><div class=\"fusion-builder-row fusion-row fusion-flex-align-items-flex-start fusion-flex-content-wrap\" style=\"max-width:1216.8px;margin-left: calc(-4% \/ 2 );margin-right: calc(-4% \/ 2 );\"><div class=\"fusion-layout-column fusion_builder_column fusion-builder-column-3 fusion_builder_column_1_1 1_1 fusion-flex-column fusion-flex-align-self-flex-start fusion-column-no-min-height\" style=\"--awb-bg-size:cover;--awb-width-large:100%;--awb-margin-top-large:0px;--awb-spacing-right-large:1.92%;--awb-margin-bottom-large:0px;--awb-spacing-left-large:1.92%;--awb-width-medium:100%;--awb-spacing-right-medium:1.92%;--awb-spacing-left-medium:1.92%;--awb-width-small:100%;--awb-spacing-right-small:1.92%;--awb-spacing-left-small:1.92%;\"><div class=\"fusion-column-wrapper fusion-flex-justify-content-flex-start fusion-content-layout-column\"><div class=\"fusion-image-element \" style=\"text-align:left;--awb-caption-title-font-family:var(--h2_typography-font-family);--awb-caption-title-font-weight:var(--h2_typography-font-weight);--awb-caption-title-font-style:var(--h2_typography-font-style);--awb-caption-title-size:var(--h2_typography-font-size);--awb-caption-title-transform:var(--h2_typography-text-transform);--awb-caption-title-line-height:var(--h2_typography-line-height);--awb-caption-title-letter-spacing:var(--h2_typography-letter-spacing);\"><span class=\" fusion-imageframe imageframe-none imageframe-3 hover-type-none\"><a class=\"fusion-no-lightbox\" href=\"http:\/\/www.creastro.fr\/WP\/cheque-cadeau\/\" target=\"_self\"><img decoding=\"async\" src=\"http:\/\/www.creastro.fr\/WP\/wp-content\/uploads\/2014\/04\/Boncadeau-e1466361228890.jpg\" alt class=\"img-responsive\"\/><\/a><\/span><\/div><div class=\"fusion-text fusion-text-4\"><h4 style=\"text-align: left;\">Pour offrir un th\u00e8me astral de naissance, cliquez sur l&rsquo;ic\u00f4ne.<\/h4>\n<\/div><\/div><\/div><\/div><\/div><\/p>\n","protected":false},"excerpt":{"rendered":"","protected":false},"author":1,"featured_media":0,"parent":27,"menu_order":3,"comment_status":"closed","ping_status":"open","template":"","meta":{"footnotes":""},"class_list":["post-108","page","type-page","status-publish","hentry"],"yoast_head":"<!-- This site is optimized with the Yoast SEO plugin v27.3 - https:\/\/yoast.com\/product\/yoast-seo-wordpress\/ -->\n<title>La Synastrie - creastro<\/title>\n<meta name=\"robots\" content=\"index, follow, max-snippet:-1, max-image-preview:large, max-video-preview:-1\" \/>\n<link rel=\"canonical\" href=\"http:\/\/www.creastro.fr\/WP\/consultation\/synastrie\/\" \/>\n<meta property=\"og:locale\" content=\"fr_FR\" \/>\n<meta property=\"og:type\" content=\"article\" \/>\n<meta property=\"og:title\" content=\"La Synastrie - creastro\" \/>\n<meta property=\"og:url\" content=\"http:\/\/www.creastro.fr\/WP\/consultation\/synastrie\/\" \/>\n<meta property=\"og:site_name\" content=\"creastro\" \/>\n<meta property=\"article:modified_time\" content=\"2024-09-09T08:20:19+00:00\" \/>\n<meta property=\"og:image\" content=\"http:\/\/www.creastro.fr\/WP\/wp-content\/uploads\/2014\/11\/Picto2-e1466277268379.gif\" \/>\n<meta name=\"twitter:card\" content=\"summary_large_image\" \/>\n<meta name=\"twitter:label1\" content=\"Dur\u00e9e de lecture estim\u00e9e\" \/>\n\t<meta name=\"twitter:data1\" content=\"2 minutes\" \/>\n<script type=\"application\/ld+json\" class=\"yoast-schema-graph\">{\"@context\":\"https:\\\/\\\/schema.org\",\"@graph\":[{\"@type\":\"WebPage\",\"@id\":\"http:\\\/\\\/www.creastro.fr\\\/WP\\\/consultation\\\/synastrie\\\/\",\"url\":\"http:\\\/\\\/www.creastro.fr\\\/WP\\\/consultation\\\/synastrie\\\/\",\"name\":\"La Synastrie - creastro\",\"isPartOf\":{\"@id\":\"https:\\\/\\\/www.creastro.fr\\\/WP\\\/#website\"},\"primaryImageOfPage\":{\"@id\":\"http:\\\/\\\/www.creastro.fr\\\/WP\\\/consultation\\\/synastrie\\\/#primaryimage\"},\"image\":{\"@id\":\"http:\\\/\\\/www.creastro.fr\\\/WP\\\/consultation\\\/synastrie\\\/#primaryimage\"},\"thumbnailUrl\":\"http:\\\/\\\/www.creastro.fr\\\/WP\\\/wp-content\\\/uploads\\\/2014\\\/11\\\/Picto2-e1466277268379.gif\",\"datePublished\":\"2014-04-04T18:03:38+00:00\",\"dateModified\":\"2024-09-09T08:20:19+00:00\",\"breadcrumb\":{\"@id\":\"http:\\\/\\\/www.creastro.fr\\\/WP\\\/consultation\\\/synastrie\\\/#breadcrumb\"},\"inLanguage\":\"fr-FR\",\"potentialAction\":[{\"@type\":\"ReadAction\",\"target\":[\"http:\\\/\\\/www.creastro.fr\\\/WP\\\/consultation\\\/synastrie\\\/\"]}]},{\"@type\":\"ImageObject\",\"inLanguage\":\"fr-FR\",\"@id\":\"http:\\\/\\\/www.creastro.fr\\\/WP\\\/consultation\\\/synastrie\\\/#primaryimage\",\"url\":\"https:\\\/\\\/www.creastro.fr\\\/WP\\\/wp-content\\\/uploads\\\/2014\\\/11\\\/Picto2-e1466277268379.gif\",\"contentUrl\":\"https:\\\/\\\/www.creastro.fr\\\/WP\\\/wp-content\\\/uploads\\\/2014\\\/11\\\/Picto2-e1466277268379.gif\",\"width\":45,\"height\":45},{\"@type\":\"BreadcrumbList\",\"@id\":\"http:\\\/\\\/www.creastro.fr\\\/WP\\\/consultation\\\/synastrie\\\/#breadcrumb\",\"itemListElement\":[{\"@type\":\"ListItem\",\"position\":1,\"name\":\"Accueil\",\"item\":\"https:\\\/\\\/www.creastro.fr\\\/WP\\\/\"},{\"@type\":\"ListItem\",\"position\":2,\"name\":\"Consultation\",\"item\":\"https:\\\/\\\/www.creastro.fr\\\/WP\\\/consultation\\\/\"},{\"@type\":\"ListItem\",\"position\":3,\"name\":\"La Synastrie\"}]},{\"@type\":\"WebSite\",\"@id\":\"https:\\\/\\\/www.creastro.fr\\\/WP\\\/#website\",\"url\":\"https:\\\/\\\/www.creastro.fr\\\/WP\\\/\",\"name\":\"creastro\",\"description\":\"L&#039;astrologie comme outil de connaissance de soi, participe \u00e0 mettre l&#039;\u00catre debout dans l&#039;univers\u2026\",\"potentialAction\":[{\"@type\":\"SearchAction\",\"target\":{\"@type\":\"EntryPoint\",\"urlTemplate\":\"https:\\\/\\\/www.creastro.fr\\\/WP\\\/?s={search_term_string}\"},\"query-input\":{\"@type\":\"PropertyValueSpecification\",\"valueRequired\":true,\"valueName\":\"search_term_string\"}}],\"inLanguage\":\"fr-FR\"}]}<\/script>\n<!-- \/ Yoast SEO plugin. -->","yoast_head_json":{"title":"La Synastrie - creastro","robots":{"index":"index","follow":"follow","max-snippet":"max-snippet:-1","max-image-preview":"max-image-preview:large","max-video-preview":"max-video-preview:-1"},"canonical":"http:\/\/www.creastro.fr\/WP\/consultation\/synastrie\/","og_locale":"fr_FR","og_type":"article","og_title":"La Synastrie - creastro","og_url":"http:\/\/www.creastro.fr\/WP\/consultation\/synastrie\/","og_site_name":"creastro","article_modified_time":"2024-09-09T08:20:19+00:00","og_image":[{"url":"http:\/\/www.creastro.fr\/WP\/wp-content\/uploads\/2014\/11\/Picto2-e1466277268379.gif","type":"","width":"","height":""}],"twitter_card":"summary_large_image","twitter_misc":{"Dur\u00e9e de lecture estim\u00e9e":"2 minutes"},"schema":{"@context":"https:\/\/schema.org","@graph":[{"@type":"WebPage","@id":"http:\/\/www.creastro.fr\/WP\/consultation\/synastrie\/","url":"http:\/\/www.creastro.fr\/WP\/consultation\/synastrie\/","name":"La Synastrie - creastro","isPartOf":{"@id":"https:\/\/www.creastro.fr\/WP\/#website"},"primaryImageOfPage":{"@id":"http:\/\/www.creastro.fr\/WP\/consultation\/synastrie\/#primaryimage"},"image":{"@id":"http:\/\/www.creastro.fr\/WP\/consultation\/synastrie\/#primaryimage"},"thumbnailUrl":"http:\/\/www.creastro.fr\/WP\/wp-content\/uploads\/2014\/11\/Picto2-e1466277268379.gif","datePublished":"2014-04-04T18:03:38+00:00","dateModified":"2024-09-09T08:20:19+00:00","breadcrumb":{"@id":"http:\/\/www.creastro.fr\/WP\/consultation\/synastrie\/#breadcrumb"},"inLanguage":"fr-FR","potentialAction":[{"@type":"ReadAction","target":["http:\/\/www.creastro.fr\/WP\/consultation\/synastrie\/"]}]},{"@type":"ImageObject","inLanguage":"fr-FR","@id":"http:\/\/www.creastro.fr\/WP\/consultation\/synastrie\/#primaryimage","url":"https:\/\/www.creastro.fr\/WP\/wp-content\/uploads\/2014\/11\/Picto2-e1466277268379.gif","contentUrl":"https:\/\/www.creastro.fr\/WP\/wp-content\/uploads\/2014\/11\/Picto2-e1466277268379.gif","width":45,"height":45},{"@type":"BreadcrumbList","@id":"http:\/\/www.creastro.fr\/WP\/consultation\/synastrie\/#breadcrumb","itemListElement":[{"@type":"ListItem","position":1,"name":"Accueil","item":"https:\/\/www.creastro.fr\/WP\/"},{"@type":"ListItem","position":2,"name":"Consultation","item":"https:\/\/www.creastro.fr\/WP\/consultation\/"},{"@type":"ListItem","position":3,"name":"La Synastrie"}]},{"@type":"WebSite","@id":"https:\/\/www.creastro.fr\/WP\/#website","url":"https:\/\/www.creastro.fr\/WP\/","name":"creastro","description":"L&#039;astrologie comme outil de connaissance de soi, participe \u00e0 mettre l&#039;\u00catre debout dans l&#039;univers\u2026","potentialAction":[{"@type":"SearchAction","target":{"@type":"EntryPoint","urlTemplate":"https:\/\/www.creastro.fr\/WP\/?s={search_term_string}"},"query-input":{"@type":"PropertyValueSpecification","valueRequired":true,"valueName":"search_term_string"}}],"inLanguage":"fr-FR"}]}},"_links":{"self":[{"href":"https:\/\/www.creastro.fr\/WP\/wp-json\/wp\/v2\/pages\/108","targetHints":{"allow":["GET"]}}],"collection":[{"href":"https:\/\/www.creastro.fr\/WP\/wp-json\/wp\/v2\/pages"}],"about":[{"href":"https:\/\/www.creastro.fr\/WP\/wp-json\/wp\/v2\/types\/page"}],"author":[{"embeddable":true,"href":"https:\/\/www.creastro.fr\/WP\/wp-json\/wp\/v2\/users\/1"}],"replies":[{"embeddable":true,"href":"https:\/\/www.creastro.fr\/WP\/wp-json\/wp\/v2\/comments?post=108"}],"version-history":[{"count":1,"href":"https:\/\/www.creastro.fr\/WP\/wp-json\/wp\/v2\/pages\/108\/revisions"}],"predecessor-version":[{"id":6816,"href":"https:\/\/www.creastro.fr\/WP\/wp-json\/wp\/v2\/pages\/108\/revisions\/6816"}],"up":[{"embeddable":true,"href":"https:\/\/www.creastro.fr\/WP\/wp-json\/wp\/v2\/pages\/27"}],"wp:attachment":[{"href":"https:\/\/www.creastro.fr\/WP\/wp-json\/wp\/v2\/media?parent=108"}],"curies":[{"name":"wp","href":"https:\/\/api.w.org\/{rel}","templated":true}]}}